{"id":1504,"date":"2022-04-06T12:18:53","date_gmt":"2022-04-06T10:18:53","guid":{"rendered":"http:\/\/s1003288360.mialojamiento.es\/?page_id=1504"},"modified":"2022-04-06T12:18:54","modified_gmt":"2022-04-06T10:18:54","slug":"pediatria-terrassa","status":"publish","type":"page","link":"https:\/\/centromediconayade.com\/es\/especialidades-medicas\/pediatria-terrassa\/","title":{"rendered":"Pediatr\u00eda"},"content":{"rendered":"<div class=\"wpb-content-wrapper\">[vc_row css_animation=\u00bb\u00bb row_type=\u00bbrow\u00bb use_row_as_full_screen_section=\u00bbno\u00bb type=\u00bbgrid\u00bb angled_section=\u00bbno\u00bb text_align=\u00bbleft\u00bb background_image_as_pattern=\u00bbwithout_pattern\u00bb z_index=\u00bb\u00bb el_class=\u00bbpagespecontainer\u00bb][vc_column][vc_row_inner row_type=\u00bbrow\u00bb type=\u00bbfull_width\u00bb text_align=\u00bbleft\u00bb css_animation=\u00bb\u00bb el_class=\u00bbpagespecontent\u00bb][vc_column_inner width=\u00bb1\/5&#8243;][vc_widget_sidebar sidebar_id=\u00bbvertical_menu_area\u00bb el_class=\u00bbespesubmenu1&#8243;][\/vc_column_inner][vc_column_inner el_class=\u00bbespemidcol1&#8243; width=\u00bb2\/5&#8243;][vc_column_text el_class=\u00bbespesubtit1 espesubtit1h2&#8243;]\n<h2>Priorizamos la prevenci\u00f3n y el control<\/h2>\n<p>de la evoluci\u00f3n de las enfermedades[\/vc_column_text][vc_column_text]Cuidamos la salud de los ni\u00f1os y ni\u00f1as desde su nacimiento hasta la adolescencia, para que crezcan sanos y fuertes.<\/p>\n<p>Nuestro equipo de pediatr\u00eda detecta y trata las enfermedades que pueden surgir en esta etapa, detectando las causas que las han provocado y ofreciendo el mejor tratamiento. Adem\u00e1s, el objetivo de nuestros especialistas en pediatr\u00eda es realizar el diagn\u00f3stico m\u00e1s preciso para prevenir la aparici\u00f3n de nuevas enfermedades y controlar la evoluci\u00f3n de todas ellas.<\/p>\n<p>Ofrecemos una atenci\u00f3n cercana y personalizada, en un entorno de confianza y con la \u00faltima tecnolog\u00eda.[\/vc_column_text][vc_column_text el_class=\u00bbespefirma1&#8243;][\/vc_column_text][\/vc_column_inner][vc_column_inner el_class=\u00bbespemidcol2&#8243; width=\u00bb2\/5&#8243;][vc_single_image image=\u00bb1502&#8243; img_size=\u00bbfull\u00bb alignment=\u00bbright\u00bb qode_css_animation=\u00bb\u00bb][vc_single_image image=\u00bb1500&#8243; img_size=\u00bbfull\u00bb alignment=\u00bbright\u00bb qode_css_animation=\u00bb\u00bb][\/vc_column_inner][\/vc_row_inner][\/vc_column][\/vc_row]\n<\/div>","protected":false},"excerpt":{"rendered":"<p>[vc_row css_animation=\u00bb\u00bb row_type=\u00bbrow\u00bb use_row_as_full_screen_section=\u00bbno\u00bb type=\u00bbgrid\u00bb angled_section=\u00bbno\u00bb text_align=\u00bbleft\u00bb background_image_as_pattern=\u00bbwithout_pattern\u00bb z_index=\u00bb\u00bb el_class=\u00bbpagespecontainer\u00bb][vc_column][vc_row_inner row_type=\u00bbrow\u00bb type=\u00bbfull_width\u00bb text_align=\u00bbleft\u00bb css_animation=\u00bb\u00bb el_class=\u00bbpagespecontent\u00bb][vc_column_inner width=\u00bb1\/5&#8243;][vc_widget_sidebar sidebar_id=\u00bbvertical_menu_area\u00bb el_class=\u00bbespesubmenu1&#8243;][\/vc_column_inner][vc_column_inner el_class=\u00bbespemidcol1&#8243; width=\u00bb2\/5&#8243;][vc_column_text el_class=\u00bbespesubtit1 espesubtit1h2&#8243;] Priorizamos la prevenci\u00f3n y el control de la evoluci\u00f3n de las enfermedades[\/vc_column_text][vc_column_text]Cuidamos la salud de los ni\u00f1os y ni\u00f1as desde su nacimiento hasta&#8230;<\/p>\n","protected":false},"author":1,"featured_media":1500,"parent":343,"menu_order":16,"comment_status":"closed","ping_status":"closed","template":"","meta":{"_acf_changed":false,"inline_featured_image":false,"footnotes":""},"acf":[],"yoast_head":"<!-- This site is optimized with the Yoast SEO plugin v23.1 - https:\/\/yoast.com\/wordpress\/plugins\/seo\/ -->\n<title>Pediatr\u00eda en Terrassa &#8211; Centro m\u00e9dico N\u00e1yade<\/title>\n<meta name=\"description\" content=\"Centro m\u00e9dico N\u00e1yade. Especialidad Pediatr\u00eda. Cuidamos la salud de los ni\u00f1os y ni\u00f1as desde su nacimiento hasta la adolescencia, para que...\" \/>\n<meta name=\"robots\" content=\"index, follow, max-snippet:-1, max-image-preview:large, max-video-preview:-1\" \/>\n<link rel=\"canonical\" href=\"https:\/\/centromediconayade.com\/es\/especialidades-medicas\/pediatria-terrassa\/\" \/>\n<meta property=\"og:locale\" content=\"es_ES\" \/>\n<meta property=\"og:type\" content=\"article\" \/>\n<meta property=\"og:title\" content=\"Pediatr\u00eda en Terrassa &#8211; Centro m\u00e9dico N\u00e1yade\" \/>\n<meta property=\"og:description\" content=\"Centro m\u00e9dico N\u00e1yade. Especialidad Pediatr\u00eda. Cuidamos la salud de los ni\u00f1os y ni\u00f1as desde su nacimiento hasta la adolescencia, para que...\" \/>\n<meta property=\"og:url\" content=\"https:\/\/centromediconayade.com\/es\/especialidades-medicas\/pediatria-terrassa\/\" \/>\n<meta property=\"og:site_name\" content=\"Centro m\u00e9dico N\u00e1yade\" \/>\n<meta property=\"article:modified_time\" content=\"2022-04-06T10:18:54+00:00\" \/>\n<meta property=\"og:image\" content=\"https:\/\/centromediconayade.com\/wp-content\/uploads\/2022\/04\/pediatria-terrassa-nayade-es2.jpg\" \/>\n\t<meta property=\"og:image:width\" content=\"800\" \/>\n\t<meta property=\"og:image:height\" content=\"532\" \/>\n\t<meta property=\"og:image:type\" content=\"image\/jpeg\" \/>\n<meta name=\"twitter:card\" content=\"summary_large_image\" \/>\n<meta name=\"twitter:label1\" content=\"Tiempo de lectura\" \/>\n\t<meta name=\"twitter:data1\" content=\"1 minuto\" \/>\n<script type=\"application\/ld+json\" class=\"yoast-schema-graph\">{\"@context\":\"https:\/\/schema.org\",\"@graph\":[{\"@type\":\"WebPage\",\"@id\":\"https:\/\/centromediconayade.com\/es\/especialidades-medicas\/pediatria-terrassa\/\",\"url\":\"https:\/\/centromediconayade.com\/es\/especialidades-medicas\/pediatria-terrassa\/\",\"name\":\"Pediatr\u00eda en Terrassa &#8211; Centro m\u00e9dico N\u00e1yade\",\"isPartOf\":{\"@id\":\"https:\/\/centromediconayade.com\/es\/#website\"},\"primaryImageOfPage\":{\"@id\":\"https:\/\/centromediconayade.com\/es\/especialidades-medicas\/pediatria-terrassa\/#primaryimage\"},\"image\":{\"@id\":\"https:\/\/centromediconayade.com\/es\/especialidades-medicas\/pediatria-terrassa\/#primaryimage\"},\"thumbnailUrl\":\"https:\/\/centromediconayade.com\/wp-content\/uploads\/2022\/04\/pediatria-terrassa-nayade-es2.jpg\",\"datePublished\":\"2022-04-06T10:18:53+00:00\",\"dateModified\":\"2022-04-06T10:18:54+00:00\",\"description\":\"Centro m\u00e9dico N\u00e1yade. Especialidad Pediatr\u00eda. Cuidamos la salud de los ni\u00f1os y ni\u00f1as desde su nacimiento hasta la adolescencia, para que...\",\"breadcrumb\":{\"@id\":\"https:\/\/centromediconayade.com\/es\/especialidades-medicas\/pediatria-terrassa\/#breadcrumb\"},\"inLanguage\":\"es\",\"potentialAction\":[{\"@type\":\"ReadAction\",\"target\":[\"https:\/\/centromediconayade.com\/es\/especialidades-medicas\/pediatria-terrassa\/\"]}]},{\"@type\":\"ImageObject\",\"inLanguage\":\"es\",\"@id\":\"https:\/\/centromediconayade.com\/es\/especialidades-medicas\/pediatria-terrassa\/#primaryimage\",\"url\":\"https:\/\/centromediconayade.com\/wp-content\/uploads\/2022\/04\/pediatria-terrassa-nayade-es2.jpg\",\"contentUrl\":\"https:\/\/centromediconayade.com\/wp-content\/uploads\/2022\/04\/pediatria-terrassa-nayade-es2.jpg\",\"width\":800,\"height\":532,\"caption\":\"Especialitat Pediatria a Terrassa, Centre m\u00e8dic N\u00e1yade\"},{\"@type\":\"BreadcrumbList\",\"@id\":\"https:\/\/centromediconayade.com\/es\/especialidades-medicas\/pediatria-terrassa\/#breadcrumb\",\"itemListElement\":[{\"@type\":\"ListItem\",\"position\":1,\"name\":\"Inicio\",\"item\":\"https:\/\/centromediconayade.com\/es\/\"},{\"@type\":\"ListItem\",\"position\":2,\"name\":\"Especialidades m\u00e9dicas\",\"item\":\"https:\/\/centromediconayade.com\/es\/especialidades-medicas\/\"},{\"@type\":\"ListItem\",\"position\":3,\"name\":\"Pediatr\u00eda\"}]},{\"@type\":\"WebSite\",\"@id\":\"https:\/\/centromediconayade.com\/es\/#website\",\"url\":\"https:\/\/centromediconayade.com\/es\/\",\"name\":\"Centro m\u00e9dico N\u00e1yade\",\"description\":\"\",\"publisher\":{\"@id\":\"https:\/\/centromediconayade.com\/es\/#organization\"},\"potentialAction\":[{\"@type\":\"SearchAction\",\"target\":{\"@type\":\"EntryPoint\",\"urlTemplate\":\"https:\/\/centromediconayade.com\/es\/?s={search_term_string}\"},\"query-input\":\"required name=search_term_string\"}],\"inLanguage\":\"es\"},{\"@type\":\"Organization\",\"@id\":\"https:\/\/centromediconayade.com\/es\/#organization\",\"name\":\"Centro m\u00e9dico N\u00e1yade\",\"url\":\"https:\/\/centromediconayade.com\/es\/\",\"logo\":{\"@type\":\"ImageObject\",\"inLanguage\":\"es\",\"@id\":\"https:\/\/centromediconayade.com\/es\/#\/schema\/logo\/image\/\",\"url\":\"http:\/\/s1003288360.mialojamiento.es\/wp-content\/uploads\/2021\/12\/centre-medic-nayade-tl1.png\",\"contentUrl\":\"http:\/\/s1003288360.mialojamiento.es\/wp-content\/uploads\/2021\/12\/centre-medic-nayade-tl1.png\",\"width\":360,\"height\":108,\"caption\":\"Centro m\u00e9dico N\u00e1yade\"},\"image\":{\"@id\":\"https:\/\/centromediconayade.com\/es\/#\/schema\/logo\/image\/\"}}]}<\/script>\n<!-- \/ Yoast SEO plugin. -->","yoast_head_json":{"title":"Pediatr\u00eda en Terrassa &#8211; Centro m\u00e9dico N\u00e1yade","description":"Centro m\u00e9dico N\u00e1yade. Especialidad Pediatr\u00eda. Cuidamos la salud de los ni\u00f1os y ni\u00f1as desde su nacimiento hasta la adolescencia, para que...","robots":{"index":"index","follow":"follow","max-snippet":"max-snippet:-1","max-image-preview":"max-image-preview:large","max-video-preview":"max-video-preview:-1"},"canonical":"https:\/\/centromediconayade.com\/es\/especialidades-medicas\/pediatria-terrassa\/","og_locale":"es_ES","og_type":"article","og_title":"Pediatr\u00eda en Terrassa &#8211; Centro m\u00e9dico N\u00e1yade","og_description":"Centro m\u00e9dico N\u00e1yade. Especialidad Pediatr\u00eda. Cuidamos la salud de los ni\u00f1os y ni\u00f1as desde su nacimiento hasta la adolescencia, para que...","og_url":"https:\/\/centromediconayade.com\/es\/especialidades-medicas\/pediatria-terrassa\/","og_site_name":"Centro m\u00e9dico N\u00e1yade","article_modified_time":"2022-04-06T10:18:54+00:00","og_image":[{"width":800,"height":532,"url":"https:\/\/centromediconayade.com\/wp-content\/uploads\/2022\/04\/pediatria-terrassa-nayade-es2.jpg","type":"image\/jpeg"}],"twitter_card":"summary_large_image","twitter_misc":{"Tiempo de lectura":"1 minuto"},"schema":{"@context":"https:\/\/schema.org","@graph":[{"@type":"WebPage","@id":"https:\/\/centromediconayade.com\/es\/especialidades-medicas\/pediatria-terrassa\/","url":"https:\/\/centromediconayade.com\/es\/especialidades-medicas\/pediatria-terrassa\/","name":"Pediatr\u00eda en Terrassa &#8211; Centro m\u00e9dico N\u00e1yade","isPartOf":{"@id":"https:\/\/centromediconayade.com\/es\/#website"},"primaryImageOfPage":{"@id":"https:\/\/centromediconayade.com\/es\/especialidades-medicas\/pediatria-terrassa\/#primaryimage"},"image":{"@id":"https:\/\/centromediconayade.com\/es\/especialidades-medicas\/pediatria-terrassa\/#primaryimage"},"thumbnailUrl":"https:\/\/centromediconayade.com\/wp-content\/uploads\/2022\/04\/pediatria-terrassa-nayade-es2.jpg","datePublished":"2022-04-06T10:18:53+00:00","dateModified":"2022-04-06T10:18:54+00:00","description":"Centro m\u00e9dico N\u00e1yade. Especialidad Pediatr\u00eda. Cuidamos la salud de los ni\u00f1os y ni\u00f1as desde su nacimiento hasta la adolescencia, para que...","breadcrumb":{"@id":"https:\/\/centromediconayade.com\/es\/especialidades-medicas\/pediatria-terrassa\/#breadcrumb"},"inLanguage":"es","potentialAction":[{"@type":"ReadAction","target":["https:\/\/centromediconayade.com\/es\/especialidades-medicas\/pediatria-terrassa\/"]}]},{"@type":"ImageObject","inLanguage":"es","@id":"https:\/\/centromediconayade.com\/es\/especialidades-medicas\/pediatria-terrassa\/#primaryimage","url":"https:\/\/centromediconayade.com\/wp-content\/uploads\/2022\/04\/pediatria-terrassa-nayade-es2.jpg","contentUrl":"https:\/\/centromediconayade.com\/wp-content\/uploads\/2022\/04\/pediatria-terrassa-nayade-es2.jpg","width":800,"height":532,"caption":"Especialitat Pediatria a Terrassa, Centre m\u00e8dic N\u00e1yade"},{"@type":"BreadcrumbList","@id":"https:\/\/centromediconayade.com\/es\/especialidades-medicas\/pediatria-terrassa\/#breadcrumb","itemListElement":[{"@type":"ListItem","position":1,"name":"Inicio","item":"https:\/\/centromediconayade.com\/es\/"},{"@type":"ListItem","position":2,"name":"Especialidades m\u00e9dicas","item":"https:\/\/centromediconayade.com\/es\/especialidades-medicas\/"},{"@type":"ListItem","position":3,"name":"Pediatr\u00eda"}]},{"@type":"WebSite","@id":"https:\/\/centromediconayade.com\/es\/#website","url":"https:\/\/centromediconayade.com\/es\/","name":"Centro m\u00e9dico N\u00e1yade","description":"","publisher":{"@id":"https:\/\/centromediconayade.com\/es\/#organization"},"potentialAction":[{"@type":"SearchAction","target":{"@type":"EntryPoint","urlTemplate":"https:\/\/centromediconayade.com\/es\/?s={search_term_string}"},"query-input":"required name=search_term_string"}],"inLanguage":"es"},{"@type":"Organization","@id":"https:\/\/centromediconayade.com\/es\/#organization","name":"Centro m\u00e9dico N\u00e1yade","url":"https:\/\/centromediconayade.com\/es\/","logo":{"@type":"ImageObject","inLanguage":"es","@id":"https:\/\/centromediconayade.com\/es\/#\/schema\/logo\/image\/","url":"http:\/\/s1003288360.mialojamiento.es\/wp-content\/uploads\/2021\/12\/centre-medic-nayade-tl1.png","contentUrl":"http:\/\/s1003288360.mialojamiento.es\/wp-content\/uploads\/2021\/12\/centre-medic-nayade-tl1.png","width":360,"height":108,"caption":"Centro m\u00e9dico N\u00e1yade"},"image":{"@id":"https:\/\/centromediconayade.com\/es\/#\/schema\/logo\/image\/"}}]}},"_links":{"self":[{"href":"https:\/\/centromediconayade.com\/es\/wp-json\/wp\/v2\/pages\/1504"}],"collection":[{"href":"https:\/\/centromediconayade.com\/es\/wp-json\/wp\/v2\/pages"}],"about":[{"href":"https:\/\/centromediconayade.com\/es\/wp-json\/wp\/v2\/types\/page"}],"author":[{"embeddable":true,"href":"https:\/\/centromediconayade.com\/es\/wp-json\/wp\/v2\/users\/1"}],"replies":[{"embeddable":true,"href":"https:\/\/centromediconayade.com\/es\/wp-json\/wp\/v2\/comments?post=1504"}],"version-history":[{"count":4,"href":"https:\/\/centromediconayade.com\/es\/wp-json\/wp\/v2\/pages\/1504\/revisions"}],"predecessor-version":[{"id":1514,"href":"https:\/\/centromediconayade.com\/es\/wp-json\/wp\/v2\/pages\/1504\/revisions\/1514"}],"up":[{"embeddable":true,"href":"https:\/\/centromediconayade.com\/es\/wp-json\/wp\/v2\/pages\/343"}],"wp:featuredmedia":[{"embeddable":true,"href":"https:\/\/centromediconayade.com\/es\/wp-json\/wp\/v2\/media\/1500"}],"wp:attachment":[{"href":"https:\/\/centromediconayade.com\/es\/wp-json\/wp\/v2\/media?parent=1504"}],"curies":[{"name":"wp","href":"https:\/\/api.w.org\/{rel}","templated":true}]}}