{"id":353,"date":"2021-12-23T13:59:38","date_gmt":"2021-12-23T12:59:38","guid":{"rendered":"https:\/\/nayade.publitesa.es\/?page_id=353"},"modified":"2022-04-05T12:13:31","modified_gmt":"2022-04-05T10:13:31","slug":"nutricion-terrassa","status":"publish","type":"page","link":"https:\/\/centromediconayade.com\/es\/especialidades-medicas\/nutricion-terrassa\/","title":{"rendered":"Nutrici\u00f3n"},"content":{"rendered":"<div class=\"wpb-content-wrapper\">[vc_row css_animation=\u00bb\u00bb row_type=\u00bbrow\u00bb use_row_as_full_screen_section=\u00bbno\u00bb type=\u00bbgrid\u00bb angled_section=\u00bbno\u00bb text_align=\u00bbleft\u00bb background_image_as_pattern=\u00bbwithout_pattern\u00bb z_index=\u00bb\u00bb el_class=\u00bbpagespecontainer\u00bb][vc_column][vc_row_inner row_type=\u00bbrow\u00bb type=\u00bbfull_width\u00bb text_align=\u00bbleft\u00bb css_animation=\u00bb\u00bb el_class=\u00bbpagespecontent\u00bb][vc_column_inner width=\u00bb1\/5&#8243;][vc_widget_sidebar sidebar_id=\u00bbvertical_menu_area\u00bb el_class=\u00bbespesubmenu1&#8243;][\/vc_column_inner][vc_column_inner el_class=\u00bbespemidcol1&#8243; width=\u00bb2\/5&#8243;][vc_column_text el_class=\u00bbespesubtit1 espesubtit1h2&#8243;]Una buena<\/p>\n<h2>alimentaci\u00f3n sana y equilibrada<\/h2>\n<p>, es clave para disfrutar de la mejor salud y bienestar en nuestro organismo.[\/vc_column_text][vc_column_text]Una buena alimentaci\u00f3n, sana y equilibrada, es clave para disfrutar de la mejor salud y bienestar en nuestro organismo.<\/p>\n<p>Nuestros nutricionistas realizan una valoraci\u00f3n del estado nutricional y analizan los h\u00e1bitos alimenticios del paciente a trav\u00e9s de una entrevista diet\u00e9tica. Con los resultados, se marcan los objetivos adaptados a las necesidades de cada paciente para modificar sus h\u00e1bitos y ayudarles a conseguir una alimentaci\u00f3n y estilo de vida m\u00e1s saludables.<\/p>\n<h4>\u00bfA qui\u00e9n va dirigida?<\/h4>\n<ul>\n<li>Personas sanas que quieran mejorar su alimentaci\u00f3n<\/li>\n<li>Personas con alteraciones o patolog\u00edas como la diabetes, el colesterol, la hipertensi\u00f3n, el sobrepeso y las alergias, entre otras<\/li>\n<li>Personas en diferentes etapas de la vida: crecimiento, embarazo, menopausia o tercera edad<\/li>\n<\/ul>\n[\/vc_column_text][vc_column_text el_class=\u00bbespefirma1&#8243;]Dra. Sonia Carrera[\/vc_column_text][\/vc_column_inner][vc_column_inner el_class=\u00bbespemidcol2&#8243; width=\u00bb2\/5&#8243;][vc_single_image image=\u00bb466&#8243; img_size=\u00bbfull\u00bb alignment=\u00bbright\u00bb qode_css_animation=\u00bb\u00bb][vc_single_image image=\u00bb468&#8243; img_size=\u00bbfull\u00bb alignment=\u00bbright\u00bb qode_css_animation=\u00bb\u00bb][\/vc_column_inner][\/vc_row_inner][\/vc_column][\/vc_row]\n<\/div>","protected":false},"excerpt":{"rendered":"<p>[vc_row css_animation=\u00bb\u00bb row_type=\u00bbrow\u00bb use_row_as_full_screen_section=\u00bbno\u00bb type=\u00bbgrid\u00bb angled_section=\u00bbno\u00bb text_align=\u00bbleft\u00bb background_image_as_pattern=\u00bbwithout_pattern\u00bb z_index=\u00bb\u00bb el_class=\u00bbpagespecontainer\u00bb][vc_column][vc_row_inner row_type=\u00bbrow\u00bb type=\u00bbfull_width\u00bb text_align=\u00bbleft\u00bb css_animation=\u00bb\u00bb el_class=\u00bbpagespecontent\u00bb][vc_column_inner width=\u00bb1\/5&#8243;][vc_widget_sidebar sidebar_id=\u00bbvertical_menu_area\u00bb el_class=\u00bbespesubmenu1&#8243;][\/vc_column_inner][vc_column_inner el_class=\u00bbespemidcol1&#8243; width=\u00bb2\/5&#8243;][vc_column_text el_class=\u00bbespesubtit1 espesubtit1h2&#8243;]Una buena alimentaci\u00f3n sana y equilibrada , es clave para disfrutar de la mejor salud y bienestar en nuestro organismo.[\/vc_column_text][vc_column_text]Una buena alimentaci\u00f3n, sana y&#8230;<\/p>\n","protected":false},"author":1,"featured_media":466,"parent":343,"menu_order":14,"comment_status":"closed","ping_status":"closed","template":"","meta":{"_acf_changed":false,"inline_featured_image":false,"footnotes":""},"acf":[],"yoast_head":"<!-- This site is optimized with the Yoast SEO plugin v23.1 - https:\/\/yoast.com\/wordpress\/plugins\/seo\/ -->\n<title>Nutrici\u00f3n en Terrassa &#8211; Centro m\u00e9dico N\u00e1yade<\/title>\n<meta name=\"description\" content=\"Centro m\u00e9dico N\u00e1yade. Especialidad Nutrici\u00f3n. Una buena alimentaci\u00f3n, sana y equilibrada, es clave para disfrutar de la mejor salud y bienestar en...\" \/>\n<meta name=\"robots\" content=\"index, follow, max-snippet:-1, max-image-preview:large, max-video-preview:-1\" \/>\n<link rel=\"canonical\" href=\"https:\/\/centromediconayade.com\/es\/especialidades-medicas\/nutricion-terrassa\/\" \/>\n<meta property=\"og:locale\" content=\"es_ES\" \/>\n<meta property=\"og:type\" content=\"article\" \/>\n<meta property=\"og:title\" content=\"Nutrici\u00f3n en Terrassa &#8211; Centro m\u00e9dico N\u00e1yade\" \/>\n<meta property=\"og:description\" content=\"Centro m\u00e9dico N\u00e1yade. Especialidad Nutrici\u00f3n. Una buena alimentaci\u00f3n, sana y equilibrada, es clave para disfrutar de la mejor salud y bienestar en...\" \/>\n<meta property=\"og:url\" content=\"https:\/\/centromediconayade.com\/es\/especialidades-medicas\/nutricion-terrassa\/\" \/>\n<meta property=\"og:site_name\" content=\"Centro m\u00e9dico N\u00e1yade\" \/>\n<meta property=\"article:modified_time\" content=\"2022-04-05T10:13:31+00:00\" \/>\n<meta property=\"og:image\" content=\"https:\/\/centromediconayade.com\/wp-content\/uploads\/2021\/12\/nutricio-terrassa-nayade-es1.jpg\" \/>\n\t<meta property=\"og:image:width\" content=\"800\" \/>\n\t<meta property=\"og:image:height\" content=\"532\" \/>\n\t<meta property=\"og:image:type\" content=\"image\/jpeg\" \/>\n<meta name=\"twitter:card\" content=\"summary_large_image\" \/>\n<meta name=\"twitter:label1\" content=\"Tiempo de lectura\" \/>\n\t<meta name=\"twitter:data1\" content=\"1 minuto\" \/>\n<script type=\"application\/ld+json\" class=\"yoast-schema-graph\">{\"@context\":\"https:\/\/schema.org\",\"@graph\":[{\"@type\":\"WebPage\",\"@id\":\"https:\/\/centromediconayade.com\/es\/especialidades-medicas\/nutricion-terrassa\/\",\"url\":\"https:\/\/centromediconayade.com\/es\/especialidades-medicas\/nutricion-terrassa\/\",\"name\":\"Nutrici\u00f3n en Terrassa &#8211; Centro m\u00e9dico N\u00e1yade\",\"isPartOf\":{\"@id\":\"https:\/\/centromediconayade.com\/es\/#website\"},\"primaryImageOfPage\":{\"@id\":\"https:\/\/centromediconayade.com\/es\/especialidades-medicas\/nutricion-terrassa\/#primaryimage\"},\"image\":{\"@id\":\"https:\/\/centromediconayade.com\/es\/especialidades-medicas\/nutricion-terrassa\/#primaryimage\"},\"thumbnailUrl\":\"https:\/\/centromediconayade.com\/wp-content\/uploads\/2021\/12\/nutricio-terrassa-nayade-es1.jpg\",\"datePublished\":\"2021-12-23T12:59:38+00:00\",\"dateModified\":\"2022-04-05T10:13:31+00:00\",\"description\":\"Centro m\u00e9dico N\u00e1yade. Especialidad Nutrici\u00f3n. Una buena alimentaci\u00f3n, sana y equilibrada, es clave para disfrutar de la mejor salud y bienestar en...\",\"breadcrumb\":{\"@id\":\"https:\/\/centromediconayade.com\/es\/especialidades-medicas\/nutricion-terrassa\/#breadcrumb\"},\"inLanguage\":\"es\",\"potentialAction\":[{\"@type\":\"ReadAction\",\"target\":[\"https:\/\/centromediconayade.com\/es\/especialidades-medicas\/nutricion-terrassa\/\"]}]},{\"@type\":\"ImageObject\",\"inLanguage\":\"es\",\"@id\":\"https:\/\/centromediconayade.com\/es\/especialidades-medicas\/nutricion-terrassa\/#primaryimage\",\"url\":\"https:\/\/centromediconayade.com\/wp-content\/uploads\/2021\/12\/nutricio-terrassa-nayade-es1.jpg\",\"contentUrl\":\"https:\/\/centromediconayade.com\/wp-content\/uploads\/2021\/12\/nutricio-terrassa-nayade-es1.jpg\",\"width\":800,\"height\":532,\"caption\":\"Especialitat Nutrici\u00f3 a Terrassa, Centre m\u00e8dic N\u00e1yade\"},{\"@type\":\"BreadcrumbList\",\"@id\":\"https:\/\/centromediconayade.com\/es\/especialidades-medicas\/nutricion-terrassa\/#breadcrumb\",\"itemListElement\":[{\"@type\":\"ListItem\",\"position\":1,\"name\":\"Inicio\",\"item\":\"https:\/\/centromediconayade.com\/es\/\"},{\"@type\":\"ListItem\",\"position\":2,\"name\":\"Especialidades m\u00e9dicas\",\"item\":\"https:\/\/centromediconayade.com\/es\/especialidades-medicas\/\"},{\"@type\":\"ListItem\",\"position\":3,\"name\":\"Nutrici\u00f3n\"}]},{\"@type\":\"WebSite\",\"@id\":\"https:\/\/centromediconayade.com\/es\/#website\",\"url\":\"https:\/\/centromediconayade.com\/es\/\",\"name\":\"Centro m\u00e9dico N\u00e1yade\",\"description\":\"\",\"publisher\":{\"@id\":\"https:\/\/centromediconayade.com\/es\/#organization\"},\"potentialAction\":[{\"@type\":\"SearchAction\",\"target\":{\"@type\":\"EntryPoint\",\"urlTemplate\":\"https:\/\/centromediconayade.com\/es\/?s={search_term_string}\"},\"query-input\":\"required name=search_term_string\"}],\"inLanguage\":\"es\"},{\"@type\":\"Organization\",\"@id\":\"https:\/\/centromediconayade.com\/es\/#organization\",\"name\":\"Centro m\u00e9dico N\u00e1yade\",\"url\":\"https:\/\/centromediconayade.com\/es\/\",\"logo\":{\"@type\":\"ImageObject\",\"inLanguage\":\"es\",\"@id\":\"https:\/\/centromediconayade.com\/es\/#\/schema\/logo\/image\/\",\"url\":\"http:\/\/s1003288360.mialojamiento.es\/wp-content\/uploads\/2021\/12\/centre-medic-nayade-tl1.png\",\"contentUrl\":\"http:\/\/s1003288360.mialojamiento.es\/wp-content\/uploads\/2021\/12\/centre-medic-nayade-tl1.png\",\"width\":360,\"height\":108,\"caption\":\"Centro m\u00e9dico N\u00e1yade\"},\"image\":{\"@id\":\"https:\/\/centromediconayade.com\/es\/#\/schema\/logo\/image\/\"}}]}<\/script>\n<!-- \/ Yoast SEO plugin. -->","yoast_head_json":{"title":"Nutrici\u00f3n en Terrassa &#8211; Centro m\u00e9dico N\u00e1yade","description":"Centro m\u00e9dico N\u00e1yade. Especialidad Nutrici\u00f3n. Una buena alimentaci\u00f3n, sana y equilibrada, es clave para disfrutar de la mejor salud y bienestar en...","robots":{"index":"index","follow":"follow","max-snippet":"max-snippet:-1","max-image-preview":"max-image-preview:large","max-video-preview":"max-video-preview:-1"},"canonical":"https:\/\/centromediconayade.com\/es\/especialidades-medicas\/nutricion-terrassa\/","og_locale":"es_ES","og_type":"article","og_title":"Nutrici\u00f3n en Terrassa &#8211; Centro m\u00e9dico N\u00e1yade","og_description":"Centro m\u00e9dico N\u00e1yade. Especialidad Nutrici\u00f3n. Una buena alimentaci\u00f3n, sana y equilibrada, es clave para disfrutar de la mejor salud y bienestar en...","og_url":"https:\/\/centromediconayade.com\/es\/especialidades-medicas\/nutricion-terrassa\/","og_site_name":"Centro m\u00e9dico N\u00e1yade","article_modified_time":"2022-04-05T10:13:31+00:00","og_image":[{"width":800,"height":532,"url":"https:\/\/centromediconayade.com\/wp-content\/uploads\/2021\/12\/nutricio-terrassa-nayade-es1.jpg","type":"image\/jpeg"}],"twitter_card":"summary_large_image","twitter_misc":{"Tiempo de lectura":"1 minuto"},"schema":{"@context":"https:\/\/schema.org","@graph":[{"@type":"WebPage","@id":"https:\/\/centromediconayade.com\/es\/especialidades-medicas\/nutricion-terrassa\/","url":"https:\/\/centromediconayade.com\/es\/especialidades-medicas\/nutricion-terrassa\/","name":"Nutrici\u00f3n en Terrassa &#8211; Centro m\u00e9dico N\u00e1yade","isPartOf":{"@id":"https:\/\/centromediconayade.com\/es\/#website"},"primaryImageOfPage":{"@id":"https:\/\/centromediconayade.com\/es\/especialidades-medicas\/nutricion-terrassa\/#primaryimage"},"image":{"@id":"https:\/\/centromediconayade.com\/es\/especialidades-medicas\/nutricion-terrassa\/#primaryimage"},"thumbnailUrl":"https:\/\/centromediconayade.com\/wp-content\/uploads\/2021\/12\/nutricio-terrassa-nayade-es1.jpg","datePublished":"2021-12-23T12:59:38+00:00","dateModified":"2022-04-05T10:13:31+00:00","description":"Centro m\u00e9dico N\u00e1yade. Especialidad Nutrici\u00f3n. Una buena alimentaci\u00f3n, sana y equilibrada, es clave para disfrutar de la mejor salud y bienestar en...","breadcrumb":{"@id":"https:\/\/centromediconayade.com\/es\/especialidades-medicas\/nutricion-terrassa\/#breadcrumb"},"inLanguage":"es","potentialAction":[{"@type":"ReadAction","target":["https:\/\/centromediconayade.com\/es\/especialidades-medicas\/nutricion-terrassa\/"]}]},{"@type":"ImageObject","inLanguage":"es","@id":"https:\/\/centromediconayade.com\/es\/especialidades-medicas\/nutricion-terrassa\/#primaryimage","url":"https:\/\/centromediconayade.com\/wp-content\/uploads\/2021\/12\/nutricio-terrassa-nayade-es1.jpg","contentUrl":"https:\/\/centromediconayade.com\/wp-content\/uploads\/2021\/12\/nutricio-terrassa-nayade-es1.jpg","width":800,"height":532,"caption":"Especialitat Nutrici\u00f3 a Terrassa, Centre m\u00e8dic N\u00e1yade"},{"@type":"BreadcrumbList","@id":"https:\/\/centromediconayade.com\/es\/especialidades-medicas\/nutricion-terrassa\/#breadcrumb","itemListElement":[{"@type":"ListItem","position":1,"name":"Inicio","item":"https:\/\/centromediconayade.com\/es\/"},{"@type":"ListItem","position":2,"name":"Especialidades m\u00e9dicas","item":"https:\/\/centromediconayade.com\/es\/especialidades-medicas\/"},{"@type":"ListItem","position":3,"name":"Nutrici\u00f3n"}]},{"@type":"WebSite","@id":"https:\/\/centromediconayade.com\/es\/#website","url":"https:\/\/centromediconayade.com\/es\/","name":"Centro m\u00e9dico N\u00e1yade","description":"","publisher":{"@id":"https:\/\/centromediconayade.com\/es\/#organization"},"potentialAction":[{"@type":"SearchAction","target":{"@type":"EntryPoint","urlTemplate":"https:\/\/centromediconayade.com\/es\/?s={search_term_string}"},"query-input":"required name=search_term_string"}],"inLanguage":"es"},{"@type":"Organization","@id":"https:\/\/centromediconayade.com\/es\/#organization","name":"Centro m\u00e9dico N\u00e1yade","url":"https:\/\/centromediconayade.com\/es\/","logo":{"@type":"ImageObject","inLanguage":"es","@id":"https:\/\/centromediconayade.com\/es\/#\/schema\/logo\/image\/","url":"http:\/\/s1003288360.mialojamiento.es\/wp-content\/uploads\/2021\/12\/centre-medic-nayade-tl1.png","contentUrl":"http:\/\/s1003288360.mialojamiento.es\/wp-content\/uploads\/2021\/12\/centre-medic-nayade-tl1.png","width":360,"height":108,"caption":"Centro m\u00e9dico N\u00e1yade"},"image":{"@id":"https:\/\/centromediconayade.com\/es\/#\/schema\/logo\/image\/"}}]}},"_links":{"self":[{"href":"https:\/\/centromediconayade.com\/es\/wp-json\/wp\/v2\/pages\/353"}],"collection":[{"href":"https:\/\/centromediconayade.com\/es\/wp-json\/wp\/v2\/pages"}],"about":[{"href":"https:\/\/centromediconayade.com\/es\/wp-json\/wp\/v2\/types\/page"}],"author":[{"embeddable":true,"href":"https:\/\/centromediconayade.com\/es\/wp-json\/wp\/v2\/users\/1"}],"replies":[{"embeddable":true,"href":"https:\/\/centromediconayade.com\/es\/wp-json\/wp\/v2\/comments?post=353"}],"version-history":[{"count":4,"href":"https:\/\/centromediconayade.com\/es\/wp-json\/wp\/v2\/pages\/353\/revisions"}],"predecessor-version":[{"id":1366,"href":"https:\/\/centromediconayade.com\/es\/wp-json\/wp\/v2\/pages\/353\/revisions\/1366"}],"up":[{"embeddable":true,"href":"https:\/\/centromediconayade.com\/es\/wp-json\/wp\/v2\/pages\/343"}],"wp:featuredmedia":[{"embeddable":true,"href":"https:\/\/centromediconayade.com\/es\/wp-json\/wp\/v2\/media\/466"}],"wp:attachment":[{"href":"https:\/\/centromediconayade.com\/es\/wp-json\/wp\/v2\/media?parent=353"}],"curies":[{"name":"wp","href":"https:\/\/api.w.org\/{rel}","templated":true}]}}