{"id":414,"date":"2021-12-23T14:10:12","date_gmt":"2021-12-23T13:10:12","guid":{"rendered":"https:\/\/nayade.publitesa.es\/?page_id=414"},"modified":"2022-04-05T15:01:41","modified_gmt":"2022-04-05T13:01:41","slug":"sexologia-funcional-terrassa","status":"publish","type":"page","link":"https:\/\/centromediconayade.com\/es\/especialidades-medicas\/sexologia-funcional-terrassa\/","title":{"rendered":"Sexolog\u00eda y sexolog\u00eda funcional"},"content":{"rendered":"<div class=\"wpb-content-wrapper\">[vc_row css_animation=\u00bb\u00bb row_type=\u00bbrow\u00bb use_row_as_full_screen_section=\u00bbno\u00bb type=\u00bbgrid\u00bb angled_section=\u00bbno\u00bb text_align=\u00bbleft\u00bb background_image_as_pattern=\u00bbwithout_pattern\u00bb z_index=\u00bb\u00bb el_class=\u00bbpagespecontainer\u00bb][vc_column][vc_row_inner row_type=\u00bbrow\u00bb type=\u00bbfull_width\u00bb text_align=\u00bbleft\u00bb css_animation=\u00bb\u00bb el_class=\u00bbpagespecontent\u00bb][vc_column_inner width=\u00bb1\/5&#8243;][vc_widget_sidebar sidebar_id=\u00bbvertical_menu_area\u00bb el_class=\u00bbespesubmenu1&#8243;][\/vc_column_inner][vc_column_inner el_class=\u00bbespemidcol1&#8243; width=\u00bb2\/5&#8243;][vc_column_text]\n<h2>Sexolog\u00eda<\/h2>\n[\/vc_column_text][vc_column_text el_class=\u00bbespesubtit1&#8243;]El objetivo es conseguir una satisfacci\u00f3n completa en las relaciones sexuales de los pacientes.[\/vc_column_text][vc_column_text]La gran mayor\u00eda de las disfunciones sexuales son por causas psicol\u00f3gicas. El objetivo de nuestra especialidad de sexolog\u00eda es conseguir una satisfacci\u00f3n completa en las relaciones sexuales de los pacientes y, as\u00ed, mejorar su vida sexual.<\/p>\n<p>El sex\u00f3logo es el especialista que se ocupa de tratar las dificultades y trastornos sexuales, estudiar la sexualidad, su funci\u00f3n, caracter\u00edsticas y disfunciones para encontrar la soluci\u00f3n adecuada a cada caso de manera personalizada.<\/p>\n<h4>\u00bfQu\u00e9 tratamos?<\/h4>\n<ul>\n<li>Vaginismo<\/li>\n<li>Problemas de erecci\u00f3n<\/li>\n<li>Anorgasmia<\/li>\n<li>Impotencia masculina<\/li>\n<li>Eyaculaci\u00f3n precoz<\/li>\n<li>Falta de deseo sexual<\/li>\n<\/ul>\n[\/vc_column_text][vc_empty_space height=\u00bb55px\u00bb][vc_column_text]\n<h2>Sexolog\u00eda funcional<\/h2>\n[\/vc_column_text][vc_column_text el_class=\u00bbespesubtit1&#8243;]Realizamos una evaluaci\u00f3n funcional para aplicar el tratamiento y las t\u00e9cnicas m\u00e1s eficaces.[\/vc_column_text][vc_column_text]Siempre se ha afirmado que las disfunciones sexuales tienen que tratarse de forma sintom\u00e1tica o psicol\u00f3gica, pero hay muchas causas funcionales que pueden interferir y causar problemas a la hora de mantener relaciones sexuales a quienes las sufren.<\/p>\n<p>Nuestros profesionales realizan una evaluaci\u00f3n funcional del paciente, siempre seg\u00fan los s\u00edntomas que presenta, para aplicar el tratamiento y las t\u00e9cnicas m\u00e1s eficaces para corregir la disfunci\u00f3n en cuesti\u00f3n y mejorar la calidad de vida y bienestar del paciente.[\/vc_column_text][\/vc_column_inner][vc_column_inner el_class=\u00bbespemidcol2&#8243; width=\u00bb2\/5&#8243;][vc_single_image image=\u00bb480&#8243; img_size=\u00bbfull\u00bb alignment=\u00bbright\u00bb qode_css_animation=\u00bb\u00bb][\/vc_column_inner][\/vc_row_inner][\/vc_column][\/vc_row]\n<\/div>","protected":false},"excerpt":{"rendered":"<p>[vc_row css_animation=\u00bb\u00bb row_type=\u00bbrow\u00bb use_row_as_full_screen_section=\u00bbno\u00bb type=\u00bbgrid\u00bb angled_section=\u00bbno\u00bb text_align=\u00bbleft\u00bb background_image_as_pattern=\u00bbwithout_pattern\u00bb z_index=\u00bb\u00bb el_class=\u00bbpagespecontainer\u00bb][vc_column][vc_row_inner row_type=\u00bbrow\u00bb type=\u00bbfull_width\u00bb text_align=\u00bbleft\u00bb css_animation=\u00bb\u00bb el_class=\u00bbpagespecontent\u00bb][vc_column_inner width=\u00bb1\/5&#8243;][vc_widget_sidebar sidebar_id=\u00bbvertical_menu_area\u00bb el_class=\u00bbespesubmenu1&#8243;][\/vc_column_inner][vc_column_inner el_class=\u00bbespemidcol1&#8243; width=\u00bb2\/5&#8243;][vc_column_text] Sexolog\u00eda [\/vc_column_text][vc_column_text el_class=\u00bbespesubtit1&#8243;]El objetivo es conseguir una satisfacci\u00f3n completa en las relaciones sexuales de los pacientes.[\/vc_column_text][vc_column_text]La gran mayor\u00eda de las disfunciones sexuales son por causas&#8230;<\/p>\n","protected":false},"author":1,"featured_media":480,"parent":343,"menu_order":18,"comment_status":"closed","ping_status":"closed","template":"","meta":{"_acf_changed":false,"inline_featured_image":false,"footnotes":""},"acf":[],"yoast_head":"<!-- This site is optimized with the Yoast SEO plugin v23.1 - https:\/\/yoast.com\/wordpress\/plugins\/seo\/ -->\n<title>Sexolog\u00eda funcional en Terrassa &#8211; Centro m\u00e9dico N\u00e1yade<\/title>\n<meta name=\"description\" content=\"Centro m\u00e9dico N\u00e1yade. Especialidad Sexolog\u00eda y sexolog\u00eda funcional. El objetivo es conseguir una satisfacci\u00f3n completa en las relaciones sexuales de los...\" \/>\n<meta name=\"robots\" content=\"index, follow, max-snippet:-1, max-image-preview:large, max-video-preview:-1\" \/>\n<link rel=\"canonical\" href=\"https:\/\/centromediconayade.com\/es\/especialidades-medicas\/sexologia-funcional-terrassa\/\" \/>\n<meta property=\"og:locale\" content=\"es_ES\" \/>\n<meta property=\"og:type\" content=\"article\" \/>\n<meta property=\"og:title\" content=\"Sexolog\u00eda funcional en Terrassa &#8211; Centro m\u00e9dico N\u00e1yade\" \/>\n<meta property=\"og:description\" content=\"Centro m\u00e9dico N\u00e1yade. Especialidad Sexolog\u00eda y sexolog\u00eda funcional. El objetivo es conseguir una satisfacci\u00f3n completa en las relaciones sexuales de los...\" \/>\n<meta property=\"og:url\" content=\"https:\/\/centromediconayade.com\/es\/especialidades-medicas\/sexologia-funcional-terrassa\/\" \/>\n<meta property=\"og:site_name\" content=\"Centro m\u00e9dico N\u00e1yade\" \/>\n<meta property=\"article:modified_time\" content=\"2022-04-05T13:01:41+00:00\" \/>\n<meta property=\"og:image\" content=\"https:\/\/centromediconayade.com\/wp-content\/uploads\/2021\/12\/sexologia-terrassa-nayade-es1.jpg\" \/>\n\t<meta property=\"og:image:width\" content=\"800\" \/>\n\t<meta property=\"og:image:height\" content=\"532\" \/>\n\t<meta property=\"og:image:type\" content=\"image\/jpeg\" \/>\n<meta name=\"twitter:card\" content=\"summary_large_image\" \/>\n<meta name=\"twitter:label1\" content=\"Tiempo de lectura\" \/>\n\t<meta name=\"twitter:data1\" content=\"2 minutos\" \/>\n<script type=\"application\/ld+json\" class=\"yoast-schema-graph\">{\"@context\":\"https:\/\/schema.org\",\"@graph\":[{\"@type\":\"WebPage\",\"@id\":\"https:\/\/centromediconayade.com\/es\/especialidades-medicas\/sexologia-funcional-terrassa\/\",\"url\":\"https:\/\/centromediconayade.com\/es\/especialidades-medicas\/sexologia-funcional-terrassa\/\",\"name\":\"Sexolog\u00eda funcional en Terrassa &#8211; Centro m\u00e9dico N\u00e1yade\",\"isPartOf\":{\"@id\":\"https:\/\/centromediconayade.com\/es\/#website\"},\"primaryImageOfPage\":{\"@id\":\"https:\/\/centromediconayade.com\/es\/especialidades-medicas\/sexologia-funcional-terrassa\/#primaryimage\"},\"image\":{\"@id\":\"https:\/\/centromediconayade.com\/es\/especialidades-medicas\/sexologia-funcional-terrassa\/#primaryimage\"},\"thumbnailUrl\":\"https:\/\/centromediconayade.com\/wp-content\/uploads\/2021\/12\/sexologia-terrassa-nayade-es1.jpg\",\"datePublished\":\"2021-12-23T13:10:12+00:00\",\"dateModified\":\"2022-04-05T13:01:41+00:00\",\"description\":\"Centro m\u00e9dico N\u00e1yade. Especialidad Sexolog\u00eda y sexolog\u00eda funcional. El objetivo es conseguir una satisfacci\u00f3n completa en las relaciones sexuales de los...\",\"breadcrumb\":{\"@id\":\"https:\/\/centromediconayade.com\/es\/especialidades-medicas\/sexologia-funcional-terrassa\/#breadcrumb\"},\"inLanguage\":\"es\",\"potentialAction\":[{\"@type\":\"ReadAction\",\"target\":[\"https:\/\/centromediconayade.com\/es\/especialidades-medicas\/sexologia-funcional-terrassa\/\"]}]},{\"@type\":\"ImageObject\",\"inLanguage\":\"es\",\"@id\":\"https:\/\/centromediconayade.com\/es\/especialidades-medicas\/sexologia-funcional-terrassa\/#primaryimage\",\"url\":\"https:\/\/centromediconayade.com\/wp-content\/uploads\/2021\/12\/sexologia-terrassa-nayade-es1.jpg\",\"contentUrl\":\"https:\/\/centromediconayade.com\/wp-content\/uploads\/2021\/12\/sexologia-terrassa-nayade-es1.jpg\",\"width\":800,\"height\":532,\"caption\":\"Especialitat Sexologia a Terrassa, Centre m\u00e8dic N\u00e1yade\"},{\"@type\":\"BreadcrumbList\",\"@id\":\"https:\/\/centromediconayade.com\/es\/especialidades-medicas\/sexologia-funcional-terrassa\/#breadcrumb\",\"itemListElement\":[{\"@type\":\"ListItem\",\"position\":1,\"name\":\"Inicio\",\"item\":\"https:\/\/centromediconayade.com\/es\/\"},{\"@type\":\"ListItem\",\"position\":2,\"name\":\"Especialidades m\u00e9dicas\",\"item\":\"https:\/\/centromediconayade.com\/es\/especialidades-medicas\/\"},{\"@type\":\"ListItem\",\"position\":3,\"name\":\"Sexolog\u00eda y sexolog\u00eda funcional\"}]},{\"@type\":\"WebSite\",\"@id\":\"https:\/\/centromediconayade.com\/es\/#website\",\"url\":\"https:\/\/centromediconayade.com\/es\/\",\"name\":\"Centro m\u00e9dico N\u00e1yade\",\"description\":\"\",\"publisher\":{\"@id\":\"https:\/\/centromediconayade.com\/es\/#organization\"},\"potentialAction\":[{\"@type\":\"SearchAction\",\"target\":{\"@type\":\"EntryPoint\",\"urlTemplate\":\"https:\/\/centromediconayade.com\/es\/?s={search_term_string}\"},\"query-input\":\"required name=search_term_string\"}],\"inLanguage\":\"es\"},{\"@type\":\"Organization\",\"@id\":\"https:\/\/centromediconayade.com\/es\/#organization\",\"name\":\"Centro m\u00e9dico N\u00e1yade\",\"url\":\"https:\/\/centromediconayade.com\/es\/\",\"logo\":{\"@type\":\"ImageObject\",\"inLanguage\":\"es\",\"@id\":\"https:\/\/centromediconayade.com\/es\/#\/schema\/logo\/image\/\",\"url\":\"http:\/\/s1003288360.mialojamiento.es\/wp-content\/uploads\/2021\/12\/centre-medic-nayade-tl1.png\",\"contentUrl\":\"http:\/\/s1003288360.mialojamiento.es\/wp-content\/uploads\/2021\/12\/centre-medic-nayade-tl1.png\",\"width\":360,\"height\":108,\"caption\":\"Centro m\u00e9dico N\u00e1yade\"},\"image\":{\"@id\":\"https:\/\/centromediconayade.com\/es\/#\/schema\/logo\/image\/\"}}]}<\/script>\n<!-- \/ Yoast SEO plugin. -->","yoast_head_json":{"title":"Sexolog\u00eda funcional en Terrassa &#8211; Centro m\u00e9dico N\u00e1yade","description":"Centro m\u00e9dico N\u00e1yade. Especialidad Sexolog\u00eda y sexolog\u00eda funcional. El objetivo es conseguir una satisfacci\u00f3n completa en las relaciones sexuales de los...","robots":{"index":"index","follow":"follow","max-snippet":"max-snippet:-1","max-image-preview":"max-image-preview:large","max-video-preview":"max-video-preview:-1"},"canonical":"https:\/\/centromediconayade.com\/es\/especialidades-medicas\/sexologia-funcional-terrassa\/","og_locale":"es_ES","og_type":"article","og_title":"Sexolog\u00eda funcional en Terrassa &#8211; Centro m\u00e9dico N\u00e1yade","og_description":"Centro m\u00e9dico N\u00e1yade. Especialidad Sexolog\u00eda y sexolog\u00eda funcional. El objetivo es conseguir una satisfacci\u00f3n completa en las relaciones sexuales de los...","og_url":"https:\/\/centromediconayade.com\/es\/especialidades-medicas\/sexologia-funcional-terrassa\/","og_site_name":"Centro m\u00e9dico N\u00e1yade","article_modified_time":"2022-04-05T13:01:41+00:00","og_image":[{"width":800,"height":532,"url":"https:\/\/centromediconayade.com\/wp-content\/uploads\/2021\/12\/sexologia-terrassa-nayade-es1.jpg","type":"image\/jpeg"}],"twitter_card":"summary_large_image","twitter_misc":{"Tiempo de lectura":"2 minutos"},"schema":{"@context":"https:\/\/schema.org","@graph":[{"@type":"WebPage","@id":"https:\/\/centromediconayade.com\/es\/especialidades-medicas\/sexologia-funcional-terrassa\/","url":"https:\/\/centromediconayade.com\/es\/especialidades-medicas\/sexologia-funcional-terrassa\/","name":"Sexolog\u00eda funcional en Terrassa &#8211; Centro m\u00e9dico N\u00e1yade","isPartOf":{"@id":"https:\/\/centromediconayade.com\/es\/#website"},"primaryImageOfPage":{"@id":"https:\/\/centromediconayade.com\/es\/especialidades-medicas\/sexologia-funcional-terrassa\/#primaryimage"},"image":{"@id":"https:\/\/centromediconayade.com\/es\/especialidades-medicas\/sexologia-funcional-terrassa\/#primaryimage"},"thumbnailUrl":"https:\/\/centromediconayade.com\/wp-content\/uploads\/2021\/12\/sexologia-terrassa-nayade-es1.jpg","datePublished":"2021-12-23T13:10:12+00:00","dateModified":"2022-04-05T13:01:41+00:00","description":"Centro m\u00e9dico N\u00e1yade. Especialidad Sexolog\u00eda y sexolog\u00eda funcional. El objetivo es conseguir una satisfacci\u00f3n completa en las relaciones sexuales de los...","breadcrumb":{"@id":"https:\/\/centromediconayade.com\/es\/especialidades-medicas\/sexologia-funcional-terrassa\/#breadcrumb"},"inLanguage":"es","potentialAction":[{"@type":"ReadAction","target":["https:\/\/centromediconayade.com\/es\/especialidades-medicas\/sexologia-funcional-terrassa\/"]}]},{"@type":"ImageObject","inLanguage":"es","@id":"https:\/\/centromediconayade.com\/es\/especialidades-medicas\/sexologia-funcional-terrassa\/#primaryimage","url":"https:\/\/centromediconayade.com\/wp-content\/uploads\/2021\/12\/sexologia-terrassa-nayade-es1.jpg","contentUrl":"https:\/\/centromediconayade.com\/wp-content\/uploads\/2021\/12\/sexologia-terrassa-nayade-es1.jpg","width":800,"height":532,"caption":"Especialitat Sexologia a Terrassa, Centre m\u00e8dic N\u00e1yade"},{"@type":"BreadcrumbList","@id":"https:\/\/centromediconayade.com\/es\/especialidades-medicas\/sexologia-funcional-terrassa\/#breadcrumb","itemListElement":[{"@type":"ListItem","position":1,"name":"Inicio","item":"https:\/\/centromediconayade.com\/es\/"},{"@type":"ListItem","position":2,"name":"Especialidades m\u00e9dicas","item":"https:\/\/centromediconayade.com\/es\/especialidades-medicas\/"},{"@type":"ListItem","position":3,"name":"Sexolog\u00eda y sexolog\u00eda funcional"}]},{"@type":"WebSite","@id":"https:\/\/centromediconayade.com\/es\/#website","url":"https:\/\/centromediconayade.com\/es\/","name":"Centro m\u00e9dico N\u00e1yade","description":"","publisher":{"@id":"https:\/\/centromediconayade.com\/es\/#organization"},"potentialAction":[{"@type":"SearchAction","target":{"@type":"EntryPoint","urlTemplate":"https:\/\/centromediconayade.com\/es\/?s={search_term_string}"},"query-input":"required name=search_term_string"}],"inLanguage":"es"},{"@type":"Organization","@id":"https:\/\/centromediconayade.com\/es\/#organization","name":"Centro m\u00e9dico N\u00e1yade","url":"https:\/\/centromediconayade.com\/es\/","logo":{"@type":"ImageObject","inLanguage":"es","@id":"https:\/\/centromediconayade.com\/es\/#\/schema\/logo\/image\/","url":"http:\/\/s1003288360.mialojamiento.es\/wp-content\/uploads\/2021\/12\/centre-medic-nayade-tl1.png","contentUrl":"http:\/\/s1003288360.mialojamiento.es\/wp-content\/uploads\/2021\/12\/centre-medic-nayade-tl1.png","width":360,"height":108,"caption":"Centro m\u00e9dico N\u00e1yade"},"image":{"@id":"https:\/\/centromediconayade.com\/es\/#\/schema\/logo\/image\/"}}]}},"_links":{"self":[{"href":"https:\/\/centromediconayade.com\/es\/wp-json\/wp\/v2\/pages\/414"}],"collection":[{"href":"https:\/\/centromediconayade.com\/es\/wp-json\/wp\/v2\/pages"}],"about":[{"href":"https:\/\/centromediconayade.com\/es\/wp-json\/wp\/v2\/types\/page"}],"author":[{"embeddable":true,"href":"https:\/\/centromediconayade.com\/es\/wp-json\/wp\/v2\/users\/1"}],"replies":[{"embeddable":true,"href":"https:\/\/centromediconayade.com\/es\/wp-json\/wp\/v2\/comments?post=414"}],"version-history":[{"count":3,"href":"https:\/\/centromediconayade.com\/es\/wp-json\/wp\/v2\/pages\/414\/revisions"}],"predecessor-version":[{"id":1423,"href":"https:\/\/centromediconayade.com\/es\/wp-json\/wp\/v2\/pages\/414\/revisions\/1423"}],"up":[{"embeddable":true,"href":"https:\/\/centromediconayade.com\/es\/wp-json\/wp\/v2\/pages\/343"}],"wp:featuredmedia":[{"embeddable":true,"href":"https:\/\/centromediconayade.com\/es\/wp-json\/wp\/v2\/media\/480"}],"wp:attachment":[{"href":"https:\/\/centromediconayade.com\/es\/wp-json\/wp\/v2\/media?parent=414"}],"curies":[{"name":"wp","href":"https:\/\/api.w.org\/{rel}","templated":true}]}}