{"id":424,"date":"2021-12-23T14:12:41","date_gmt":"2021-12-23T13:12:41","guid":{"rendered":"https:\/\/nayade.publitesa.es\/?page_id=424"},"modified":"2022-04-05T12:18:38","modified_gmt":"2022-04-05T10:18:38","slug":"traumatologia-terrassa","status":"publish","type":"page","link":"https:\/\/centromediconayade.com\/es\/especialidades-medicas\/traumatologia-terrassa\/","title":{"rendered":"Traumatolog\u00eda"},"content":{"rendered":"<div class=\"wpb-content-wrapper\">[vc_row css_animation=\u00bb\u00bb row_type=\u00bbrow\u00bb use_row_as_full_screen_section=\u00bbno\u00bb type=\u00bbgrid\u00bb angled_section=\u00bbno\u00bb text_align=\u00bbleft\u00bb background_image_as_pattern=\u00bbwithout_pattern\u00bb z_index=\u00bb\u00bb el_class=\u00bbpagespecontainer\u00bb][vc_column][vc_row_inner row_type=\u00bbrow\u00bb type=\u00bbfull_width\u00bb text_align=\u00bbleft\u00bb css_animation=\u00bb\u00bb el_class=\u00bbpagespecontent\u00bb][vc_column_inner width=\u00bb1\/5&#8243;][vc_widget_sidebar sidebar_id=\u00bbvertical_menu_area\u00bb el_class=\u00bbespesubmenu1&#8243;][\/vc_column_inner][vc_column_inner el_class=\u00bbespemidcol1&#8243; width=\u00bb2\/5&#8243;][vc_column_text el_class=\u00bbespesubtit1 espesubtit1h2&#8243;]Es importante conseguir la<\/p>\n<h2>recuperaci\u00f3n de la zona lesionada<\/h2>\n<p>de la forma m\u00e1s r\u00e1pida posible.[\/vc_column_text][vc_column_text]Las lesiones en el sistema musculo-esquel\u00e9tico provocan p\u00e9rdida de movilidad y dolor a quienes las sufren. Por este motivo, afectan a la calidad de vida y al d\u00eda a d\u00eda de los pacientes y es importante conseguir la recuperaci\u00f3n de la zona que ha sufrido la lesi\u00f3n de la forma m\u00e1s r\u00e1pida posible y, as\u00ed, que el paciente pueda volver a llevar su estilo de vida anterior.<\/p>\n<p>El uso de t\u00e9cnicas m\u00ednimamente invasivas y la tecnolog\u00eda de \u00faltima generaci\u00f3n permiten localizar la lesi\u00f3n de forma exacta y tratarla de forma precisa para conseguir una recuperaci\u00f3n m\u00e1s r\u00e1pida y que el paciente pueda volver a la rutina diaria sin complicaciones.[\/vc_column_text][vc_column_text el_class=\u00bbespefirma1&#8243;]Dr. Joan Enric Borras<br \/>\nDr. Alfredo Matamala[\/vc_column_text][\/vc_column_inner][vc_column_inner el_class=\u00bbespemidcol2&#8243; width=\u00bb2\/5&#8243;][vc_single_image image=\u00bb482&#8243; img_size=\u00bbfull\u00bb alignment=\u00bbright\u00bb qode_css_animation=\u00bb\u00bb][vc_single_image image=\u00bb484&#8243; img_size=\u00bbfull\u00bb alignment=\u00bbright\u00bb qode_css_animation=\u00bb\u00bb][\/vc_column_inner][\/vc_row_inner][\/vc_column][\/vc_row]\n<\/div>","protected":false},"excerpt":{"rendered":"<p>[vc_row css_animation=\u00bb\u00bb row_type=\u00bbrow\u00bb use_row_as_full_screen_section=\u00bbno\u00bb type=\u00bbgrid\u00bb angled_section=\u00bbno\u00bb text_align=\u00bbleft\u00bb background_image_as_pattern=\u00bbwithout_pattern\u00bb z_index=\u00bb\u00bb el_class=\u00bbpagespecontainer\u00bb][vc_column][vc_row_inner row_type=\u00bbrow\u00bb type=\u00bbfull_width\u00bb text_align=\u00bbleft\u00bb css_animation=\u00bb\u00bb el_class=\u00bbpagespecontent\u00bb][vc_column_inner width=\u00bb1\/5&#8243;][vc_widget_sidebar sidebar_id=\u00bbvertical_menu_area\u00bb el_class=\u00bbespesubmenu1&#8243;][\/vc_column_inner][vc_column_inner el_class=\u00bbespemidcol1&#8243; width=\u00bb2\/5&#8243;][vc_column_text el_class=\u00bbespesubtit1 espesubtit1h2&#8243;]Es importante conseguir la recuperaci\u00f3n de la zona lesionada de la forma m\u00e1s r\u00e1pida posible.[\/vc_column_text][vc_column_text]Las lesiones en el sistema musculo-esquel\u00e9tico provocan p\u00e9rdida de movilidad&#8230;<\/p>\n","protected":false},"author":1,"featured_media":482,"parent":343,"menu_order":19,"comment_status":"closed","ping_status":"closed","template":"","meta":{"_acf_changed":false,"inline_featured_image":false,"footnotes":""},"acf":[],"yoast_head":"<!-- This site is optimized with the Yoast SEO plugin v23.1 - https:\/\/yoast.com\/wordpress\/plugins\/seo\/ -->\n<title>Traumatolog\u00eda en Terrassa &#8211; Centro m\u00e9dico N\u00e1yade<\/title>\n<meta name=\"description\" content=\"Centro m\u00e9dico N\u00e1yade. Especialidad Traumatolog\u00eda. Es importante conseguir la recuperaci\u00f3n de la zona lesionada de la forma m\u00e1s r\u00e1pida posible...\" \/>\n<meta name=\"robots\" content=\"index, follow, max-snippet:-1, max-image-preview:large, max-video-preview:-1\" \/>\n<link rel=\"canonical\" href=\"https:\/\/centromediconayade.com\/es\/especialidades-medicas\/traumatologia-terrassa\/\" \/>\n<meta property=\"og:locale\" content=\"es_ES\" \/>\n<meta property=\"og:type\" content=\"article\" \/>\n<meta property=\"og:title\" content=\"Traumatolog\u00eda en Terrassa &#8211; Centro m\u00e9dico N\u00e1yade\" \/>\n<meta property=\"og:description\" content=\"Centro m\u00e9dico N\u00e1yade. Especialidad Traumatolog\u00eda. Es importante conseguir la recuperaci\u00f3n de la zona lesionada de la forma m\u00e1s r\u00e1pida posible...\" \/>\n<meta property=\"og:url\" content=\"https:\/\/centromediconayade.com\/es\/especialidades-medicas\/traumatologia-terrassa\/\" \/>\n<meta property=\"og:site_name\" content=\"Centro m\u00e9dico N\u00e1yade\" \/>\n<meta property=\"article:modified_time\" content=\"2022-04-05T10:18:38+00:00\" \/>\n<meta property=\"og:image\" content=\"https:\/\/centromediconayade.com\/wp-content\/uploads\/2021\/12\/traumatologia-terrassa-nayade-es1.jpg\" \/>\n\t<meta property=\"og:image:width\" content=\"800\" \/>\n\t<meta property=\"og:image:height\" content=\"532\" \/>\n\t<meta property=\"og:image:type\" content=\"image\/jpeg\" \/>\n<meta name=\"twitter:card\" content=\"summary_large_image\" \/>\n<meta name=\"twitter:label1\" content=\"Tiempo de lectura\" \/>\n\t<meta name=\"twitter:data1\" content=\"1 minuto\" \/>\n<script type=\"application\/ld+json\" class=\"yoast-schema-graph\">{\"@context\":\"https:\/\/schema.org\",\"@graph\":[{\"@type\":\"WebPage\",\"@id\":\"https:\/\/centromediconayade.com\/es\/especialidades-medicas\/traumatologia-terrassa\/\",\"url\":\"https:\/\/centromediconayade.com\/es\/especialidades-medicas\/traumatologia-terrassa\/\",\"name\":\"Traumatolog\u00eda en Terrassa &#8211; Centro m\u00e9dico N\u00e1yade\",\"isPartOf\":{\"@id\":\"https:\/\/centromediconayade.com\/es\/#website\"},\"primaryImageOfPage\":{\"@id\":\"https:\/\/centromediconayade.com\/es\/especialidades-medicas\/traumatologia-terrassa\/#primaryimage\"},\"image\":{\"@id\":\"https:\/\/centromediconayade.com\/es\/especialidades-medicas\/traumatologia-terrassa\/#primaryimage\"},\"thumbnailUrl\":\"https:\/\/centromediconayade.com\/wp-content\/uploads\/2021\/12\/traumatologia-terrassa-nayade-es1.jpg\",\"datePublished\":\"2021-12-23T13:12:41+00:00\",\"dateModified\":\"2022-04-05T10:18:38+00:00\",\"description\":\"Centro m\u00e9dico N\u00e1yade. Especialidad Traumatolog\u00eda. Es importante conseguir la recuperaci\u00f3n de la zona lesionada de la forma m\u00e1s r\u00e1pida posible...\",\"breadcrumb\":{\"@id\":\"https:\/\/centromediconayade.com\/es\/especialidades-medicas\/traumatologia-terrassa\/#breadcrumb\"},\"inLanguage\":\"es\",\"potentialAction\":[{\"@type\":\"ReadAction\",\"target\":[\"https:\/\/centromediconayade.com\/es\/especialidades-medicas\/traumatologia-terrassa\/\"]}]},{\"@type\":\"ImageObject\",\"inLanguage\":\"es\",\"@id\":\"https:\/\/centromediconayade.com\/es\/especialidades-medicas\/traumatologia-terrassa\/#primaryimage\",\"url\":\"https:\/\/centromediconayade.com\/wp-content\/uploads\/2021\/12\/traumatologia-terrassa-nayade-es1.jpg\",\"contentUrl\":\"https:\/\/centromediconayade.com\/wp-content\/uploads\/2021\/12\/traumatologia-terrassa-nayade-es1.jpg\",\"width\":800,\"height\":532,\"caption\":\"Especialitat Traumatologia a Terrassa, Centre m\u00e8dic N\u00e1yade\"},{\"@type\":\"BreadcrumbList\",\"@id\":\"https:\/\/centromediconayade.com\/es\/especialidades-medicas\/traumatologia-terrassa\/#breadcrumb\",\"itemListElement\":[{\"@type\":\"ListItem\",\"position\":1,\"name\":\"Inicio\",\"item\":\"https:\/\/centromediconayade.com\/es\/\"},{\"@type\":\"ListItem\",\"position\":2,\"name\":\"Especialidades m\u00e9dicas\",\"item\":\"https:\/\/centromediconayade.com\/es\/especialidades-medicas\/\"},{\"@type\":\"ListItem\",\"position\":3,\"name\":\"Traumatolog\u00eda\"}]},{\"@type\":\"WebSite\",\"@id\":\"https:\/\/centromediconayade.com\/es\/#website\",\"url\":\"https:\/\/centromediconayade.com\/es\/\",\"name\":\"Centro m\u00e9dico N\u00e1yade\",\"description\":\"\",\"publisher\":{\"@id\":\"https:\/\/centromediconayade.com\/es\/#organization\"},\"potentialAction\":[{\"@type\":\"SearchAction\",\"target\":{\"@type\":\"EntryPoint\",\"urlTemplate\":\"https:\/\/centromediconayade.com\/es\/?s={search_term_string}\"},\"query-input\":\"required name=search_term_string\"}],\"inLanguage\":\"es\"},{\"@type\":\"Organization\",\"@id\":\"https:\/\/centromediconayade.com\/es\/#organization\",\"name\":\"Centro m\u00e9dico N\u00e1yade\",\"url\":\"https:\/\/centromediconayade.com\/es\/\",\"logo\":{\"@type\":\"ImageObject\",\"inLanguage\":\"es\",\"@id\":\"https:\/\/centromediconayade.com\/es\/#\/schema\/logo\/image\/\",\"url\":\"http:\/\/s1003288360.mialojamiento.es\/wp-content\/uploads\/2021\/12\/centre-medic-nayade-tl1.png\",\"contentUrl\":\"http:\/\/s1003288360.mialojamiento.es\/wp-content\/uploads\/2021\/12\/centre-medic-nayade-tl1.png\",\"width\":360,\"height\":108,\"caption\":\"Centro m\u00e9dico N\u00e1yade\"},\"image\":{\"@id\":\"https:\/\/centromediconayade.com\/es\/#\/schema\/logo\/image\/\"}}]}<\/script>\n<!-- \/ Yoast SEO plugin. -->","yoast_head_json":{"title":"Traumatolog\u00eda en Terrassa &#8211; Centro m\u00e9dico N\u00e1yade","description":"Centro m\u00e9dico N\u00e1yade. Especialidad Traumatolog\u00eda. Es importante conseguir la recuperaci\u00f3n de la zona lesionada de la forma m\u00e1s r\u00e1pida posible...","robots":{"index":"index","follow":"follow","max-snippet":"max-snippet:-1","max-image-preview":"max-image-preview:large","max-video-preview":"max-video-preview:-1"},"canonical":"https:\/\/centromediconayade.com\/es\/especialidades-medicas\/traumatologia-terrassa\/","og_locale":"es_ES","og_type":"article","og_title":"Traumatolog\u00eda en Terrassa &#8211; Centro m\u00e9dico N\u00e1yade","og_description":"Centro m\u00e9dico N\u00e1yade. Especialidad Traumatolog\u00eda. Es importante conseguir la recuperaci\u00f3n de la zona lesionada de la forma m\u00e1s r\u00e1pida posible...","og_url":"https:\/\/centromediconayade.com\/es\/especialidades-medicas\/traumatologia-terrassa\/","og_site_name":"Centro m\u00e9dico N\u00e1yade","article_modified_time":"2022-04-05T10:18:38+00:00","og_image":[{"width":800,"height":532,"url":"https:\/\/centromediconayade.com\/wp-content\/uploads\/2021\/12\/traumatologia-terrassa-nayade-es1.jpg","type":"image\/jpeg"}],"twitter_card":"summary_large_image","twitter_misc":{"Tiempo de lectura":"1 minuto"},"schema":{"@context":"https:\/\/schema.org","@graph":[{"@type":"WebPage","@id":"https:\/\/centromediconayade.com\/es\/especialidades-medicas\/traumatologia-terrassa\/","url":"https:\/\/centromediconayade.com\/es\/especialidades-medicas\/traumatologia-terrassa\/","name":"Traumatolog\u00eda en Terrassa &#8211; Centro m\u00e9dico N\u00e1yade","isPartOf":{"@id":"https:\/\/centromediconayade.com\/es\/#website"},"primaryImageOfPage":{"@id":"https:\/\/centromediconayade.com\/es\/especialidades-medicas\/traumatologia-terrassa\/#primaryimage"},"image":{"@id":"https:\/\/centromediconayade.com\/es\/especialidades-medicas\/traumatologia-terrassa\/#primaryimage"},"thumbnailUrl":"https:\/\/centromediconayade.com\/wp-content\/uploads\/2021\/12\/traumatologia-terrassa-nayade-es1.jpg","datePublished":"2021-12-23T13:12:41+00:00","dateModified":"2022-04-05T10:18:38+00:00","description":"Centro m\u00e9dico N\u00e1yade. Especialidad Traumatolog\u00eda. Es importante conseguir la recuperaci\u00f3n de la zona lesionada de la forma m\u00e1s r\u00e1pida posible...","breadcrumb":{"@id":"https:\/\/centromediconayade.com\/es\/especialidades-medicas\/traumatologia-terrassa\/#breadcrumb"},"inLanguage":"es","potentialAction":[{"@type":"ReadAction","target":["https:\/\/centromediconayade.com\/es\/especialidades-medicas\/traumatologia-terrassa\/"]}]},{"@type":"ImageObject","inLanguage":"es","@id":"https:\/\/centromediconayade.com\/es\/especialidades-medicas\/traumatologia-terrassa\/#primaryimage","url":"https:\/\/centromediconayade.com\/wp-content\/uploads\/2021\/12\/traumatologia-terrassa-nayade-es1.jpg","contentUrl":"https:\/\/centromediconayade.com\/wp-content\/uploads\/2021\/12\/traumatologia-terrassa-nayade-es1.jpg","width":800,"height":532,"caption":"Especialitat Traumatologia a Terrassa, Centre m\u00e8dic N\u00e1yade"},{"@type":"BreadcrumbList","@id":"https:\/\/centromediconayade.com\/es\/especialidades-medicas\/traumatologia-terrassa\/#breadcrumb","itemListElement":[{"@type":"ListItem","position":1,"name":"Inicio","item":"https:\/\/centromediconayade.com\/es\/"},{"@type":"ListItem","position":2,"name":"Especialidades m\u00e9dicas","item":"https:\/\/centromediconayade.com\/es\/especialidades-medicas\/"},{"@type":"ListItem","position":3,"name":"Traumatolog\u00eda"}]},{"@type":"WebSite","@id":"https:\/\/centromediconayade.com\/es\/#website","url":"https:\/\/centromediconayade.com\/es\/","name":"Centro m\u00e9dico N\u00e1yade","description":"","publisher":{"@id":"https:\/\/centromediconayade.com\/es\/#organization"},"potentialAction":[{"@type":"SearchAction","target":{"@type":"EntryPoint","urlTemplate":"https:\/\/centromediconayade.com\/es\/?s={search_term_string}"},"query-input":"required name=search_term_string"}],"inLanguage":"es"},{"@type":"Organization","@id":"https:\/\/centromediconayade.com\/es\/#organization","name":"Centro m\u00e9dico N\u00e1yade","url":"https:\/\/centromediconayade.com\/es\/","logo":{"@type":"ImageObject","inLanguage":"es","@id":"https:\/\/centromediconayade.com\/es\/#\/schema\/logo\/image\/","url":"http:\/\/s1003288360.mialojamiento.es\/wp-content\/uploads\/2021\/12\/centre-medic-nayade-tl1.png","contentUrl":"http:\/\/s1003288360.mialojamiento.es\/wp-content\/uploads\/2021\/12\/centre-medic-nayade-tl1.png","width":360,"height":108,"caption":"Centro m\u00e9dico N\u00e1yade"},"image":{"@id":"https:\/\/centromediconayade.com\/es\/#\/schema\/logo\/image\/"}}]}},"_links":{"self":[{"href":"https:\/\/centromediconayade.com\/es\/wp-json\/wp\/v2\/pages\/424"}],"collection":[{"href":"https:\/\/centromediconayade.com\/es\/wp-json\/wp\/v2\/pages"}],"about":[{"href":"https:\/\/centromediconayade.com\/es\/wp-json\/wp\/v2\/types\/page"}],"author":[{"embeddable":true,"href":"https:\/\/centromediconayade.com\/es\/wp-json\/wp\/v2\/users\/1"}],"replies":[{"embeddable":true,"href":"https:\/\/centromediconayade.com\/es\/wp-json\/wp\/v2\/comments?post=424"}],"version-history":[{"count":4,"href":"https:\/\/centromediconayade.com\/es\/wp-json\/wp\/v2\/pages\/424\/revisions"}],"predecessor-version":[{"id":1377,"href":"https:\/\/centromediconayade.com\/es\/wp-json\/wp\/v2\/pages\/424\/revisions\/1377"}],"up":[{"embeddable":true,"href":"https:\/\/centromediconayade.com\/es\/wp-json\/wp\/v2\/pages\/343"}],"wp:featuredmedia":[{"embeddable":true,"href":"https:\/\/centromediconayade.com\/es\/wp-json\/wp\/v2\/media\/482"}],"wp:attachment":[{"href":"https:\/\/centromediconayade.com\/es\/wp-json\/wp\/v2\/media?parent=424"}],"curies":[{"name":"wp","href":"https:\/\/api.w.org\/{rel}","templated":true}]}}