{"id":434,"date":"2021-12-23T14:21:11","date_gmt":"2021-12-23T13:21:11","guid":{"rendered":"https:\/\/nayade.publitesa.es\/?page_id=434"},"modified":"2022-04-05T12:21:08","modified_gmt":"2022-04-05T10:21:08","slug":"fisioterapia-terrassa","status":"publish","type":"page","link":"https:\/\/centromediconayade.com\/es\/especialidades-medicas\/fisioterapia-terrassa\/","title":{"rendered":"Fisioterapia"},"content":{"rendered":"<div class=\"wpb-content-wrapper\">[vc_row css_animation=\u00bb\u00bb row_type=\u00bbrow\u00bb use_row_as_full_screen_section=\u00bbno\u00bb type=\u00bbgrid\u00bb angled_section=\u00bbno\u00bb text_align=\u00bbleft\u00bb background_image_as_pattern=\u00bbwithout_pattern\u00bb z_index=\u00bb\u00bb el_class=\u00bbpagespecontainer\u00bb][vc_column][vc_row_inner row_type=\u00bbrow\u00bb type=\u00bbfull_width\u00bb text_align=\u00bbleft\u00bb css_animation=\u00bb\u00bb el_class=\u00bbpagespecontent\u00bb][vc_column_inner width=\u00bb1\/5&#8243;][vc_widget_sidebar sidebar_id=\u00bbvertical_menu_area\u00bb el_class=\u00bbespesubmenu1&#8243;][\/vc_column_inner][vc_column_inner el_class=\u00bbespemidcol1&#8243; width=\u00bb2\/5&#8243;][vc_column_text el_class=\u00bbespesubtit1 espesubtit1h2&#8243;]No solo<\/p>\n<h2>tratamos el dolor existente<\/h2>\n<p>, si no que<\/p>\n<h2>prevenimos la aparici\u00f3n de nuevas lesiones<\/h2>\n<p>.[\/vc_column_text][vc_column_text]Con la fisioterapia prevenimos, mantenemos y recuperamos la funcionalidad de tu cuerpo: no solo tratamos el dolor o patolog\u00edas existentes, si no que con las t\u00e9cnicas adecuadas prevenimos la aparici\u00f3n de nuevas dolencias o lesiones.<\/p>\n<p>Cada lesi\u00f3n necesita un tratamiento y planificaci\u00f3n concreta de las diferentes acciones. Por eso actuamos de forma personalizada e individualizada con cada paciente, despu\u00e9s de una valoraci\u00f3n y exploraci\u00f3n, consiguiendo as\u00ed resultados \u00f3ptimos.<\/p>\n<p>Trabajamos englobando todos los aspectos que influyen en la patolog\u00eda presentada por el paciente.<\/p>\n<h4>Contamos con distintas subespecialidades:<\/h4>\n<ul>\n<li>Fisioterapia musculo-esquel\u00e9tica<\/li>\n<li>Rehabilitaci\u00f3n del suelo p\u00e9lvico y preparaci\u00f3n para el parto<\/li>\n<li>Reeducaci\u00f3n y acompa\u00f1amiento al dolor cr\u00f3nico<\/li>\n<li>Fisioterapia respiratoria<\/li>\n<li>Rehabilitaci\u00f3n vestibular<\/li>\n<\/ul>\n<h4>Y lo hacemos con los siguientes tratamientos:<\/h4>\n<ul>\n<li>Terapia manual (movilizaciones y masoterapia)<\/li>\n<li>Ejercicios terap\u00e9uticos<\/li>\n<li>Electroestimulaci\u00f3n<\/li>\n<li>Magnetoterapia<\/li>\n<li>Ultrasonido<\/li>\n<li>Termoterapia<\/li>\n<li>Ejercicios abdominales hipopresivos<\/li>\n<li>Drenaje linf\u00e1tico<\/li>\n<\/ul>\n[\/vc_column_text][vc_column_text el_class=\u00bbespefirma1&#8243;]Dra. N\u00faria Mart\u00ed<br \/>\nDra. Anna Trigueros[\/vc_column_text][\/vc_column_inner][vc_column_inner el_class=\u00bbespemidcol2&#8243; width=\u00bb2\/5&#8243;][vc_single_image image=\u00bb516&#8243; img_size=\u00bbfull\u00bb alignment=\u00bbright\u00bb qode_css_animation=\u00bb\u00bb][vc_single_image image=\u00bb518&#8243; img_size=\u00bbfull\u00bb alignment=\u00bbright\u00bb qode_css_animation=\u00bb\u00bb][\/vc_column_inner][\/vc_row_inner][\/vc_column][\/vc_row]\n<\/div>","protected":false},"excerpt":{"rendered":"<p>[vc_row css_animation=\u00bb\u00bb row_type=\u00bbrow\u00bb use_row_as_full_screen_section=\u00bbno\u00bb type=\u00bbgrid\u00bb angled_section=\u00bbno\u00bb text_align=\u00bbleft\u00bb background_image_as_pattern=\u00bbwithout_pattern\u00bb z_index=\u00bb\u00bb el_class=\u00bbpagespecontainer\u00bb][vc_column][vc_row_inner row_type=\u00bbrow\u00bb type=\u00bbfull_width\u00bb text_align=\u00bbleft\u00bb css_animation=\u00bb\u00bb el_class=\u00bbpagespecontent\u00bb][vc_column_inner width=\u00bb1\/5&#8243;][vc_widget_sidebar sidebar_id=\u00bbvertical_menu_area\u00bb el_class=\u00bbespesubmenu1&#8243;][\/vc_column_inner][vc_column_inner el_class=\u00bbespemidcol1&#8243; width=\u00bb2\/5&#8243;][vc_column_text el_class=\u00bbespesubtit1 espesubtit1h2&#8243;]No solo tratamos el dolor existente , si no que prevenimos la aparici\u00f3n de nuevas lesiones .[\/vc_column_text][vc_column_text]Con la fisioterapia prevenimos, mantenemos y recuperamos la&#8230;<\/p>\n","protected":false},"author":1,"featured_media":516,"parent":343,"menu_order":51,"comment_status":"closed","ping_status":"closed","template":"","meta":{"_acf_changed":false,"inline_featured_image":false,"footnotes":""},"acf":[],"yoast_head":"<!-- This site is optimized with the Yoast SEO plugin v23.1 - https:\/\/yoast.com\/wordpress\/plugins\/seo\/ -->\n<title>Fisioterapia en Terrassa &#8211; Centro m\u00e9dico N\u00e1yade<\/title>\n<meta name=\"description\" content=\"Centro m\u00e9dico N\u00e1yade. Especialidad Fisioterapia. No solo tratamos el dolor existente, si no que prevenimos la aparici\u00f3n de nuevas lesiones. Con la...\" \/>\n<meta name=\"robots\" content=\"index, follow, max-snippet:-1, max-image-preview:large, max-video-preview:-1\" \/>\n<link rel=\"canonical\" href=\"https:\/\/centromediconayade.com\/es\/especialidades-medicas\/fisioterapia-terrassa\/\" \/>\n<meta property=\"og:locale\" content=\"es_ES\" \/>\n<meta property=\"og:type\" content=\"article\" \/>\n<meta property=\"og:title\" content=\"Fisioterapia en Terrassa &#8211; Centro m\u00e9dico N\u00e1yade\" \/>\n<meta property=\"og:description\" content=\"Centro m\u00e9dico N\u00e1yade. Especialidad Fisioterapia. No solo tratamos el dolor existente, si no que prevenimos la aparici\u00f3n de nuevas lesiones. Con la...\" \/>\n<meta property=\"og:url\" content=\"https:\/\/centromediconayade.com\/es\/especialidades-medicas\/fisioterapia-terrassa\/\" \/>\n<meta property=\"og:site_name\" content=\"Centro m\u00e9dico N\u00e1yade\" \/>\n<meta property=\"article:modified_time\" content=\"2022-04-05T10:21:08+00:00\" \/>\n<meta property=\"og:image\" content=\"https:\/\/centromediconayade.com\/wp-content\/uploads\/2021\/12\/fisioterapia-terrassa-nayade-es1.jpg\" \/>\n\t<meta property=\"og:image:width\" content=\"800\" \/>\n\t<meta property=\"og:image:height\" content=\"532\" \/>\n\t<meta property=\"og:image:type\" content=\"image\/jpeg\" \/>\n<meta name=\"twitter:card\" content=\"summary_large_image\" \/>\n<meta name=\"twitter:label1\" content=\"Tiempo de lectura\" \/>\n\t<meta name=\"twitter:data1\" content=\"2 minutos\" \/>\n<script type=\"application\/ld+json\" class=\"yoast-schema-graph\">{\"@context\":\"https:\/\/schema.org\",\"@graph\":[{\"@type\":\"WebPage\",\"@id\":\"https:\/\/centromediconayade.com\/es\/especialidades-medicas\/fisioterapia-terrassa\/\",\"url\":\"https:\/\/centromediconayade.com\/es\/especialidades-medicas\/fisioterapia-terrassa\/\",\"name\":\"Fisioterapia en Terrassa &#8211; Centro m\u00e9dico N\u00e1yade\",\"isPartOf\":{\"@id\":\"https:\/\/centromediconayade.com\/es\/#website\"},\"primaryImageOfPage\":{\"@id\":\"https:\/\/centromediconayade.com\/es\/especialidades-medicas\/fisioterapia-terrassa\/#primaryimage\"},\"image\":{\"@id\":\"https:\/\/centromediconayade.com\/es\/especialidades-medicas\/fisioterapia-terrassa\/#primaryimage\"},\"thumbnailUrl\":\"https:\/\/centromediconayade.com\/wp-content\/uploads\/2021\/12\/fisioterapia-terrassa-nayade-es1.jpg\",\"datePublished\":\"2021-12-23T13:21:11+00:00\",\"dateModified\":\"2022-04-05T10:21:08+00:00\",\"description\":\"Centro m\u00e9dico N\u00e1yade. Especialidad Fisioterapia. No solo tratamos el dolor existente, si no que prevenimos la aparici\u00f3n de nuevas lesiones. Con la...\",\"breadcrumb\":{\"@id\":\"https:\/\/centromediconayade.com\/es\/especialidades-medicas\/fisioterapia-terrassa\/#breadcrumb\"},\"inLanguage\":\"es\",\"potentialAction\":[{\"@type\":\"ReadAction\",\"target\":[\"https:\/\/centromediconayade.com\/es\/especialidades-medicas\/fisioterapia-terrassa\/\"]}]},{\"@type\":\"ImageObject\",\"inLanguage\":\"es\",\"@id\":\"https:\/\/centromediconayade.com\/es\/especialidades-medicas\/fisioterapia-terrassa\/#primaryimage\",\"url\":\"https:\/\/centromediconayade.com\/wp-content\/uploads\/2021\/12\/fisioterapia-terrassa-nayade-es1.jpg\",\"contentUrl\":\"https:\/\/centromediconayade.com\/wp-content\/uploads\/2021\/12\/fisioterapia-terrassa-nayade-es1.jpg\",\"width\":800,\"height\":532,\"caption\":\"Fisioterapia a Terrassa, Centre m\u00e8dic N\u00e1yade\"},{\"@type\":\"BreadcrumbList\",\"@id\":\"https:\/\/centromediconayade.com\/es\/especialidades-medicas\/fisioterapia-terrassa\/#breadcrumb\",\"itemListElement\":[{\"@type\":\"ListItem\",\"position\":1,\"name\":\"Inicio\",\"item\":\"https:\/\/centromediconayade.com\/es\/\"},{\"@type\":\"ListItem\",\"position\":2,\"name\":\"Especialidades m\u00e9dicas\",\"item\":\"https:\/\/centromediconayade.com\/es\/especialidades-medicas\/\"},{\"@type\":\"ListItem\",\"position\":3,\"name\":\"Fisioterapia\"}]},{\"@type\":\"WebSite\",\"@id\":\"https:\/\/centromediconayade.com\/es\/#website\",\"url\":\"https:\/\/centromediconayade.com\/es\/\",\"name\":\"Centro m\u00e9dico N\u00e1yade\",\"description\":\"\",\"publisher\":{\"@id\":\"https:\/\/centromediconayade.com\/es\/#organization\"},\"potentialAction\":[{\"@type\":\"SearchAction\",\"target\":{\"@type\":\"EntryPoint\",\"urlTemplate\":\"https:\/\/centromediconayade.com\/es\/?s={search_term_string}\"},\"query-input\":\"required name=search_term_string\"}],\"inLanguage\":\"es\"},{\"@type\":\"Organization\",\"@id\":\"https:\/\/centromediconayade.com\/es\/#organization\",\"name\":\"Centro m\u00e9dico N\u00e1yade\",\"url\":\"https:\/\/centromediconayade.com\/es\/\",\"logo\":{\"@type\":\"ImageObject\",\"inLanguage\":\"es\",\"@id\":\"https:\/\/centromediconayade.com\/es\/#\/schema\/logo\/image\/\",\"url\":\"http:\/\/s1003288360.mialojamiento.es\/wp-content\/uploads\/2021\/12\/centre-medic-nayade-tl1.png\",\"contentUrl\":\"http:\/\/s1003288360.mialojamiento.es\/wp-content\/uploads\/2021\/12\/centre-medic-nayade-tl1.png\",\"width\":360,\"height\":108,\"caption\":\"Centro m\u00e9dico N\u00e1yade\"},\"image\":{\"@id\":\"https:\/\/centromediconayade.com\/es\/#\/schema\/logo\/image\/\"}}]}<\/script>\n<!-- \/ Yoast SEO plugin. -->","yoast_head_json":{"title":"Fisioterapia en Terrassa &#8211; Centro m\u00e9dico N\u00e1yade","description":"Centro m\u00e9dico N\u00e1yade. Especialidad Fisioterapia. No solo tratamos el dolor existente, si no que prevenimos la aparici\u00f3n de nuevas lesiones. Con la...","robots":{"index":"index","follow":"follow","max-snippet":"max-snippet:-1","max-image-preview":"max-image-preview:large","max-video-preview":"max-video-preview:-1"},"canonical":"https:\/\/centromediconayade.com\/es\/especialidades-medicas\/fisioterapia-terrassa\/","og_locale":"es_ES","og_type":"article","og_title":"Fisioterapia en Terrassa &#8211; Centro m\u00e9dico N\u00e1yade","og_description":"Centro m\u00e9dico N\u00e1yade. Especialidad Fisioterapia. No solo tratamos el dolor existente, si no que prevenimos la aparici\u00f3n de nuevas lesiones. Con la...","og_url":"https:\/\/centromediconayade.com\/es\/especialidades-medicas\/fisioterapia-terrassa\/","og_site_name":"Centro m\u00e9dico N\u00e1yade","article_modified_time":"2022-04-05T10:21:08+00:00","og_image":[{"width":800,"height":532,"url":"https:\/\/centromediconayade.com\/wp-content\/uploads\/2021\/12\/fisioterapia-terrassa-nayade-es1.jpg","type":"image\/jpeg"}],"twitter_card":"summary_large_image","twitter_misc":{"Tiempo de lectura":"2 minutos"},"schema":{"@context":"https:\/\/schema.org","@graph":[{"@type":"WebPage","@id":"https:\/\/centromediconayade.com\/es\/especialidades-medicas\/fisioterapia-terrassa\/","url":"https:\/\/centromediconayade.com\/es\/especialidades-medicas\/fisioterapia-terrassa\/","name":"Fisioterapia en Terrassa &#8211; Centro m\u00e9dico N\u00e1yade","isPartOf":{"@id":"https:\/\/centromediconayade.com\/es\/#website"},"primaryImageOfPage":{"@id":"https:\/\/centromediconayade.com\/es\/especialidades-medicas\/fisioterapia-terrassa\/#primaryimage"},"image":{"@id":"https:\/\/centromediconayade.com\/es\/especialidades-medicas\/fisioterapia-terrassa\/#primaryimage"},"thumbnailUrl":"https:\/\/centromediconayade.com\/wp-content\/uploads\/2021\/12\/fisioterapia-terrassa-nayade-es1.jpg","datePublished":"2021-12-23T13:21:11+00:00","dateModified":"2022-04-05T10:21:08+00:00","description":"Centro m\u00e9dico N\u00e1yade. Especialidad Fisioterapia. No solo tratamos el dolor existente, si no que prevenimos la aparici\u00f3n de nuevas lesiones. Con la...","breadcrumb":{"@id":"https:\/\/centromediconayade.com\/es\/especialidades-medicas\/fisioterapia-terrassa\/#breadcrumb"},"inLanguage":"es","potentialAction":[{"@type":"ReadAction","target":["https:\/\/centromediconayade.com\/es\/especialidades-medicas\/fisioterapia-terrassa\/"]}]},{"@type":"ImageObject","inLanguage":"es","@id":"https:\/\/centromediconayade.com\/es\/especialidades-medicas\/fisioterapia-terrassa\/#primaryimage","url":"https:\/\/centromediconayade.com\/wp-content\/uploads\/2021\/12\/fisioterapia-terrassa-nayade-es1.jpg","contentUrl":"https:\/\/centromediconayade.com\/wp-content\/uploads\/2021\/12\/fisioterapia-terrassa-nayade-es1.jpg","width":800,"height":532,"caption":"Fisioterapia a Terrassa, Centre m\u00e8dic N\u00e1yade"},{"@type":"BreadcrumbList","@id":"https:\/\/centromediconayade.com\/es\/especialidades-medicas\/fisioterapia-terrassa\/#breadcrumb","itemListElement":[{"@type":"ListItem","position":1,"name":"Inicio","item":"https:\/\/centromediconayade.com\/es\/"},{"@type":"ListItem","position":2,"name":"Especialidades m\u00e9dicas","item":"https:\/\/centromediconayade.com\/es\/especialidades-medicas\/"},{"@type":"ListItem","position":3,"name":"Fisioterapia"}]},{"@type":"WebSite","@id":"https:\/\/centromediconayade.com\/es\/#website","url":"https:\/\/centromediconayade.com\/es\/","name":"Centro m\u00e9dico N\u00e1yade","description":"","publisher":{"@id":"https:\/\/centromediconayade.com\/es\/#organization"},"potentialAction":[{"@type":"SearchAction","target":{"@type":"EntryPoint","urlTemplate":"https:\/\/centromediconayade.com\/es\/?s={search_term_string}"},"query-input":"required name=search_term_string"}],"inLanguage":"es"},{"@type":"Organization","@id":"https:\/\/centromediconayade.com\/es\/#organization","name":"Centro m\u00e9dico N\u00e1yade","url":"https:\/\/centromediconayade.com\/es\/","logo":{"@type":"ImageObject","inLanguage":"es","@id":"https:\/\/centromediconayade.com\/es\/#\/schema\/logo\/image\/","url":"http:\/\/s1003288360.mialojamiento.es\/wp-content\/uploads\/2021\/12\/centre-medic-nayade-tl1.png","contentUrl":"http:\/\/s1003288360.mialojamiento.es\/wp-content\/uploads\/2021\/12\/centre-medic-nayade-tl1.png","width":360,"height":108,"caption":"Centro m\u00e9dico N\u00e1yade"},"image":{"@id":"https:\/\/centromediconayade.com\/es\/#\/schema\/logo\/image\/"}}]}},"_links":{"self":[{"href":"https:\/\/centromediconayade.com\/es\/wp-json\/wp\/v2\/pages\/434"}],"collection":[{"href":"https:\/\/centromediconayade.com\/es\/wp-json\/wp\/v2\/pages"}],"about":[{"href":"https:\/\/centromediconayade.com\/es\/wp-json\/wp\/v2\/types\/page"}],"author":[{"embeddable":true,"href":"https:\/\/centromediconayade.com\/es\/wp-json\/wp\/v2\/users\/1"}],"replies":[{"embeddable":true,"href":"https:\/\/centromediconayade.com\/es\/wp-json\/wp\/v2\/comments?post=434"}],"version-history":[{"count":3,"href":"https:\/\/centromediconayade.com\/es\/wp-json\/wp\/v2\/pages\/434\/revisions"}],"predecessor-version":[{"id":1383,"href":"https:\/\/centromediconayade.com\/es\/wp-json\/wp\/v2\/pages\/434\/revisions\/1383"}],"up":[{"embeddable":true,"href":"https:\/\/centromediconayade.com\/es\/wp-json\/wp\/v2\/pages\/343"}],"wp:featuredmedia":[{"embeddable":true,"href":"https:\/\/centromediconayade.com\/es\/wp-json\/wp\/v2\/media\/516"}],"wp:attachment":[{"href":"https:\/\/centromediconayade.com\/es\/wp-json\/wp\/v2\/media?parent=434"}],"curies":[{"name":"wp","href":"https:\/\/api.w.org\/{rel}","templated":true}]}}