{"id":520,"date":"2021-12-23T15:10:37","date_gmt":"2021-12-23T14:10:37","guid":{"rendered":"https:\/\/nayade.publitesa.es\/?page_id=520"},"modified":"2023-10-02T12:32:23","modified_gmt":"2023-10-02T10:32:23","slug":"clinica-dental-terrassa","status":"publish","type":"page","link":"https:\/\/centromediconayade.com\/es\/clinica-dental-terrassa\/","title":{"rendered":"Cl\u00ednica Dental en Terrassa"},"content":{"rendered":"<div class=\"wpb-content-wrapper\">[vc_row css_animation=\u00bbelement_from_left\u00bb row_type=\u00bbrow\u00bb use_row_as_full_screen_section=\u00bbno\u00bb type=\u00bbgrid\u00bb angled_section=\u00bbno\u00bb text_align=\u00bbleft\u00bb background_image_as_pattern=\u00bbwithout_pattern\u00bb css=\u00bb.vc_custom_1696242736284{padding-top: 44px !important;padding-bottom: 44px !important;background-color: #00addb !important;background-position: center !important;background-repeat: no-repeat !important;background-size: cover !important;}\u00bb z_index=\u00bb\u00bb el_class=\u00bbhomectabut0&#8243;][vc_column][qode_elements_holder number_of_columns=\u00bbtwo_columns\u00bb columns_proportion=\u00bb66_33&#8243; alignment_one_column=\u00bbcenter\u00bb][qode_elements_holder_item vertical_alignment=\u00bbmiddle\u00bb advanced_animations=\u00bbno\u00bb item_padding=\u00bb0 35px 0 0&#8243; item_padding_600_768=\u00bb0 0 22px 0&#8243; item_padding_480_600=\u00bb0 0 22px 0&#8243; item_padding_480=\u00bb0 0 22px 0&#8243;][vc_column_text el_class=\u00bbhomebutcta2&#8243;]\n<h1><span style=\"color: #ffffff;\"><strong>1\u00aa VISITA GRATUITA + ORTOPANTOMOGRAFIA<\/strong><\/span><\/h1>\n[\/vc_column_text][\/qode_elements_holder_item][\/qode_elements_holder][\/vc_column][\/vc_row][vc_row css_animation=\u00bb\u00bb row_type=\u00bbrow\u00bb use_row_as_full_screen_section=\u00bbno\u00bb type=\u00bbgrid\u00bb angled_section=\u00bbno\u00bb text_align=\u00bbleft\u00bb background_image_as_pattern=\u00bbwithout_pattern\u00bb z_index=\u00bb\u00bb el_class=\u00bbpagespecontainer\u00bb][vc_column][vc_row_inner row_type=\u00bbrow\u00bb type=\u00bbfull_width\u00bb text_align=\u00bbleft\u00bb css_animation=\u00bb\u00bb el_class=\u00bbpagespecontent\u00bb][vc_column_inner el_class=\u00bbespemidcol1 espemidcol1dent\u00bb width=\u00bb1\/2&#8243;][vc_column_text]Cuidamos tu sonrisa con las t\u00e9cnicas m\u00e1s innovadoras e indoloras. Trabajamos con la \u00faltima tecnolog\u00eda para que consigas la sonrisa que siempre has so\u00f1ado y disfrutes de la mejor salud bucodental.<\/p>\n<p>Nuestros profesionales estudian tu caso y hacen una valoraci\u00f3n personalizada para aplicarte el mejor tratamiento. Contamos con m\u00e1s de 10 especialidades odontol\u00f3gicas para prevenir, diagnosticar y tratar las diferentes patolog\u00edas que pueden aparecer a nuestros pacientes.[\/vc_column_text][vc_column_text el_class=\u00bbcontentpagebold1&#8243;]\n<h4>Especialidades:<\/h4>\n<div class=\"gca-column one-half first\"><ul>\n<li>\n<h2>Odontolog\u00eda general<\/h2>\n<\/li>\n<li>\n<h2>Endodoncias<\/h2>\n<\/li>\n<li>\n<h2>Pr\u00f3tesis fijas y movibles<\/h2>\n<\/li>\n<li>\n<h2>Implantes<\/h2>\n<\/li>\n<li>\n<h2>Cirug\u00eda periodontal<\/h2>\n<\/li>\n<li>\n<h2>Periodoncia<\/h2>\n<\/li>\n<li>\n<h2>Extracciones dentales<\/h2>\n<\/li>\n<\/ul><\/div><div class=\"gca-column one-half\"><ul>\n<li>\n<h2>Ortodoncia<\/h2>\n<\/li>\n<li>\n<h2>Ortodoncia invisible<\/h2>\n<\/li>\n<li>\n<h2>Est\u00e9tica dental<\/h2>\n<\/li>\n<li>\n<h2>Rehabilitaci\u00f3n de pr\u00f3tesis sobre implantes<\/h2>\n<\/li>\n<li>\n<h2>Odontopediatr\u00eda<\/h2>\n<\/li>\n<\/ul><\/div>[\/vc_column_text][vc_column_text]\n<h4>Nuestros doctores:<\/h4>\n<ul>\n<li>Judith Sanmiquel \u2014 Odontolog\u00eda general<\/li>\n<li>Joel Gallart \u2014 Odontolog\u00eda general<\/li>\n<li>Leila Caprin \u2014 Ortodoncia<\/li>\n<li>Claudia Florez \u2014 Odontolog\u00eda general, odontopediatr\u00eda,<br \/>\nimplantolog\u00eda y est\u00e9tica dental<\/li>\n<li>Anna Ma\u00f1es \u2014 Cirug\u00eda<\/li>\n<li>Irene Toro \u2014 Implantolog\u00eda<\/li>\n<li>Adri\u00e0 Vila \u2014 Endodoncia<\/li>\n<\/ul>\n[\/vc_column_text][\/vc_column_inner][vc_column_inner el_class=\u00bbespemidcol2 espemidcol2dent\u00bb width=\u00bb1\/2&#8243;][vc_single_image image=\u00bb524&#8243; img_size=\u00bbfull\u00bb alignment=\u00bbright\u00bb qode_css_animation=\u00bb\u00bb][vc_single_image image=\u00bb527&#8243; img_size=\u00bbfull\u00bb alignment=\u00bbright\u00bb qode_css_animation=\u00bb\u00bb][\/vc_column_inner][\/vc_row_inner][\/vc_column][\/vc_row]\n<\/div>","protected":false},"excerpt":{"rendered":"<p>[vc_row css_animation=\u00bbelement_from_left\u00bb row_type=\u00bbrow\u00bb use_row_as_full_screen_section=\u00bbno\u00bb type=\u00bbgrid\u00bb angled_section=\u00bbno\u00bb text_align=\u00bbleft\u00bb background_image_as_pattern=\u00bbwithout_pattern\u00bb css=\u00bb.vc_custom_1696242736284{padding-top: 44px !important;padding-bottom: 44px !important;background-color: #00addb !important;background-position: center !important;background-repeat: no-repeat !important;background-size: cover !important;}\u00bb z_index=\u00bb\u00bb el_class=\u00bbhomectabut0&#8243;][vc_column][qode_elements_holder number_of_columns=\u00bbtwo_columns\u00bb columns_proportion=\u00bb66_33&#8243; alignment_one_column=\u00bbcenter\u00bb][qode_elements_holder_item vertical_alignment=\u00bbmiddle\u00bb advanced_animations=\u00bbno\u00bb item_padding=\u00bb0 35px 0 0&#8243; item_padding_600_768=\u00bb0 0 22px 0&#8243; item_padding_480_600=\u00bb0 0 22px 0&#8243; item_padding_480=\u00bb0 0 22px 0&#8243;][vc_column_text el_class=\u00bbhomebutcta2&#8243;]&#8230;<\/p>\n","protected":false},"author":1,"featured_media":524,"parent":0,"menu_order":55,"comment_status":"closed","ping_status":"closed","template":"","meta":{"_acf_changed":false,"inline_featured_image":false,"footnotes":""},"acf":[],"yoast_head":"<!-- This site is optimized with the Yoast SEO plugin v23.1 - https:\/\/yoast.com\/wordpress\/plugins\/seo\/ -->\n<title>Cl\u00ednica Dental en Terrassa &#8211; Centro m\u00e9dico N\u00e1yade<\/title>\n<meta name=\"description\" content=\"Cl\u00ednica Dental en Terrassa. Centro m\u00e9dico N\u00e1yade. Cuidamos tu sonrisa con las t\u00e9cnicas m\u00e1s innovadoras e indoloras. Trabajamos con la \u00faltima tecnolog\u00eda...\" \/>\n<meta name=\"robots\" content=\"index, follow, max-snippet:-1, max-image-preview:large, max-video-preview:-1\" \/>\n<link rel=\"canonical\" href=\"https:\/\/centromediconayade.com\/es\/clinica-dental-terrassa\/\" \/>\n<meta property=\"og:locale\" content=\"es_ES\" \/>\n<meta property=\"og:type\" content=\"article\" \/>\n<meta property=\"og:title\" content=\"Cl\u00ednica Dental en Terrassa &#8211; Centro m\u00e9dico N\u00e1yade\" \/>\n<meta property=\"og:description\" content=\"Cl\u00ednica Dental en Terrassa. Centro m\u00e9dico N\u00e1yade. Cuidamos tu sonrisa con las t\u00e9cnicas m\u00e1s innovadoras e indoloras. Trabajamos con la \u00faltima tecnolog\u00eda...\" \/>\n<meta property=\"og:url\" content=\"https:\/\/centromediconayade.com\/es\/clinica-dental-terrassa\/\" \/>\n<meta property=\"og:site_name\" content=\"Centro m\u00e9dico N\u00e1yade\" \/>\n<meta property=\"article:modified_time\" content=\"2023-10-02T10:32:23+00:00\" \/>\n<meta property=\"og:image\" content=\"https:\/\/centromediconayade.com\/wp-content\/uploads\/2021\/12\/clinica-dental-terrassa-nayade-cd1.jpg\" \/>\n\t<meta property=\"og:image:width\" content=\"1200\" \/>\n\t<meta property=\"og:image:height\" content=\"800\" \/>\n\t<meta property=\"og:image:type\" content=\"image\/jpeg\" \/>\n<meta name=\"twitter:card\" content=\"summary_large_image\" \/>\n<meta name=\"twitter:label1\" content=\"Tiempo de lectura\" \/>\n\t<meta name=\"twitter:data1\" content=\"1 minuto\" \/>\n<script type=\"application\/ld+json\" class=\"yoast-schema-graph\">{\"@context\":\"https:\/\/schema.org\",\"@graph\":[{\"@type\":\"WebPage\",\"@id\":\"https:\/\/centromediconayade.com\/es\/clinica-dental-terrassa\/\",\"url\":\"https:\/\/centromediconayade.com\/es\/clinica-dental-terrassa\/\",\"name\":\"Cl\u00ednica Dental en Terrassa &#8211; Centro m\u00e9dico N\u00e1yade\",\"isPartOf\":{\"@id\":\"https:\/\/centromediconayade.com\/es\/#website\"},\"primaryImageOfPage\":{\"@id\":\"https:\/\/centromediconayade.com\/es\/clinica-dental-terrassa\/#primaryimage\"},\"image\":{\"@id\":\"https:\/\/centromediconayade.com\/es\/clinica-dental-terrassa\/#primaryimage\"},\"thumbnailUrl\":\"https:\/\/centromediconayade.com\/wp-content\/uploads\/2021\/12\/clinica-dental-terrassa-nayade-cd1.jpg\",\"datePublished\":\"2021-12-23T14:10:37+00:00\",\"dateModified\":\"2023-10-02T10:32:23+00:00\",\"description\":\"Cl\u00ednica Dental en Terrassa. Centro m\u00e9dico N\u00e1yade. Cuidamos tu sonrisa con las t\u00e9cnicas m\u00e1s innovadoras e indoloras. Trabajamos con la \u00faltima tecnolog\u00eda...\",\"breadcrumb\":{\"@id\":\"https:\/\/centromediconayade.com\/es\/clinica-dental-terrassa\/#breadcrumb\"},\"inLanguage\":\"es\",\"potentialAction\":[{\"@type\":\"ReadAction\",\"target\":[\"https:\/\/centromediconayade.com\/es\/clinica-dental-terrassa\/\"]}]},{\"@type\":\"ImageObject\",\"inLanguage\":\"es\",\"@id\":\"https:\/\/centromediconayade.com\/es\/clinica-dental-terrassa\/#primaryimage\",\"url\":\"https:\/\/centromediconayade.com\/wp-content\/uploads\/2021\/12\/clinica-dental-terrassa-nayade-cd1.jpg\",\"contentUrl\":\"https:\/\/centromediconayade.com\/wp-content\/uploads\/2021\/12\/clinica-dental-terrassa-nayade-cd1.jpg\",\"width\":1200,\"height\":800,\"caption\":\"Cl\u00ednica Dental a Terrassa, Centre m\u00e8dic N\u00e1yade\"},{\"@type\":\"BreadcrumbList\",\"@id\":\"https:\/\/centromediconayade.com\/es\/clinica-dental-terrassa\/#breadcrumb\",\"itemListElement\":[{\"@type\":\"ListItem\",\"position\":1,\"name\":\"Inicio\",\"item\":\"https:\/\/centromediconayade.com\/es\/\"},{\"@type\":\"ListItem\",\"position\":2,\"name\":\"Cl\u00ednica Dental en Terrassa\"}]},{\"@type\":\"WebSite\",\"@id\":\"https:\/\/centromediconayade.com\/es\/#website\",\"url\":\"https:\/\/centromediconayade.com\/es\/\",\"name\":\"Centro m\u00e9dico N\u00e1yade\",\"description\":\"\",\"publisher\":{\"@id\":\"https:\/\/centromediconayade.com\/es\/#organization\"},\"potentialAction\":[{\"@type\":\"SearchAction\",\"target\":{\"@type\":\"EntryPoint\",\"urlTemplate\":\"https:\/\/centromediconayade.com\/es\/?s={search_term_string}\"},\"query-input\":\"required name=search_term_string\"}],\"inLanguage\":\"es\"},{\"@type\":\"Organization\",\"@id\":\"https:\/\/centromediconayade.com\/es\/#organization\",\"name\":\"Centro m\u00e9dico N\u00e1yade\",\"url\":\"https:\/\/centromediconayade.com\/es\/\",\"logo\":{\"@type\":\"ImageObject\",\"inLanguage\":\"es\",\"@id\":\"https:\/\/centromediconayade.com\/es\/#\/schema\/logo\/image\/\",\"url\":\"http:\/\/s1003288360.mialojamiento.es\/wp-content\/uploads\/2021\/12\/centre-medic-nayade-tl1.png\",\"contentUrl\":\"http:\/\/s1003288360.mialojamiento.es\/wp-content\/uploads\/2021\/12\/centre-medic-nayade-tl1.png\",\"width\":360,\"height\":108,\"caption\":\"Centro m\u00e9dico N\u00e1yade\"},\"image\":{\"@id\":\"https:\/\/centromediconayade.com\/es\/#\/schema\/logo\/image\/\"}}]}<\/script>\n<!-- \/ Yoast SEO plugin. -->","yoast_head_json":{"title":"Cl\u00ednica Dental en Terrassa &#8211; Centro m\u00e9dico N\u00e1yade","description":"Cl\u00ednica Dental en Terrassa. Centro m\u00e9dico N\u00e1yade. Cuidamos tu sonrisa con las t\u00e9cnicas m\u00e1s innovadoras e indoloras. Trabajamos con la \u00faltima tecnolog\u00eda...","robots":{"index":"index","follow":"follow","max-snippet":"max-snippet:-1","max-image-preview":"max-image-preview:large","max-video-preview":"max-video-preview:-1"},"canonical":"https:\/\/centromediconayade.com\/es\/clinica-dental-terrassa\/","og_locale":"es_ES","og_type":"article","og_title":"Cl\u00ednica Dental en Terrassa &#8211; Centro m\u00e9dico N\u00e1yade","og_description":"Cl\u00ednica Dental en Terrassa. Centro m\u00e9dico N\u00e1yade. Cuidamos tu sonrisa con las t\u00e9cnicas m\u00e1s innovadoras e indoloras. Trabajamos con la \u00faltima tecnolog\u00eda...","og_url":"https:\/\/centromediconayade.com\/es\/clinica-dental-terrassa\/","og_site_name":"Centro m\u00e9dico N\u00e1yade","article_modified_time":"2023-10-02T10:32:23+00:00","og_image":[{"width":1200,"height":800,"url":"https:\/\/centromediconayade.com\/wp-content\/uploads\/2021\/12\/clinica-dental-terrassa-nayade-cd1.jpg","type":"image\/jpeg"}],"twitter_card":"summary_large_image","twitter_misc":{"Tiempo de lectura":"1 minuto"},"schema":{"@context":"https:\/\/schema.org","@graph":[{"@type":"WebPage","@id":"https:\/\/centromediconayade.com\/es\/clinica-dental-terrassa\/","url":"https:\/\/centromediconayade.com\/es\/clinica-dental-terrassa\/","name":"Cl\u00ednica Dental en Terrassa &#8211; Centro m\u00e9dico N\u00e1yade","isPartOf":{"@id":"https:\/\/centromediconayade.com\/es\/#website"},"primaryImageOfPage":{"@id":"https:\/\/centromediconayade.com\/es\/clinica-dental-terrassa\/#primaryimage"},"image":{"@id":"https:\/\/centromediconayade.com\/es\/clinica-dental-terrassa\/#primaryimage"},"thumbnailUrl":"https:\/\/centromediconayade.com\/wp-content\/uploads\/2021\/12\/clinica-dental-terrassa-nayade-cd1.jpg","datePublished":"2021-12-23T14:10:37+00:00","dateModified":"2023-10-02T10:32:23+00:00","description":"Cl\u00ednica Dental en Terrassa. Centro m\u00e9dico N\u00e1yade. Cuidamos tu sonrisa con las t\u00e9cnicas m\u00e1s innovadoras e indoloras. Trabajamos con la \u00faltima tecnolog\u00eda...","breadcrumb":{"@id":"https:\/\/centromediconayade.com\/es\/clinica-dental-terrassa\/#breadcrumb"},"inLanguage":"es","potentialAction":[{"@type":"ReadAction","target":["https:\/\/centromediconayade.com\/es\/clinica-dental-terrassa\/"]}]},{"@type":"ImageObject","inLanguage":"es","@id":"https:\/\/centromediconayade.com\/es\/clinica-dental-terrassa\/#primaryimage","url":"https:\/\/centromediconayade.com\/wp-content\/uploads\/2021\/12\/clinica-dental-terrassa-nayade-cd1.jpg","contentUrl":"https:\/\/centromediconayade.com\/wp-content\/uploads\/2021\/12\/clinica-dental-terrassa-nayade-cd1.jpg","width":1200,"height":800,"caption":"Cl\u00ednica Dental a Terrassa, Centre m\u00e8dic N\u00e1yade"},{"@type":"BreadcrumbList","@id":"https:\/\/centromediconayade.com\/es\/clinica-dental-terrassa\/#breadcrumb","itemListElement":[{"@type":"ListItem","position":1,"name":"Inicio","item":"https:\/\/centromediconayade.com\/es\/"},{"@type":"ListItem","position":2,"name":"Cl\u00ednica Dental en Terrassa"}]},{"@type":"WebSite","@id":"https:\/\/centromediconayade.com\/es\/#website","url":"https:\/\/centromediconayade.com\/es\/","name":"Centro m\u00e9dico N\u00e1yade","description":"","publisher":{"@id":"https:\/\/centromediconayade.com\/es\/#organization"},"potentialAction":[{"@type":"SearchAction","target":{"@type":"EntryPoint","urlTemplate":"https:\/\/centromediconayade.com\/es\/?s={search_term_string}"},"query-input":"required name=search_term_string"}],"inLanguage":"es"},{"@type":"Organization","@id":"https:\/\/centromediconayade.com\/es\/#organization","name":"Centro m\u00e9dico N\u00e1yade","url":"https:\/\/centromediconayade.com\/es\/","logo":{"@type":"ImageObject","inLanguage":"es","@id":"https:\/\/centromediconayade.com\/es\/#\/schema\/logo\/image\/","url":"http:\/\/s1003288360.mialojamiento.es\/wp-content\/uploads\/2021\/12\/centre-medic-nayade-tl1.png","contentUrl":"http:\/\/s1003288360.mialojamiento.es\/wp-content\/uploads\/2021\/12\/centre-medic-nayade-tl1.png","width":360,"height":108,"caption":"Centro m\u00e9dico N\u00e1yade"},"image":{"@id":"https:\/\/centromediconayade.com\/es\/#\/schema\/logo\/image\/"}}]}},"_links":{"self":[{"href":"https:\/\/centromediconayade.com\/es\/wp-json\/wp\/v2\/pages\/520"}],"collection":[{"href":"https:\/\/centromediconayade.com\/es\/wp-json\/wp\/v2\/pages"}],"about":[{"href":"https:\/\/centromediconayade.com\/es\/wp-json\/wp\/v2\/types\/page"}],"author":[{"embeddable":true,"href":"https:\/\/centromediconayade.com\/es\/wp-json\/wp\/v2\/users\/1"}],"replies":[{"embeddable":true,"href":"https:\/\/centromediconayade.com\/es\/wp-json\/wp\/v2\/comments?post=520"}],"version-history":[{"count":5,"href":"https:\/\/centromediconayade.com\/es\/wp-json\/wp\/v2\/pages\/520\/revisions"}],"predecessor-version":[{"id":2099,"href":"https:\/\/centromediconayade.com\/es\/wp-json\/wp\/v2\/pages\/520\/revisions\/2099"}],"wp:featuredmedia":[{"embeddable":true,"href":"https:\/\/centromediconayade.com\/es\/wp-json\/wp\/v2\/media\/524"}],"wp:attachment":[{"href":"https:\/\/centromediconayade.com\/es\/wp-json\/wp\/v2\/media?parent=520"}],"curies":[{"name":"wp","href":"https:\/\/api.w.org\/{rel}","templated":true}]}}