{"id":561,"date":"2022-01-03T09:03:48","date_gmt":"2022-01-03T08:03:48","guid":{"rendered":"https:\/\/nayade.publitesa.es\/?page_id=561"},"modified":"2024-06-06T13:57:09","modified_gmt":"2024-06-06T11:57:09","slug":"tratamientos-hialuronicos-terrassa","status":"publish","type":"page","link":"https:\/\/centromediconayade.com\/es\/medicina-estetica\/tratamientos-hialuronicos-terrassa\/","title":{"rendered":"Tratamientos hialur\u00f3nicos"},"content":{"rendered":"<div class=\"wpb-content-wrapper\">[vc_row css_animation=\u00bb\u00bb row_type=\u00bbrow\u00bb use_row_as_full_screen_section=\u00bbno\u00bb type=\u00bbgrid\u00bb angled_section=\u00bbno\u00bb text_align=\u00bbleft\u00bb background_image_as_pattern=\u00bbwithout_pattern\u00bb z_index=\u00bb\u00bb el_class=\u00bbpagespecontainer\u00bb][vc_column][vc_row_inner row_type=\u00bbrow\u00bb type=\u00bbfull_width\u00bb text_align=\u00bbleft\u00bb css_animation=\u00bb\u00bb el_class=\u00bbpagespecontent\u00bb][vc_column_inner width=\u00bb1\/5&#8243;][vc_widget_sidebar sidebar_id=\u00bbvertical_menu_area\u00bb el_class=\u00bbespesubmenu1&#8243;][\/vc_column_inner][vc_column_inner el_class=\u00bbespemidcol1&#8243; width=\u00bb2\/5&#8243;][vc_column_text el_class=\u00bbacordetotith2&#8243;]\n<h2>Nuestros tratamientos hialur\u00f3nicos<\/h2>\n[\/vc_column_text][vc_column_text el_class=\u00bbmedesteacor1&#8243;]<style>#sp-ea-568 .spcollapsing { height: 0; overflow: hidden; transition-property: height;transition-duration: 300ms;}#sp-ea-568.sp-easy-accordion>.sp-ea-single {margin-bottom: 10px; border: 0px solid #e2e2e2; }#sp-ea-568.sp-easy-accordion>.sp-ea-single>.ea-header a {color: #444;}#sp-ea-568.sp-easy-accordion>.sp-ea-single>.sp-collapse>.ea-body {background: #fff; color: #444;}#sp-ea-568.sp-easy-accordion>.sp-ea-single {background: rgba(255,255,255,0);}#sp-ea-568.sp-easy-accordion>.sp-ea-single>.ea-header a .ea-expand-icon { float: left; color: #444;font-size: 16px;}<\/style><div id=\"sp_easy_accordion-1778776574\"><div id=\"sp-ea-568\" class=\"sp-ea-one sp-easy-accordion\" data-ea-active=\"ea-click\" data-ea-mode=\"vertical\" data-preloader=\"\" data-scroll-active-item=\"\" data-offset-to-scroll=\"0\"><div class=\"ea-card sp-ea-single\"><h3 class=\"ea-header\"><a class=\"collapsed\" id=\"ea-header-5680\" role=\"button\" data-sptoggle=\"spcollapse\" data-sptarget=\"#collapse5680\" aria-controls=\"collapse5680\" href=\"#\" aria-expanded=\"false\" tabindex=\"0\"><i aria-hidden=\"true\" role=\"presentation\" class=\"ea-expand-icon eap-icon-ea-expand-plus\"><\/i> Augment de ment\u00f3<\/a><\/h3><div class=\"sp-collapse spcollapse spcollapse\" id=\"collapse5680\" data-parent=\"#sp-ea-568\" role=\"region\" aria-labelledby=\"ea-header-5680\"> <div class=\"ea-body\"><h4>Mantenim resultats naturals per retornar l\u2019harmonia al rostre.<\/h4><p>Una barbeta poc prominent pot fer que es marqui m\u00e9s un doble ment\u00f3 o que el nas destaqui massa al rostre i es vegi m\u00e9s gran i volumin\u00f3s.<\/p><p>Realitzem l\u2019<strong>augment de ment\u00f3<\/strong> amb \u00e0cid hialur\u00f2nic, sempre mantenint resultats naturals per retornar l\u2019harmonia al rostre. \u00c9s una t\u00e8cnica m\u00ednimament invasiva, de manera que un cop realitzada, el pacient pot reincorporar-se a les activitats de la vida di\u00e0ria.<\/p><\/div><\/div><\/div><div class=\"ea-card sp-ea-single\"><h3 class=\"ea-header\"><a class=\"collapsed\" id=\"ea-header-5681\" role=\"button\" data-sptoggle=\"spcollapse\" data-sptarget=\"#collapse5681\" aria-controls=\"collapse5681\" href=\"#\" aria-expanded=\"false\" tabindex=\"0\"><i aria-hidden=\"true\" role=\"presentation\" class=\"ea-expand-icon eap-icon-ea-expand-plus\"><\/i> Augment de p\u00f2muls<\/a><\/h3><div class=\"sp-collapse spcollapse spcollapse\" id=\"collapse5681\" data-parent=\"#sp-ea-568\" role=\"region\" aria-labelledby=\"ea-header-5681\"> <div class=\"ea-body\"><h4>Eleva els p\u00f2muls amb \u00e0cid hialur\u00f2nic.<\/h4><p>Augmenta el volum dels teus p\u00f2muls i millora l\u2019aparen\u00e7a general del teu rostre gr\u00e0cies als reompliments d\u00e8rmics amb \u00e0cid hialur\u00f2nic. Aquesta subst\u00e0ncia eleva els teixits i regenera el volum perdut pel pas dels anys o despr\u00e9s d\u2019haver aprimat i perdut molts quilos.<\/p><p>El resultat \u00e9s un rostre proporcionat i d\u2019aspecte natural.<\/p><\/div><\/div><\/div><div class=\"ea-card sp-ea-single\"><h3 class=\"ea-header\"><a class=\"collapsed\" id=\"ea-header-5682\" role=\"button\" data-sptoggle=\"spcollapse\" data-sptarget=\"#collapse5682\" aria-controls=\"collapse5682\" href=\"#\" aria-expanded=\"false\" tabindex=\"0\"><i aria-hidden=\"true\" role=\"presentation\" class=\"ea-expand-icon eap-icon-ea-expand-plus\"><\/i> Blanching<\/a><\/h3><div class=\"sp-collapse spcollapse spcollapse\" id=\"collapse5682\" data-parent=\"#sp-ea-568\" role=\"region\" aria-labelledby=\"ea-header-5682\"> <div class=\"ea-body\"><h4>Elimina les arrugues m\u00e9s fines sense modificar l\u2019expressi\u00f3 de la cara.<\/h4><p>Aquest tractament est\u00e8tic consisteix en realitzar microaplicacions d\u2019\u00e0cid hialur\u00f2nic d\u2019\u00faltima generaci\u00f3 a trav\u00e9s d\u2019infiltracions a nivell superficial a l\u2019arruga que es vol tractar, per aix\u00ed eliminar-la sense modificar l\u2019expressi\u00f3 de la cara.<\/p><p>La t\u00e8cnica del <strong>blanching<\/strong> es pot aplicar a potes de gall, plecs de sobre els llavis, l\u2019entrecella i qualsevol arruga fina del rostre. Les cicatrius provocades per l\u2019acne tamb\u00e9 es poden tractar amb blanching per suavitzar-les.<\/p><\/div><\/div><\/div><div class=\"ea-card sp-ea-single\"><h3 class=\"ea-header\"><a class=\"collapsed\" id=\"ea-header-5683\" role=\"button\" data-sptoggle=\"spcollapse\" data-sptarget=\"#collapse5683\" aria-controls=\"collapse5683\" href=\"#\" aria-expanded=\"false\" tabindex=\"0\"><i aria-hidden=\"true\" role=\"presentation\" class=\"ea-expand-icon eap-icon-ea-expand-plus\"><\/i> Codi de barres<\/a><\/h3><div class=\"sp-collapse spcollapse spcollapse\" id=\"collapse5683\" data-parent=\"#sp-ea-568\" role=\"region\" aria-labelledby=\"ea-header-5683\"> <div class=\"ea-body\"><h4>Frena l\u2019envelliment amb \u00e0cid hialur\u00f2nic.<\/h4><p>Son les arrugues que apareixen a la zona superior de la boca i llavis a causa de l\u2019envelliment de la pell. Per corregir-les, apliquem \u00e0cid hialur\u00f2nic fins que aconseguim minimitzar o fins i tot, en alguns casos, eliminar l\u2019arruga.<\/p><\/div><\/div><\/div><div class=\"ea-card sp-ea-single\"><h3 class=\"ea-header\"><a class=\"collapsed\" id=\"ea-header-5684\" role=\"button\" data-sptoggle=\"spcollapse\" data-sptarget=\"#collapse5684\" aria-controls=\"collapse5684\" href=\"#\" aria-expanded=\"false\" tabindex=\"0\"><i aria-hidden=\"true\" role=\"presentation\" class=\"ea-expand-icon eap-icon-ea-expand-plus\"><\/i> Hidrataci\u00f3 de llavis<\/a><\/h3><div class=\"sp-collapse spcollapse spcollapse\" id=\"collapse5684\" data-parent=\"#sp-ea-568\" role=\"region\" aria-labelledby=\"ea-header-5684\"> <div class=\"ea-body\"><h4>Millora l\u2019aspecte dels teus llavis amb \u00e0cid hialur\u00f2nic.<\/h4><p>Apliquem \u00e0cid hialur\u00f2nic per augmentar el gruix dels teus llavis, destacar el seu perfilat i elevar les comissures.<\/p><p>Aquest tractament necessita de manteniment. Un cop realitzada la primera sessi\u00f3, els resultats s\u00f3n visibles entre 6 i 12 mesos. En les seg\u00fcents sessions, caldr\u00e0 aplicar menys quantitat d\u2019\u00e0cid hialur\u00f2nic.<\/p><\/div><\/div><\/div><div class=\"ea-card sp-ea-single\"><h3 class=\"ea-header\"><a class=\"collapsed\" id=\"ea-header-5685\" role=\"button\" data-sptoggle=\"spcollapse\" data-sptarget=\"#collapse5685\" aria-controls=\"collapse5685\" href=\"#\" aria-expanded=\"false\" tabindex=\"0\"><i aria-hidden=\"true\" role=\"presentation\" class=\"ea-expand-icon eap-icon-ea-expand-plus\"><\/i> Marcatge de l\u2019arc mandibular <\/a><\/h3><div class=\"sp-collapse spcollapse spcollapse\" id=\"collapse5685\" data-parent=\"#sp-ea-568\" role=\"region\" aria-labelledby=\"ea-header-5685\"> <div class=\"ea-body\"><h4>Accentua la zona de la mand\u00edbula i harmonitza el teu rostre.<\/h4><p>L\u2019harmonia del rostre i un arc mandibular definit s\u00f3n aspectes que ajuden a determinar l\u2019atractiu. Amb el temps, el ment\u00f3 redueix la seva fermesa i pot afectar a la fesomia de l\u2019arc mandibular.<\/p><p>Per accentuar la zona de la mand\u00edbula, realitzem petites infiltracions d\u2019\u00e0cid hialur\u00f2nic. Aix\u00ed, aconseguim ressaltar l\u2019arc mandibular i harmonitzar el conjunt del rostre.<\/p><\/div><\/div><\/div><div class=\"ea-card sp-ea-single\"><h3 class=\"ea-header\"><a class=\"collapsed\" id=\"ea-header-5686\" role=\"button\" data-sptoggle=\"spcollapse\" data-sptarget=\"#collapse5686\" aria-controls=\"collapse5686\" href=\"#\" aria-expanded=\"false\" tabindex=\"0\"><i aria-hidden=\"true\" role=\"presentation\" class=\"ea-expand-icon eap-icon-ea-expand-plus\"><\/i> Microimplants<\/a><\/h3><div class=\"sp-collapse spcollapse spcollapse\" id=\"collapse5686\" data-parent=\"#sp-ea-568\" role=\"region\" aria-labelledby=\"ea-header-5686\"> <div class=\"ea-body\"><h4>Recupera el volum perdut del teu rostre de forma r\u00e0pida i segura.<\/h4><p>Amb els <strong>microimplants<\/strong> o farciments facials combatem el pas dels anys i la p\u00e8rdua de volum de la cara sense fer \u00fas de la cirurgia, sense respectant la fisonomia natural del pacient. Aquest innovador tractament \u00e9s indolor i m\u00ednimament invasiu.<\/p><p>Gr\u00e0cies a les microaplicacions d\u2019\u00e0cid hialur\u00f2nic, subst\u00e0ncia que tenim al nostre cos de manera natural, recuperem el volum perdut de forma r\u00e0pida i segura. A m\u00e9s, aconseguim minimitzar les arrugues o l\u00ednies d\u2019expressi\u00f3 causades per l\u2019envelliment i regenerar el propi \u00e0cid hialur\u00f2nic del pacient.<\/p><p>Els efectes es veuen de forma immediata i, a m\u00e9s, els resultats s\u00f3n d\u2019aspecte natural. Tenen una duraci\u00f3 d\u2019entre 6 i 12 mesos, depenent del pacient.<\/p><\/div><\/div><\/div><div class=\"ea-card sp-ea-single\"><h3 class=\"ea-header\"><a class=\"collapsed\" id=\"ea-header-5687\" role=\"button\" data-sptoggle=\"spcollapse\" data-sptarget=\"#collapse5687\" aria-controls=\"collapse5687\" href=\"#\" aria-expanded=\"false\" tabindex=\"0\"><i aria-hidden=\"true\" role=\"presentation\" class=\"ea-expand-icon eap-icon-ea-expand-plus\"><\/i> Rinomodelaci\u00f3 sense cirurgia<\/a><\/h3><div class=\"sp-collapse spcollapse spcollapse\" id=\"collapse5687\" data-parent=\"#sp-ea-568\" role=\"region\" aria-labelledby=\"ea-header-5687\"> <div class=\"ea-body\"><h4>T\u2019apliquem el tractament de forma personalitzada.<\/h4><p>Corregeix el teu perfil i la forma del teu nas i transforma els angles nasals a trav\u00e9s de la infiltraci\u00f3 d\u2019\u00e0cid hialur\u00f2nic en punts estrat\u00e8gics del nas. Els nostres especialistes estudien el teu cas per aplicar-te el tractament de forma personalitzada i aconseguir resultats naturals.<\/p><p>La <strong>rinomodelaci\u00f3<\/strong> necessita de sessions de manteniment, ja que els seus resultats s\u00f3n temporals, per\u00f2 evita el pas pel quir\u00f2fan ja que no necessita cirurgia.<\/p><\/div><\/div><\/div><div class=\"ea-card sp-ea-single\"><h3 class=\"ea-header\"><a class=\"collapsed\" id=\"ea-header-5688\" role=\"button\" data-sptoggle=\"spcollapse\" data-sptarget=\"#collapse5688\" aria-controls=\"collapse5688\" href=\"#\" aria-expanded=\"false\" tabindex=\"0\"><i aria-hidden=\"true\" role=\"presentation\" class=\"ea-expand-icon eap-icon-ea-expand-plus\"><\/i> Surc nasogeni\u00e0<\/a><\/h3><div class=\"sp-collapse spcollapse spcollapse\" id=\"collapse5688\" data-parent=\"#sp-ea-568\" role=\"region\" aria-labelledby=\"ea-header-5688\"> <div class=\"ea-body\"><h4>Corregeix les arrugues est\u00e8tiques del rostre.<\/h4><p>Les arrugues del <strong>solc nasogeni\u00e0<\/strong> s\u00f3n les que es troben des de les aletes del nas fins les comissures dels llavis. De car\u00e0cter est\u00e8tic, amb el pas dels anys s\u00f3n m\u00e9s prominents. Amb el farciment d\u2019\u00e0cid hialur\u00f2nic, s\u2019aconsegueix reduir-les i millorar l\u2019aspecte del rostre.<\/p><p>Es tracta d\u2019una t\u00e8cnica indolora i no quir\u00fargica basada en la infiltraci\u00f3 d\u2019\u00e0cid hialur\u00f2nic. Els efectes s\u00f3n immediats i tenen una durada d\u2019entre 6 mesos i un any. Passat aquest per\u00edode, caldr\u00e0 realitzar sessions de manteniment.<\/p><\/div><\/div><\/div><div class=\"ea-card sp-ea-single\"><h3 class=\"ea-header\"><a class=\"collapsed\" id=\"ea-header-5689\" role=\"button\" data-sptoggle=\"spcollapse\" data-sptarget=\"#collapse5689\" aria-controls=\"collapse5689\" href=\"#\" aria-expanded=\"false\" tabindex=\"0\"><i aria-hidden=\"true\" role=\"presentation\" class=\"ea-expand-icon eap-icon-ea-expand-plus\"><\/i> Ulleres<\/a><\/h3><div class=\"sp-collapse spcollapse spcollapse\" id=\"collapse5689\" data-parent=\"#sp-ea-568\" role=\"region\" aria-labelledby=\"ea-header-5689\"> <div class=\"ea-body\"><h4>Els resultats s\u00f3n molt naturals i retornen a la zona un aspecte m\u00e9s saludable.<\/h4><p>Les bosses sota els ulls, popularment tamb\u00e9 conegudes com <strong>ulleres<\/strong>, provoquen al rostre un aspecte cansat i envellit. Per corregir-lo i donar lluminositat i rejoveniment, realitzem petites infiltracions d\u2019\u00e0cid hialur\u00f2nic amb una agulla molt fina.<\/p><p>Els resultats s\u00f3n molt naturals i retornen a la zona un aspecte m\u00e9s saludable durant gaireb\u00e9 un any.\u00a0 L'\u00e0cid hialur\u00f2nic \u00e9s reabsorbible i biocompatible pel que, amb el pas del temps, es reabsorbeix progressivament deixant la zona com estava abans del tractament. Per aix\u00f2, caldr\u00e0 fent petits retocs per mantenir l\u2019efecte.<\/p><\/div><\/div><\/div><\/div><\/div>[\/vc_column_text][\/vc_column_inner][vc_column_inner el_class=\u00bbespemidcol2&#8243; width=\u00bb2\/5&#8243;][vc_single_image image=\u00bb548&#8243; img_size=\u00bbfull\u00bb alignment=\u00bbright\u00bb qode_css_animation=\u00bb\u00bb][\/vc_column_inner][\/vc_row_inner][\/vc_column][\/vc_row]\n<\/div>","protected":false},"excerpt":{"rendered":"<p>[vc_row css_animation=\u00bb\u00bb row_type=\u00bbrow\u00bb use_row_as_full_screen_section=\u00bbno\u00bb type=\u00bbgrid\u00bb angled_section=\u00bbno\u00bb text_align=\u00bbleft\u00bb background_image_as_pattern=\u00bbwithout_pattern\u00bb z_index=\u00bb\u00bb el_class=\u00bbpagespecontainer\u00bb][vc_column][vc_row_inner row_type=\u00bbrow\u00bb type=\u00bbfull_width\u00bb text_align=\u00bbleft\u00bb css_animation=\u00bb\u00bb el_class=\u00bbpagespecontent\u00bb][vc_column_inner width=\u00bb1\/5&#8243;][vc_widget_sidebar sidebar_id=\u00bbvertical_menu_area\u00bb el_class=\u00bbespesubmenu1&#8243;][\/vc_column_inner][vc_column_inner el_class=\u00bbespemidcol1&#8243; width=\u00bb2\/5&#8243;][vc_column_text el_class=\u00bbacordetotith2&#8243;] Nuestros tratamientos hialur\u00f3nicos [\/vc_column_text][vc_column_text el_class=\u00bbmedesteacor1&#8243;][\/vc_column_text][\/vc_column_inner][vc_column_inner el_class=\u00bbespemidcol2&#8243; width=\u00bb2\/5&#8243;][vc_single_image image=\u00bb548&#8243; img_size=\u00bbfull\u00bb alignment=\u00bbright\u00bb qode_css_animation=\u00bb\u00bb][\/vc_column_inner][\/vc_row_inner][\/vc_column][\/vc_row]<\/p>\n","protected":false},"author":4,"featured_media":548,"parent":529,"menu_order":4,"comment_status":"closed","ping_status":"closed","template":"","meta":{"_acf_changed":false,"inline_featured_image":false,"footnotes":""},"acf":[],"yoast_head":"<!-- This site is optimized with the Yoast SEO plugin v23.1 - https:\/\/yoast.com\/wordpress\/plugins\/seo\/ -->\n<title>Tratamientos hialur\u00f3nicos a Terrassa &#8211; Centro m\u00e9dico N\u00e1yade<\/title>\n<meta name=\"description\" content=\"Tratamientos hialur\u00f3nicos en Terrassa: Aumento de ment\u00f3n y p\u00f3mulos, Blanching, C\u00f3digo de barras, Hidrataci\u00f3n de labios, Microimplantes, Gafas, Rinomodelaci\u00f3n...\" \/>\n<meta name=\"robots\" content=\"index, follow, max-snippet:-1, max-image-preview:large, max-video-preview:-1\" \/>\n<link rel=\"canonical\" href=\"https:\/\/centromediconayade.com\/es\/medicina-estetica\/tratamientos-hialuronicos-terrassa\/\" \/>\n<meta property=\"og:locale\" content=\"es_ES\" \/>\n<meta property=\"og:type\" content=\"article\" \/>\n<meta property=\"og:title\" content=\"Tratamientos hialur\u00f3nicos a Terrassa &#8211; Centro m\u00e9dico N\u00e1yade\" \/>\n<meta property=\"og:description\" content=\"Tratamientos hialur\u00f3nicos en Terrassa: Aumento de ment\u00f3n y p\u00f3mulos, Blanching, C\u00f3digo de barras, Hidrataci\u00f3n de labios, Microimplantes, Gafas, Rinomodelaci\u00f3n...\" \/>\n<meta property=\"og:url\" content=\"https:\/\/centromediconayade.com\/es\/medicina-estetica\/tratamientos-hialuronicos-terrassa\/\" \/>\n<meta property=\"og:site_name\" content=\"Centro m\u00e9dico N\u00e1yade\" \/>\n<meta property=\"article:modified_time\" content=\"2024-06-06T11:57:09+00:00\" \/>\n<meta property=\"og:image\" content=\"https:\/\/centromediconayade.com\/wp-content\/uploads\/2021\/12\/tractaments-hialuronics-terrassa-nayade-me1.jpg\" \/>\n\t<meta property=\"og:image:width\" content=\"800\" \/>\n\t<meta property=\"og:image:height\" content=\"532\" \/>\n\t<meta property=\"og:image:type\" content=\"image\/jpeg\" \/>\n<meta name=\"twitter:card\" content=\"summary_large_image\" \/>\n<meta name=\"twitter:label1\" content=\"Tiempo de lectura\" \/>\n\t<meta name=\"twitter:data1\" content=\"1 minuto\" \/>\n<script type=\"application\/ld+json\" class=\"yoast-schema-graph\">{\"@context\":\"https:\/\/schema.org\",\"@graph\":[{\"@type\":\"WebPage\",\"@id\":\"https:\/\/centromediconayade.com\/es\/medicina-estetica\/tratamientos-hialuronicos-terrassa\/\",\"url\":\"https:\/\/centromediconayade.com\/es\/medicina-estetica\/tratamientos-hialuronicos-terrassa\/\",\"name\":\"Tratamientos hialur\u00f3nicos a Terrassa &#8211; Centro m\u00e9dico N\u00e1yade\",\"isPartOf\":{\"@id\":\"https:\/\/centromediconayade.com\/es\/#website\"},\"primaryImageOfPage\":{\"@id\":\"https:\/\/centromediconayade.com\/es\/medicina-estetica\/tratamientos-hialuronicos-terrassa\/#primaryimage\"},\"image\":{\"@id\":\"https:\/\/centromediconayade.com\/es\/medicina-estetica\/tratamientos-hialuronicos-terrassa\/#primaryimage\"},\"thumbnailUrl\":\"https:\/\/centromediconayade.com\/wp-content\/uploads\/2021\/12\/tractaments-hialuronics-terrassa-nayade-me1.jpg\",\"datePublished\":\"2022-01-03T08:03:48+00:00\",\"dateModified\":\"2024-06-06T11:57:09+00:00\",\"description\":\"Tratamientos hialur\u00f3nicos en Terrassa: Aumento de ment\u00f3n y p\u00f3mulos, Blanching, C\u00f3digo de barras, Hidrataci\u00f3n de labios, Microimplantes, Gafas, Rinomodelaci\u00f3n...\",\"breadcrumb\":{\"@id\":\"https:\/\/centromediconayade.com\/es\/medicina-estetica\/tratamientos-hialuronicos-terrassa\/#breadcrumb\"},\"inLanguage\":\"es\",\"potentialAction\":[{\"@type\":\"ReadAction\",\"target\":[\"https:\/\/centromediconayade.com\/es\/medicina-estetica\/tratamientos-hialuronicos-terrassa\/\"]}]},{\"@type\":\"ImageObject\",\"inLanguage\":\"es\",\"@id\":\"https:\/\/centromediconayade.com\/es\/medicina-estetica\/tratamientos-hialuronicos-terrassa\/#primaryimage\",\"url\":\"https:\/\/centromediconayade.com\/wp-content\/uploads\/2021\/12\/tractaments-hialuronics-terrassa-nayade-me1.jpg\",\"contentUrl\":\"https:\/\/centromediconayade.com\/wp-content\/uploads\/2021\/12\/tractaments-hialuronics-terrassa-nayade-me1.jpg\",\"width\":800,\"height\":532,\"caption\":\"Tractaments hialur\u00f2nics a Terrassa, Centre m\u00e8dic N\u00e1yade\"},{\"@type\":\"BreadcrumbList\",\"@id\":\"https:\/\/centromediconayade.com\/es\/medicina-estetica\/tratamientos-hialuronicos-terrassa\/#breadcrumb\",\"itemListElement\":[{\"@type\":\"ListItem\",\"position\":1,\"name\":\"Inicio\",\"item\":\"https:\/\/centromediconayade.com\/es\/\"},{\"@type\":\"ListItem\",\"position\":2,\"name\":\"Medicina est\u00e9tica\",\"item\":\"https:\/\/centromediconayade.com\/es\/medicina-estetica\/\"},{\"@type\":\"ListItem\",\"position\":3,\"name\":\"Tratamientos hialur\u00f3nicos\"}]},{\"@type\":\"WebSite\",\"@id\":\"https:\/\/centromediconayade.com\/es\/#website\",\"url\":\"https:\/\/centromediconayade.com\/es\/\",\"name\":\"Centro m\u00e9dico N\u00e1yade\",\"description\":\"\",\"publisher\":{\"@id\":\"https:\/\/centromediconayade.com\/es\/#organization\"},\"potentialAction\":[{\"@type\":\"SearchAction\",\"target\":{\"@type\":\"EntryPoint\",\"urlTemplate\":\"https:\/\/centromediconayade.com\/es\/?s={search_term_string}\"},\"query-input\":\"required name=search_term_string\"}],\"inLanguage\":\"es\"},{\"@type\":\"Organization\",\"@id\":\"https:\/\/centromediconayade.com\/es\/#organization\",\"name\":\"Centro m\u00e9dico N\u00e1yade\",\"url\":\"https:\/\/centromediconayade.com\/es\/\",\"logo\":{\"@type\":\"ImageObject\",\"inLanguage\":\"es\",\"@id\":\"https:\/\/centromediconayade.com\/es\/#\/schema\/logo\/image\/\",\"url\":\"http:\/\/s1003288360.mialojamiento.es\/wp-content\/uploads\/2021\/12\/centre-medic-nayade-tl1.png\",\"contentUrl\":\"http:\/\/s1003288360.mialojamiento.es\/wp-content\/uploads\/2021\/12\/centre-medic-nayade-tl1.png\",\"width\":360,\"height\":108,\"caption\":\"Centro m\u00e9dico N\u00e1yade\"},\"image\":{\"@id\":\"https:\/\/centromediconayade.com\/es\/#\/schema\/logo\/image\/\"}}]}<\/script>\n<!-- \/ Yoast SEO plugin. -->","yoast_head_json":{"title":"Tratamientos hialur\u00f3nicos a Terrassa &#8211; Centro m\u00e9dico N\u00e1yade","description":"Tratamientos hialur\u00f3nicos en Terrassa: Aumento de ment\u00f3n y p\u00f3mulos, Blanching, C\u00f3digo de barras, Hidrataci\u00f3n de labios, Microimplantes, Gafas, Rinomodelaci\u00f3n...","robots":{"index":"index","follow":"follow","max-snippet":"max-snippet:-1","max-image-preview":"max-image-preview:large","max-video-preview":"max-video-preview:-1"},"canonical":"https:\/\/centromediconayade.com\/es\/medicina-estetica\/tratamientos-hialuronicos-terrassa\/","og_locale":"es_ES","og_type":"article","og_title":"Tratamientos hialur\u00f3nicos a Terrassa &#8211; Centro m\u00e9dico N\u00e1yade","og_description":"Tratamientos hialur\u00f3nicos en Terrassa: Aumento de ment\u00f3n y p\u00f3mulos, Blanching, C\u00f3digo de barras, Hidrataci\u00f3n de labios, Microimplantes, Gafas, Rinomodelaci\u00f3n...","og_url":"https:\/\/centromediconayade.com\/es\/medicina-estetica\/tratamientos-hialuronicos-terrassa\/","og_site_name":"Centro m\u00e9dico N\u00e1yade","article_modified_time":"2024-06-06T11:57:09+00:00","og_image":[{"width":800,"height":532,"url":"https:\/\/centromediconayade.com\/wp-content\/uploads\/2021\/12\/tractaments-hialuronics-terrassa-nayade-me1.jpg","type":"image\/jpeg"}],"twitter_card":"summary_large_image","twitter_misc":{"Tiempo de lectura":"1 minuto"},"schema":{"@context":"https:\/\/schema.org","@graph":[{"@type":"WebPage","@id":"https:\/\/centromediconayade.com\/es\/medicina-estetica\/tratamientos-hialuronicos-terrassa\/","url":"https:\/\/centromediconayade.com\/es\/medicina-estetica\/tratamientos-hialuronicos-terrassa\/","name":"Tratamientos hialur\u00f3nicos a Terrassa &#8211; Centro m\u00e9dico N\u00e1yade","isPartOf":{"@id":"https:\/\/centromediconayade.com\/es\/#website"},"primaryImageOfPage":{"@id":"https:\/\/centromediconayade.com\/es\/medicina-estetica\/tratamientos-hialuronicos-terrassa\/#primaryimage"},"image":{"@id":"https:\/\/centromediconayade.com\/es\/medicina-estetica\/tratamientos-hialuronicos-terrassa\/#primaryimage"},"thumbnailUrl":"https:\/\/centromediconayade.com\/wp-content\/uploads\/2021\/12\/tractaments-hialuronics-terrassa-nayade-me1.jpg","datePublished":"2022-01-03T08:03:48+00:00","dateModified":"2024-06-06T11:57:09+00:00","description":"Tratamientos hialur\u00f3nicos en Terrassa: Aumento de ment\u00f3n y p\u00f3mulos, Blanching, C\u00f3digo de barras, Hidrataci\u00f3n de labios, Microimplantes, Gafas, Rinomodelaci\u00f3n...","breadcrumb":{"@id":"https:\/\/centromediconayade.com\/es\/medicina-estetica\/tratamientos-hialuronicos-terrassa\/#breadcrumb"},"inLanguage":"es","potentialAction":[{"@type":"ReadAction","target":["https:\/\/centromediconayade.com\/es\/medicina-estetica\/tratamientos-hialuronicos-terrassa\/"]}]},{"@type":"ImageObject","inLanguage":"es","@id":"https:\/\/centromediconayade.com\/es\/medicina-estetica\/tratamientos-hialuronicos-terrassa\/#primaryimage","url":"https:\/\/centromediconayade.com\/wp-content\/uploads\/2021\/12\/tractaments-hialuronics-terrassa-nayade-me1.jpg","contentUrl":"https:\/\/centromediconayade.com\/wp-content\/uploads\/2021\/12\/tractaments-hialuronics-terrassa-nayade-me1.jpg","width":800,"height":532,"caption":"Tractaments hialur\u00f2nics a Terrassa, Centre m\u00e8dic N\u00e1yade"},{"@type":"BreadcrumbList","@id":"https:\/\/centromediconayade.com\/es\/medicina-estetica\/tratamientos-hialuronicos-terrassa\/#breadcrumb","itemListElement":[{"@type":"ListItem","position":1,"name":"Inicio","item":"https:\/\/centromediconayade.com\/es\/"},{"@type":"ListItem","position":2,"name":"Medicina est\u00e9tica","item":"https:\/\/centromediconayade.com\/es\/medicina-estetica\/"},{"@type":"ListItem","position":3,"name":"Tratamientos hialur\u00f3nicos"}]},{"@type":"WebSite","@id":"https:\/\/centromediconayade.com\/es\/#website","url":"https:\/\/centromediconayade.com\/es\/","name":"Centro m\u00e9dico N\u00e1yade","description":"","publisher":{"@id":"https:\/\/centromediconayade.com\/es\/#organization"},"potentialAction":[{"@type":"SearchAction","target":{"@type":"EntryPoint","urlTemplate":"https:\/\/centromediconayade.com\/es\/?s={search_term_string}"},"query-input":"required name=search_term_string"}],"inLanguage":"es"},{"@type":"Organization","@id":"https:\/\/centromediconayade.com\/es\/#organization","name":"Centro m\u00e9dico N\u00e1yade","url":"https:\/\/centromediconayade.com\/es\/","logo":{"@type":"ImageObject","inLanguage":"es","@id":"https:\/\/centromediconayade.com\/es\/#\/schema\/logo\/image\/","url":"http:\/\/s1003288360.mialojamiento.es\/wp-content\/uploads\/2021\/12\/centre-medic-nayade-tl1.png","contentUrl":"http:\/\/s1003288360.mialojamiento.es\/wp-content\/uploads\/2021\/12\/centre-medic-nayade-tl1.png","width":360,"height":108,"caption":"Centro m\u00e9dico N\u00e1yade"},"image":{"@id":"https:\/\/centromediconayade.com\/es\/#\/schema\/logo\/image\/"}}]}},"_links":{"self":[{"href":"https:\/\/centromediconayade.com\/es\/wp-json\/wp\/v2\/pages\/561"}],"collection":[{"href":"https:\/\/centromediconayade.com\/es\/wp-json\/wp\/v2\/pages"}],"about":[{"href":"https:\/\/centromediconayade.com\/es\/wp-json\/wp\/v2\/types\/page"}],"author":[{"embeddable":true,"href":"https:\/\/centromediconayade.com\/es\/wp-json\/wp\/v2\/users\/4"}],"replies":[{"embeddable":true,"href":"https:\/\/centromediconayade.com\/es\/wp-json\/wp\/v2\/comments?post=561"}],"version-history":[{"count":5,"href":"https:\/\/centromediconayade.com\/es\/wp-json\/wp\/v2\/pages\/561\/revisions"}],"predecessor-version":[{"id":2211,"href":"https:\/\/centromediconayade.com\/es\/wp-json\/wp\/v2\/pages\/561\/revisions\/2211"}],"up":[{"embeddable":true,"href":"https:\/\/centromediconayade.com\/es\/wp-json\/wp\/v2\/pages\/529"}],"wp:featuredmedia":[{"embeddable":true,"href":"https:\/\/centromediconayade.com\/es\/wp-json\/wp\/v2\/media\/548"}],"wp:attachment":[{"href":"https:\/\/centromediconayade.com\/es\/wp-json\/wp\/v2\/media?parent=561"}],"curies":[{"name":"wp","href":"https:\/\/api.w.org\/{rel}","templated":true}]}}