{"id":565,"date":"2022-01-03T09:45:33","date_gmt":"2022-01-03T08:45:33","guid":{"rendered":"https:\/\/nayade.publitesa.es\/?page_id=565"},"modified":"2024-06-06T13:58:54","modified_gmt":"2024-06-06T11:58:54","slug":"tratamientos-manchas-terrassa","status":"publish","type":"page","link":"https:\/\/centromediconayade.com\/es\/medicina-estetica\/tratamientos-manchas-terrassa\/","title":{"rendered":"Tratamientos para manchas"},"content":{"rendered":"<div class=\"wpb-content-wrapper\">[vc_row css_animation=\u00bb\u00bb row_type=\u00bbrow\u00bb use_row_as_full_screen_section=\u00bbno\u00bb type=\u00bbgrid\u00bb angled_section=\u00bbno\u00bb text_align=\u00bbleft\u00bb background_image_as_pattern=\u00bbwithout_pattern\u00bb z_index=\u00bb\u00bb el_class=\u00bbpagespecontainer\u00bb][vc_column][vc_row_inner row_type=\u00bbrow\u00bb type=\u00bbfull_width\u00bb text_align=\u00bbleft\u00bb css_animation=\u00bb\u00bb el_class=\u00bbpagespecontent\u00bb][vc_column_inner width=\u00bb1\/5&#8243;][vc_widget_sidebar sidebar_id=\u00bbvertical_menu_area\u00bb el_class=\u00bbespesubmenu1&#8243;][\/vc_column_inner][vc_column_inner el_class=\u00bbespemidcol1&#8243; width=\u00bb2\/5&#8243;][vc_column_text el_class=\u00bbacordetotith2&#8243;]\n<h2>Nuestros tratamientos para manchas<\/h2>\n[\/vc_column_text][vc_column_text el_class=\u00bbmedesteacor1&#8243;]<style>#sp-ea-570 .spcollapsing { height: 0; overflow: hidden; transition-property: height;transition-duration: 300ms;}#sp-ea-570.sp-easy-accordion>.sp-ea-single {margin-bottom: 10px; border: 0px solid #e2e2e2; }#sp-ea-570.sp-easy-accordion>.sp-ea-single>.ea-header a {color: #444;}#sp-ea-570.sp-easy-accordion>.sp-ea-single>.sp-collapse>.ea-body {background: #fff; color: #444;}#sp-ea-570.sp-easy-accordion>.sp-ea-single {background: rgba(255,255,255,0);}#sp-ea-570.sp-easy-accordion>.sp-ea-single>.ea-header a .ea-expand-icon { float: left; color: #444;font-size: 16px;}<\/style><div id=\"sp_easy_accordion-1776700204\"><div id=\"sp-ea-570\" class=\"sp-ea-one sp-easy-accordion\" data-ea-active=\"ea-click\" data-ea-mode=\"vertical\" data-preloader=\"\" data-scroll-active-item=\"\" data-offset-to-scroll=\"0\"><div class=\"ea-card sp-ea-single\"><h3 class=\"ea-header\"><a class=\"collapsed\" id=\"ea-header-5700\" role=\"button\" data-sptoggle=\"spcollapse\" data-sptarget=\"#collapse5700\" aria-controls=\"collapse5700\" href=\"#\" aria-expanded=\"false\" tabindex=\"0\"><i aria-hidden=\"true\" role=\"presentation\" class=\"ea-expand-icon eap-icon-ea-expand-plus\"><\/i> Dermamelan<\/a><\/h3><div class=\"sp-collapse spcollapse spcollapse\" id=\"collapse5700\" data-parent=\"#sp-ea-570\" role=\"region\" aria-labelledby=\"ea-header-5700\"> <div class=\"ea-body\"><h4>Elimina les taques a curt termini.<\/h4><p>Amb aquesta t\u00e8cnica innovadora despigmentant, aconseguir\u00e0s eliminar les taques a curt termini. A m\u00e9s, <strong>Dermamelan<\/strong> permet prevenir la reaparici\u00f3 de les hiperpigmentacions per aconseguir un resultat durador.<\/p><p>Els nostres professionals realitzen un diagn\u00f2stic en una primera sessi\u00f3 de consulta m\u00e8dica per aplicar el tractament de la forma m\u00e9s adequada.<\/p><\/div><\/div><\/div><div class=\"ea-card sp-ea-single\"><h3 class=\"ea-header\"><a class=\"collapsed\" id=\"ea-header-5701\" role=\"button\" data-sptoggle=\"spcollapse\" data-sptarget=\"#collapse5701\" aria-controls=\"collapse5701\" href=\"#\" aria-expanded=\"false\" tabindex=\"0\"><i aria-hidden=\"true\" role=\"presentation\" class=\"ea-expand-icon eap-icon-ea-expand-plus\"><\/i> Peeling qu\u00edmic<\/a><\/h3><div class=\"sp-collapse spcollapse spcollapse\" id=\"collapse5701\" data-parent=\"#sp-ea-570\" role=\"region\" aria-labelledby=\"ea-header-5701\"> <div class=\"ea-body\"><h4>Llueix una pell hidratada i lluminosa.<\/h4><p>Aquest tractament te com a objectiu renovar les capes m\u00e9s superficials de la pell per corregir els diferents defectes i imperfeccions que presenta: taques, acne o cicatrius, entre d\u2019altres.<\/p><p>Un cop realitzat el <strong>peeling qu\u00edmic<\/strong> facial, el resultat \u00e9s una pell hidratada, amb lluminositat, suau i d\u2019aspecte m\u00e9s jove.<\/p><\/div><\/div><\/div><div class=\"ea-card sp-ea-single\"><h3 class=\"ea-header\"><a class=\"collapsed\" id=\"ea-header-5702\" role=\"button\" data-sptoggle=\"spcollapse\" data-sptarget=\"#collapse5702\" aria-controls=\"collapse5702\" href=\"#\" aria-expanded=\"false\" tabindex=\"0\"><i aria-hidden=\"true\" role=\"presentation\" class=\"ea-expand-icon eap-icon-ea-expand-plus\"><\/i> Plasma ric en plaquetes (PRP)<\/a><\/h3><div class=\"sp-collapse spcollapse spcollapse\" id=\"collapse5702\" data-parent=\"#sp-ea-570\" role=\"region\" aria-labelledby=\"ea-header-5702\"> <div class=\"ea-body\"><h4>El tractament est\u00e8tic m\u00e9s natural per rejovenir el teu aspecte.<\/h4><p>Aconsegueix els resultats desitjats amb el teu propi plasma. Amb aquest tractament est\u00e8tic totalment natural, afavorir\u00e0s la formaci\u00f3 de col\u00b7lagen, elastina i \u00e0cid hialur\u00f2nic per al rejoveniment facial, corporal (sobretot les mans) i capil\u00b7lar.<\/p><p>Rejoveneix i il\u00b7lumina la pell, hidrata i minimitza les l\u00ednies d\u2019expressi\u00f3 i cicatrius i estimula el creixement capil\u00b7lar.<\/p><\/div><\/div><\/div><div class=\"ea-card sp-ea-single\"><h3 class=\"ea-header\"><a class=\"collapsed\" id=\"ea-header-5703\" role=\"button\" data-sptoggle=\"spcollapse\" data-sptarget=\"#collapse5703\" aria-controls=\"collapse5703\" href=\"#\" aria-expanded=\"false\" tabindex=\"0\"><i aria-hidden=\"true\" role=\"presentation\" class=\"ea-expand-icon eap-icon-ea-expand-plus\"><\/i> Revitalitzaci\u00f3 facial amb vitamines<\/a><\/h3><div class=\"sp-collapse spcollapse spcollapse\" id=\"collapse5703\" data-parent=\"#sp-ea-570\" role=\"region\" aria-labelledby=\"ea-header-5703\"> <div class=\"ea-body\"><h4>Guanya hidrataci\u00f3 i lluminositat al teu rostre.<\/h4><p>Les vitamines combinen l\u2019\u00e0cid hialur\u00f2nic amb vitamines A, C i E, entre altres components, que a l\u2019instant aporten la m\u00e0xima hidrataci\u00f3 i lluminositat a la pell. Amb la <strong>revitalitzaci\u00f3 facial<\/strong>, comba\u2019t els signes de l\u2019envelliment i aporta fermesa i elasticitat a la teva pell.<\/p><\/div><\/div><\/div><div class=\"ea-card sp-ea-single\"><h3 class=\"ea-header\"><a class=\"collapsed\" id=\"ea-header-5704\" role=\"button\" data-sptoggle=\"spcollapse\" data-sptarget=\"#collapse5704\" aria-controls=\"collapse5704\" href=\"#\" aria-expanded=\"false\" tabindex=\"0\"><i aria-hidden=\"true\" role=\"presentation\" class=\"ea-expand-icon eap-icon-ea-expand-plus\"><\/i> Tractament perioral<\/a><\/h3><div class=\"sp-collapse spcollapse spcollapse\" id=\"collapse5704\" data-parent=\"#sp-ea-570\" role=\"region\" aria-labelledby=\"ea-header-5704\"> <div class=\"ea-body\"><h4>Millora la teva qualitat de vida.<\/h4><p>La dermatitis perioral provoca petites lesions al rostre de qui la pateix: a les galtes, al voltant de la boca, al nas o sota els ulls. Poden ser asimptom\u00e0tiques per\u00f2 tamb\u00e9 poden provocar co\u00efssor, irritaci\u00f3 i descamaci\u00f3.<\/p><p>Abans d\u2019aplicar el tractament, el nostre equip de professionals realitza el diagn\u00f2stic m\u00e9s prec\u00eds per con\u00e8ixer la causa i com combatre-ho. Les cremes amb corticoides o tractaments orals s\u00f3n els m\u00e9s comuns per tractar la dermatitis perioral.<\/p><\/div><\/div><\/div><\/div><\/div>[\/vc_column_text][\/vc_column_inner][vc_column_inner el_class=\u00bbespemidcol2&#8243; width=\u00bb2\/5&#8243;][vc_single_image image=\u00bb550&#8243; img_size=\u00bbfull\u00bb alignment=\u00bbright\u00bb qode_css_animation=\u00bb\u00bb][\/vc_column_inner][\/vc_row_inner][\/vc_column][\/vc_row]\n<\/div>","protected":false},"excerpt":{"rendered":"<p>[vc_row css_animation=\u00bb\u00bb row_type=\u00bbrow\u00bb use_row_as_full_screen_section=\u00bbno\u00bb type=\u00bbgrid\u00bb angled_section=\u00bbno\u00bb text_align=\u00bbleft\u00bb background_image_as_pattern=\u00bbwithout_pattern\u00bb z_index=\u00bb\u00bb el_class=\u00bbpagespecontainer\u00bb][vc_column][vc_row_inner row_type=\u00bbrow\u00bb type=\u00bbfull_width\u00bb text_align=\u00bbleft\u00bb css_animation=\u00bb\u00bb el_class=\u00bbpagespecontent\u00bb][vc_column_inner width=\u00bb1\/5&#8243;][vc_widget_sidebar sidebar_id=\u00bbvertical_menu_area\u00bb el_class=\u00bbespesubmenu1&#8243;][\/vc_column_inner][vc_column_inner el_class=\u00bbespemidcol1&#8243; width=\u00bb2\/5&#8243;][vc_column_text el_class=\u00bbacordetotith2&#8243;] Nuestros tratamientos para manchas [\/vc_column_text][vc_column_text el_class=\u00bbmedesteacor1&#8243;][\/vc_column_text][\/vc_column_inner][vc_column_inner el_class=\u00bbespemidcol2&#8243; width=\u00bb2\/5&#8243;][vc_single_image image=\u00bb550&#8243; img_size=\u00bbfull\u00bb alignment=\u00bbright\u00bb qode_css_animation=\u00bb\u00bb][\/vc_column_inner][\/vc_row_inner][\/vc_column][\/vc_row]<\/p>\n","protected":false},"author":4,"featured_media":550,"parent":529,"menu_order":5,"comment_status":"closed","ping_status":"closed","template":"","meta":{"_acf_changed":false,"inline_featured_image":false,"footnotes":""},"acf":[],"yoast_head":"<!-- This site is optimized with the Yoast SEO plugin v23.1 - https:\/\/yoast.com\/wordpress\/plugins\/seo\/ -->\n<title>Tratamientos para manchas a Terrassa &#8211; Centro m\u00e9dico N\u00e1yade<\/title>\n<meta name=\"description\" content=\"Tratamientos para manchas en Terraza: Dermamelan, Peeling qu\u00edmico, Plasma rico en plaquetas (PRP), Revitalizaci\u00f3n facial con vitaminas, Tratamiento perioral.\" \/>\n<meta name=\"robots\" content=\"index, follow, max-snippet:-1, max-image-preview:large, max-video-preview:-1\" \/>\n<link rel=\"canonical\" href=\"https:\/\/centromediconayade.com\/es\/medicina-estetica\/tratamientos-manchas-terrassa\/\" \/>\n<meta property=\"og:locale\" content=\"es_ES\" \/>\n<meta property=\"og:type\" content=\"article\" \/>\n<meta property=\"og:title\" content=\"Tratamientos para manchas a Terrassa &#8211; Centro m\u00e9dico N\u00e1yade\" \/>\n<meta property=\"og:description\" content=\"Tratamientos para manchas en Terraza: Dermamelan, Peeling qu\u00edmico, Plasma rico en plaquetas (PRP), Revitalizaci\u00f3n facial con vitaminas, Tratamiento perioral.\" \/>\n<meta property=\"og:url\" content=\"https:\/\/centromediconayade.com\/es\/medicina-estetica\/tratamientos-manchas-terrassa\/\" \/>\n<meta property=\"og:site_name\" content=\"Centro m\u00e9dico N\u00e1yade\" \/>\n<meta property=\"article:modified_time\" content=\"2024-06-06T11:58:54+00:00\" \/>\n<meta property=\"og:image\" content=\"https:\/\/centromediconayade.com\/wp-content\/uploads\/2021\/12\/tractaments-taques-terrassa-nayade-me1.jpg\" \/>\n\t<meta property=\"og:image:width\" content=\"800\" \/>\n\t<meta property=\"og:image:height\" content=\"532\" \/>\n\t<meta property=\"og:image:type\" content=\"image\/jpeg\" \/>\n<meta name=\"twitter:card\" content=\"summary_large_image\" \/>\n<meta name=\"twitter:label1\" content=\"Tiempo de lectura\" \/>\n\t<meta name=\"twitter:data1\" content=\"1 minuto\" \/>\n<script type=\"application\/ld+json\" class=\"yoast-schema-graph\">{\"@context\":\"https:\/\/schema.org\",\"@graph\":[{\"@type\":\"WebPage\",\"@id\":\"https:\/\/centromediconayade.com\/es\/medicina-estetica\/tratamientos-manchas-terrassa\/\",\"url\":\"https:\/\/centromediconayade.com\/es\/medicina-estetica\/tratamientos-manchas-terrassa\/\",\"name\":\"Tratamientos para manchas a Terrassa &#8211; Centro m\u00e9dico N\u00e1yade\",\"isPartOf\":{\"@id\":\"https:\/\/centromediconayade.com\/es\/#website\"},\"primaryImageOfPage\":{\"@id\":\"https:\/\/centromediconayade.com\/es\/medicina-estetica\/tratamientos-manchas-terrassa\/#primaryimage\"},\"image\":{\"@id\":\"https:\/\/centromediconayade.com\/es\/medicina-estetica\/tratamientos-manchas-terrassa\/#primaryimage\"},\"thumbnailUrl\":\"https:\/\/centromediconayade.com\/wp-content\/uploads\/2021\/12\/tractaments-taques-terrassa-nayade-me1.jpg\",\"datePublished\":\"2022-01-03T08:45:33+00:00\",\"dateModified\":\"2024-06-06T11:58:54+00:00\",\"description\":\"Tratamientos para manchas en Terraza: Dermamelan, Peeling qu\u00edmico, Plasma rico en plaquetas (PRP), Revitalizaci\u00f3n facial con vitaminas, Tratamiento perioral.\",\"breadcrumb\":{\"@id\":\"https:\/\/centromediconayade.com\/es\/medicina-estetica\/tratamientos-manchas-terrassa\/#breadcrumb\"},\"inLanguage\":\"es\",\"potentialAction\":[{\"@type\":\"ReadAction\",\"target\":[\"https:\/\/centromediconayade.com\/es\/medicina-estetica\/tratamientos-manchas-terrassa\/\"]}]},{\"@type\":\"ImageObject\",\"inLanguage\":\"es\",\"@id\":\"https:\/\/centromediconayade.com\/es\/medicina-estetica\/tratamientos-manchas-terrassa\/#primaryimage\",\"url\":\"https:\/\/centromediconayade.com\/wp-content\/uploads\/2021\/12\/tractaments-taques-terrassa-nayade-me1.jpg\",\"contentUrl\":\"https:\/\/centromediconayade.com\/wp-content\/uploads\/2021\/12\/tractaments-taques-terrassa-nayade-me1.jpg\",\"width\":800,\"height\":532,\"caption\":\"Tractaments hialur\u00f2nics a Terrassa, Centre m\u00e8dic N\u00e1yade\"},{\"@type\":\"BreadcrumbList\",\"@id\":\"https:\/\/centromediconayade.com\/es\/medicina-estetica\/tratamientos-manchas-terrassa\/#breadcrumb\",\"itemListElement\":[{\"@type\":\"ListItem\",\"position\":1,\"name\":\"Inicio\",\"item\":\"https:\/\/centromediconayade.com\/es\/\"},{\"@type\":\"ListItem\",\"position\":2,\"name\":\"Medicina est\u00e9tica\",\"item\":\"https:\/\/centromediconayade.com\/es\/medicina-estetica\/\"},{\"@type\":\"ListItem\",\"position\":3,\"name\":\"Tratamientos para manchas\"}]},{\"@type\":\"WebSite\",\"@id\":\"https:\/\/centromediconayade.com\/es\/#website\",\"url\":\"https:\/\/centromediconayade.com\/es\/\",\"name\":\"Centro m\u00e9dico N\u00e1yade\",\"description\":\"\",\"publisher\":{\"@id\":\"https:\/\/centromediconayade.com\/es\/#organization\"},\"potentialAction\":[{\"@type\":\"SearchAction\",\"target\":{\"@type\":\"EntryPoint\",\"urlTemplate\":\"https:\/\/centromediconayade.com\/es\/?s={search_term_string}\"},\"query-input\":\"required name=search_term_string\"}],\"inLanguage\":\"es\"},{\"@type\":\"Organization\",\"@id\":\"https:\/\/centromediconayade.com\/es\/#organization\",\"name\":\"Centro m\u00e9dico N\u00e1yade\",\"url\":\"https:\/\/centromediconayade.com\/es\/\",\"logo\":{\"@type\":\"ImageObject\",\"inLanguage\":\"es\",\"@id\":\"https:\/\/centromediconayade.com\/es\/#\/schema\/logo\/image\/\",\"url\":\"http:\/\/s1003288360.mialojamiento.es\/wp-content\/uploads\/2021\/12\/centre-medic-nayade-tl1.png\",\"contentUrl\":\"http:\/\/s1003288360.mialojamiento.es\/wp-content\/uploads\/2021\/12\/centre-medic-nayade-tl1.png\",\"width\":360,\"height\":108,\"caption\":\"Centro m\u00e9dico N\u00e1yade\"},\"image\":{\"@id\":\"https:\/\/centromediconayade.com\/es\/#\/schema\/logo\/image\/\"}}]}<\/script>\n<!-- \/ Yoast SEO plugin. -->","yoast_head_json":{"title":"Tratamientos para manchas a Terrassa &#8211; Centro m\u00e9dico N\u00e1yade","description":"Tratamientos para manchas en Terraza: Dermamelan, Peeling qu\u00edmico, Plasma rico en plaquetas (PRP), Revitalizaci\u00f3n facial con vitaminas, Tratamiento perioral.","robots":{"index":"index","follow":"follow","max-snippet":"max-snippet:-1","max-image-preview":"max-image-preview:large","max-video-preview":"max-video-preview:-1"},"canonical":"https:\/\/centromediconayade.com\/es\/medicina-estetica\/tratamientos-manchas-terrassa\/","og_locale":"es_ES","og_type":"article","og_title":"Tratamientos para manchas a Terrassa &#8211; Centro m\u00e9dico N\u00e1yade","og_description":"Tratamientos para manchas en Terraza: Dermamelan, Peeling qu\u00edmico, Plasma rico en plaquetas (PRP), Revitalizaci\u00f3n facial con vitaminas, Tratamiento perioral.","og_url":"https:\/\/centromediconayade.com\/es\/medicina-estetica\/tratamientos-manchas-terrassa\/","og_site_name":"Centro m\u00e9dico N\u00e1yade","article_modified_time":"2024-06-06T11:58:54+00:00","og_image":[{"width":800,"height":532,"url":"https:\/\/centromediconayade.com\/wp-content\/uploads\/2021\/12\/tractaments-taques-terrassa-nayade-me1.jpg","type":"image\/jpeg"}],"twitter_card":"summary_large_image","twitter_misc":{"Tiempo de lectura":"1 minuto"},"schema":{"@context":"https:\/\/schema.org","@graph":[{"@type":"WebPage","@id":"https:\/\/centromediconayade.com\/es\/medicina-estetica\/tratamientos-manchas-terrassa\/","url":"https:\/\/centromediconayade.com\/es\/medicina-estetica\/tratamientos-manchas-terrassa\/","name":"Tratamientos para manchas a Terrassa &#8211; Centro m\u00e9dico N\u00e1yade","isPartOf":{"@id":"https:\/\/centromediconayade.com\/es\/#website"},"primaryImageOfPage":{"@id":"https:\/\/centromediconayade.com\/es\/medicina-estetica\/tratamientos-manchas-terrassa\/#primaryimage"},"image":{"@id":"https:\/\/centromediconayade.com\/es\/medicina-estetica\/tratamientos-manchas-terrassa\/#primaryimage"},"thumbnailUrl":"https:\/\/centromediconayade.com\/wp-content\/uploads\/2021\/12\/tractaments-taques-terrassa-nayade-me1.jpg","datePublished":"2022-01-03T08:45:33+00:00","dateModified":"2024-06-06T11:58:54+00:00","description":"Tratamientos para manchas en Terraza: Dermamelan, Peeling qu\u00edmico, Plasma rico en plaquetas (PRP), Revitalizaci\u00f3n facial con vitaminas, Tratamiento perioral.","breadcrumb":{"@id":"https:\/\/centromediconayade.com\/es\/medicina-estetica\/tratamientos-manchas-terrassa\/#breadcrumb"},"inLanguage":"es","potentialAction":[{"@type":"ReadAction","target":["https:\/\/centromediconayade.com\/es\/medicina-estetica\/tratamientos-manchas-terrassa\/"]}]},{"@type":"ImageObject","inLanguage":"es","@id":"https:\/\/centromediconayade.com\/es\/medicina-estetica\/tratamientos-manchas-terrassa\/#primaryimage","url":"https:\/\/centromediconayade.com\/wp-content\/uploads\/2021\/12\/tractaments-taques-terrassa-nayade-me1.jpg","contentUrl":"https:\/\/centromediconayade.com\/wp-content\/uploads\/2021\/12\/tractaments-taques-terrassa-nayade-me1.jpg","width":800,"height":532,"caption":"Tractaments hialur\u00f2nics a Terrassa, Centre m\u00e8dic N\u00e1yade"},{"@type":"BreadcrumbList","@id":"https:\/\/centromediconayade.com\/es\/medicina-estetica\/tratamientos-manchas-terrassa\/#breadcrumb","itemListElement":[{"@type":"ListItem","position":1,"name":"Inicio","item":"https:\/\/centromediconayade.com\/es\/"},{"@type":"ListItem","position":2,"name":"Medicina est\u00e9tica","item":"https:\/\/centromediconayade.com\/es\/medicina-estetica\/"},{"@type":"ListItem","position":3,"name":"Tratamientos para manchas"}]},{"@type":"WebSite","@id":"https:\/\/centromediconayade.com\/es\/#website","url":"https:\/\/centromediconayade.com\/es\/","name":"Centro m\u00e9dico N\u00e1yade","description":"","publisher":{"@id":"https:\/\/centromediconayade.com\/es\/#organization"},"potentialAction":[{"@type":"SearchAction","target":{"@type":"EntryPoint","urlTemplate":"https:\/\/centromediconayade.com\/es\/?s={search_term_string}"},"query-input":"required name=search_term_string"}],"inLanguage":"es"},{"@type":"Organization","@id":"https:\/\/centromediconayade.com\/es\/#organization","name":"Centro m\u00e9dico N\u00e1yade","url":"https:\/\/centromediconayade.com\/es\/","logo":{"@type":"ImageObject","inLanguage":"es","@id":"https:\/\/centromediconayade.com\/es\/#\/schema\/logo\/image\/","url":"http:\/\/s1003288360.mialojamiento.es\/wp-content\/uploads\/2021\/12\/centre-medic-nayade-tl1.png","contentUrl":"http:\/\/s1003288360.mialojamiento.es\/wp-content\/uploads\/2021\/12\/centre-medic-nayade-tl1.png","width":360,"height":108,"caption":"Centro m\u00e9dico N\u00e1yade"},"image":{"@id":"https:\/\/centromediconayade.com\/es\/#\/schema\/logo\/image\/"}}]}},"_links":{"self":[{"href":"https:\/\/centromediconayade.com\/es\/wp-json\/wp\/v2\/pages\/565"}],"collection":[{"href":"https:\/\/centromediconayade.com\/es\/wp-json\/wp\/v2\/pages"}],"about":[{"href":"https:\/\/centromediconayade.com\/es\/wp-json\/wp\/v2\/types\/page"}],"author":[{"embeddable":true,"href":"https:\/\/centromediconayade.com\/es\/wp-json\/wp\/v2\/users\/4"}],"replies":[{"embeddable":true,"href":"https:\/\/centromediconayade.com\/es\/wp-json\/wp\/v2\/comments?post=565"}],"version-history":[{"count":5,"href":"https:\/\/centromediconayade.com\/es\/wp-json\/wp\/v2\/pages\/565\/revisions"}],"predecessor-version":[{"id":2214,"href":"https:\/\/centromediconayade.com\/es\/wp-json\/wp\/v2\/pages\/565\/revisions\/2214"}],"up":[{"embeddable":true,"href":"https:\/\/centromediconayade.com\/es\/wp-json\/wp\/v2\/pages\/529"}],"wp:featuredmedia":[{"embeddable":true,"href":"https:\/\/centromediconayade.com\/es\/wp-json\/wp\/v2\/media\/550"}],"wp:attachment":[{"href":"https:\/\/centromediconayade.com\/es\/wp-json\/wp\/v2\/media?parent=565"}],"curies":[{"name":"wp","href":"https:\/\/api.w.org\/{rel}","templated":true}]}}