{"id":577,"date":"2021-12-23T16:06:06","date_gmt":"2021-12-23T15:06:06","guid":{"rendered":"https:\/\/nayade.publitesa.es\/?page_id=577"},"modified":"2023-03-28T11:38:02","modified_gmt":"2023-03-28T09:38:02","slug":"contacto","status":"publish","type":"page","link":"https:\/\/centromediconayade.com\/es\/contacto\/","title":{"rendered":"Contacto"},"content":{"rendered":"<div class=\"wpb-content-wrapper\">[vc_row css_animation=\u00bb\u00bb row_type=\u00bbrow\u00bb use_row_as_full_screen_section=\u00bbno\u00bb type=\u00bbgrid\u00bb angled_section=\u00bbno\u00bb text_align=\u00bbcenter\u00bb background_image_as_pattern=\u00bbwithout_pattern\u00bb css=\u00bb.vc_custom_1649152282780{padding-top: 30px !important;padding-bottom: 0px !important;background-color: #ffffff !important;background-position: center !important;background-repeat: no-repeat !important;background-size: cover !important;}\u00bb z_index=\u00bb\u00bb][vc_column][vc_column_text el_class=\u00bbcontact1tit\u00bb]\n<h2>Centro de especialidades m\u00e9dicas y dentales en Terrassa<\/h2>\n[\/vc_column_text][\/vc_column][\/vc_row][vc_row css_animation=\u00bb\u00bb row_type=\u00bbrow\u00bb use_row_as_full_screen_section=\u00bbno\u00bb type=\u00bbgrid\u00bb angled_section=\u00bbno\u00bb text_align=\u00bbleft\u00bb background_image_as_pattern=\u00bbwithout_pattern\u00bb z_index=\u00bb\u00bb el_class=\u00bbpagespecontainer pcont1&#8243;][vc_column][vc_row_inner row_type=\u00bbrow\u00bb type=\u00bbfull_width\u00bb text_align=\u00bbleft\u00bb css_animation=\u00bb\u00bb el_class=\u00bbpagespecontent\u00bb][vc_column_inner el_class=\u00bbespemidcol1 espemidcol1dent espemidcol1cont\u00bb width=\u00bb1\/2&#8243;][vc_column_text el_class=\u00bbespesubtit1&#8243;]Escr\u00edbanos[\/vc_column_text][vc_column_text]Si desea m\u00e1s informaci\u00f3n sobre cualquiera de nuestras especialidades y servicios, escr\u00edbanos a trav\u00e9s del siguiente formulario y nos pondremos en contacto con usted con la mayor brevedad posible.<\/p>\n<p>Muchas gracias.[\/vc_column_text][vc_empty_space height=\u00bb20px\u00bb]\n<div class=\"wpcf7 no-js\" id=\"wpcf7-f766-o1\" lang=\"es-ES\" dir=\"ltr\">\n<div class=\"screen-reader-response\"><p role=\"status\" aria-live=\"polite\" aria-atomic=\"true\"><\/p> <ul><\/ul><\/div>\n<form action=\"\/es\/wp-json\/wp\/v2\/pages\/577#wpcf7-f766-o1\" method=\"post\" class=\"wpcf7-form init cf7_custom_style_1\" aria-label=\"Formulario de contacto\" novalidate=\"novalidate\" data-status=\"init\">\n<div style=\"display: none;\">\n<input type=\"hidden\" name=\"_wpcf7\" value=\"766\" \/>\n<input type=\"hidden\" name=\"_wpcf7_version\" value=\"5.9.8\" \/>\n<input type=\"hidden\" name=\"_wpcf7_locale\" value=\"es_ES\" \/>\n<input type=\"hidden\" name=\"_wpcf7_unit_tag\" value=\"wpcf7-f766-o1\" \/>\n<input type=\"hidden\" name=\"_wpcf7_container_post\" value=\"0\" \/>\n<input type=\"hidden\" name=\"_wpcf7_posted_data_hash\" value=\"\" \/>\n<input type=\"hidden\" name=\"_wpcf7dtx_version\" value=\"5.0.3\" \/>\n<input type=\"hidden\" name=\"_wpcf7_recaptcha_response\" value=\"\" \/>\n<\/div>\n<p><span class=\"wpcf7-form-control-wrap\" data-name=\"your-name\"><input size=\"40\" maxlength=\"400\" class=\"wpcf7-form-control wpcf7-text wpcf7-validates-as-required\" aria-required=\"true\" aria-invalid=\"false\" placeholder=\"Nombre\" value=\"\" type=\"text\" name=\"your-name\" \/><\/span>\n<\/p>\n<p><span class=\"wpcf7-form-control-wrap\" data-name=\"your-email\"><input size=\"40\" maxlength=\"400\" class=\"wpcf7-form-control wpcf7-email wpcf7-validates-as-required wpcf7-text wpcf7-validates-as-email\" aria-required=\"true\" aria-invalid=\"false\" placeholder=\"Email\" value=\"\" type=\"email\" name=\"your-email\" \/><\/span>\n<\/p>\n<p><span class=\"wpcf7-form-control-wrap\" data-name=\"your-phone\"><input size=\"40\" maxlength=\"400\" class=\"wpcf7-form-control wpcf7-tel wpcf7-text wpcf7-validates-as-tel\" aria-invalid=\"false\" placeholder=\"Tel\u00e9fono\" value=\"\" type=\"tel\" name=\"your-phone\" \/><\/span>\n<\/p>\n<p><span class=\"wpcf7-form-control-wrap\" data-name=\"area\"><select class=\"wpcf7-form-control wpcf7-select\" aria-invalid=\"false\" name=\"area\"><option value=\"Selecciona \u00e1rea\">Selecciona \u00e1rea<\/option><option value=\"Especialidades m\u00e9dicas\">Especialidades m\u00e9dicas<\/option><option value=\"Rehabilitaci\u00f3n\">Rehabilitaci\u00f3n<\/option><option value=\"Salud mental\">Salud mental<\/option><option value=\"Cl\u00ednica dental\">Cl\u00ednica dental<\/option><option value=\"Medicina est\u00e9tica\">Medicina est\u00e9tica<\/option><\/select><\/span>\n<\/p>\n<p><span class=\"wpcf7-form-control-wrap\" data-name=\"your-message\"><textarea cols=\"40\" rows=\"10\" maxlength=\"2000\" class=\"wpcf7-form-control wpcf7-textarea\" aria-invalid=\"false\" placeholder=\"Mensaje\" name=\"your-message\"><\/textarea><\/span>\n<\/p>\n<p><span class=\"wpcf7-form-control-wrap\" data-name=\"accepto1\"><span class=\"wpcf7-form-control wpcf7-acceptance\"><span class=\"wpcf7-list-item\"><label><input type=\"checkbox\" name=\"accepto1\" value=\"1\" class=\"accepto1\" aria-invalid=\"false\" \/><span class=\"wpcf7-list-item-label\">He le\u00eddo y acepto la <a href=\"http:\/\/s1003288360.mialojamiento.es\/es\/ppr\/\" target=\"_blank\">pol\u00edtica de privacidad<\/a>.<\/span><\/label><\/span><\/span><\/span>\n<\/p>\n<p><input class=\"wpcf7-form-control wpcf7-submit has-spinner\" type=\"submit\" value=\"Enviar\" \/>\n<\/p>\n<span class=\"wpcf7-form-control-wrap titu\" data-name=\"titu\"><input type=\"hidden\" name=\"titu\" id=\"titu\" class=\"wpcf7-form-control wpcf7-hidden wpcf7dtx wpcf7dtx-hidden\" aria-invalid=\"false\" value=\"Contacto\"><\/span>\n<span class=\"wpcf7-form-control-wrap urele\" data-name=\"urele\"><input type=\"hidden\" name=\"urele\" id=\"urele\" class=\"wpcf7-form-control wpcf7-hidden wpcf7dtx wpcf7dtx-hidden\" aria-invalid=\"false\" value=\"https:\/\/centromediconayade.com\/es\/wp-json\/wp\/v2\/pages\/577\"><\/span><div class=\"wpcf7-response-output\" aria-hidden=\"true\"><\/div>\n<\/form>\n<\/div>\n[vc_empty_space][vc_column_text]<u>Responsable del Tratamiento<\/u>: CENTRO MEDICO NAYADE, S.L.<\/p>\n<p><u>Finalidades del Tratamiento: <\/u>usaremos sus datos para agendar alguna visita y atender sus dudas, consultas y sugerencias.<\/p>\n<p><u>Derechos de los interesados: <\/u>Puede ejercer sus derechos de acceso, rectificaci\u00f3n, supresi\u00f3n y portabilidad de sus datos, de limitaci\u00f3n y oposici\u00f3n a su tratamiento en &#x72;&#x65;&#x63;&#x65;&#x70;&#x63;&#x69;&#111;&#110;&#64;&#99;&#101;ntro&#x6d;&#x65;&#x64;&#x69;&#x63;&#x6f;&#x6e;&#x61;&#121;&#97;&#100;&#101;&#46;com<\/p>\n<p><u>M\u00e1s informaci\u00f3n<\/u>: en nuestra <a href=\"\/ppr\/\"><strong>pol\u00edtica de privacidad<\/strong><\/a>[\/vc_column_text][\/vc_column_inner][vc_column_inner el_class=\u00bbespemidcol2 espemidcol2dent espemidcol1cont\u00bb width=\u00bb1\/2&#8243;][vc_column_text el_class=\u00bbespesubtit1&#8243;]D\u00f3nde estamos[\/vc_column_text][vc_raw_html el_class=\u00bbpconticons pcont1map\u00bb]JTNDYSUyMGhyZWYlM0QlMjJodHRwcyUzQSUyRiUyRmdvby5nbCUyRm1hcHMlMkZ1YmtrUVlLYndxWmE0Z3I0OCUyMiUyMHRhcmdldCUzRCUyMl9ibGFuayUyMiUzRSUzQ2klMjBjbGFzcyUzRCUyMmZhJTIwZmEtbWFwLW1hcmtlciUyMiUyMGFyaWEtaGlkZGVuJTNEJTIydHJ1ZSUyMiUzRSUzQyUyRmklM0UlMjBQYXNzZWlnJTIwZGVsJTIwVmludC1pLWRvcyUyMGRlJTIwSnVsaW9sJTJDJTIwMTU1JTNDYnIlM0UwODIyNSUyMFRlcnJhc3NhJTIwJTI4QmFyY2Vsb25hJTI5JTNDJTJGYSUzRQ==[\/vc_raw_html][vc_raw_html el_class=\u00bbpconticons pcont1map\u00bb]JTNDYSUyMGhyZWYlM0QlMjJodHRwcyUzQSUyRiUyRmdvby5nbCUyRm1hcHMlMkZwRGtTRWoyUUdLUjU3cWkzOSUyMiUyMHRhcmdldCUzRCUyMl9ibGFuayUyMiUzRSUzQ2klMjBjbGFzcyUzRCUyMmZhJTIwZmEtbWFwLW1hcmtlciUyMiUyMGFyaWEtaGlkZGVuJTNEJTIydHJ1ZSUyMiUzRSUzQyUyRmklM0UlMjBDYXJyZXIlMjBUcmFuc3ZlcnNhbCUyQyUyMDIyNCUzQ2JyJTNFMDgyMjUlMjBUZXJyYXNzYSUyMCUyOEJhcmNlbG9uYSUyOSUzQyUyRmElM0U=[\/vc_raw_html][vc_raw_html el_class=\u00bbpconticons pcont1phone\u00bb]JTNDYSUyMGhyZWYlM0QlMjJ0ZWwlM0ElNUJlbmNvZGUlNUQ5Mzc4ODcyMzclNUIlMkZlbmNvZGUlNUQlMjIlMjB0YXJnZXQlM0QlMjJfYmxhbmslMjIlM0UlM0NpJTIwY2xhc3MlM0QlMjJmYSUyMGZhLW1vYmlsZSUyMiUyMGFyaWEtaGlkZGVuJTNEJTIydHJ1ZSUyMiUzRSUzQyUyRmklM0UlMjAlNUJlbmNvZGUlNUQ5MzclMjA4OCUyMDcyJTIwMzclNUIlMkZlbmNvZGUlNUQlM0MlMkZhJTNF[\/vc_raw_html][vc_raw_html el_class=\u00bbpconticons pcont1email\u00bb]JTNDYSUyMGhyZWYlM0QlMjJtYWlsdG8lM0FyZWNlcGNpb24lNDBjZW50cm9tZWRpY29uYXlhZGUuY29tJTIyJTIwdGFyZ2V0JTNEJTIyX2JsYW5rJTIyJTNFJTNDaSUyMGNsYXNzJTNEJTIyZmElMjBmYS1lbnZlbG9wZS1vJTIyJTIwYXJpYS1oaWRkZW4lM0QlMjJ0cnVlJTIyJTNFJTNDJTJGaSUzRSUyMHJlY2VwY2lvbiU0MGNlbnRyb21lZGljb25heWFkZS5jb20lM0MlMkZhJTNF[\/vc_raw_html][vc_empty_space height=\u00bb20px\u00bb][vc_raw_html]JTNDaWZyYW1lJTIwc3JjJTNEJTIyaHR0cHMlM0ElMkYlMkZzbmF6enltYXBzLmNvbSUyRmVtYmVkJTJGMzU5MTkwJTIyJTIwd2lkdGglM0QlMjIxMDAlMjUlMjIlMjBoZWlnaHQlM0QlMjI0MDBweCUyMiUyMHN0eWxlJTNEJTIyYm9yZGVyJTNBbm9uZSUzQiUyMiUzRSUzQyUyRmlmcmFtZSUzRQ==[\/vc_raw_html][\/vc_column_inner][\/vc_row_inner][\/vc_column][\/vc_row]\n<\/div>","protected":false},"excerpt":{"rendered":"<p>[vc_row css_animation=\u00bb\u00bb row_type=\u00bbrow\u00bb use_row_as_full_screen_section=\u00bbno\u00bb type=\u00bbgrid\u00bb angled_section=\u00bbno\u00bb text_align=\u00bbcenter\u00bb background_image_as_pattern=\u00bbwithout_pattern\u00bb css=\u00bb.vc_custom_1649152282780{padding-top: 30px !important;padding-bottom: 0px !important;background-color: #ffffff !important;background-position: center !important;background-repeat: no-repeat !important;background-size: cover !important;}\u00bb z_index=\u00bb\u00bb][vc_column][vc_column_text el_class=\u00bbcontact1tit\u00bb] Centro de especialidades m\u00e9dicas y dentales en Terrassa [\/vc_column_text][\/vc_column][\/vc_row][vc_row css_animation=\u00bb\u00bb row_type=\u00bbrow\u00bb use_row_as_full_screen_section=\u00bbno\u00bb type=\u00bbgrid\u00bb angled_section=\u00bbno\u00bb text_align=\u00bbleft\u00bb background_image_as_pattern=\u00bbwithout_pattern\u00bb z_index=\u00bb\u00bb el_class=\u00bbpagespecontainer pcont1&#8243;][vc_column][vc_row_inner row_type=\u00bbrow\u00bb type=\u00bbfull_width\u00bb text_align=\u00bbleft\u00bb&#8230;<\/p>\n","protected":false},"author":1,"featured_media":524,"parent":0,"menu_order":55,"comment_status":"closed","ping_status":"closed","template":"","meta":{"_acf_changed":false,"inline_featured_image":false,"footnotes":""},"acf":[],"yoast_head":"<!-- This site is optimized with the Yoast SEO plugin v23.1 - https:\/\/yoast.com\/wordpress\/plugins\/seo\/ -->\n<title>Contacto &#8211; Centro m\u00e9dico N\u00e1yade<\/title>\n<meta name=\"description\" content=\"Contacto Centro m\u00e9dico N\u00e1yade. Cuidamos tu sonrisa con las t\u00e9cnicas m\u00e1s innovadoras e indoloras. Trabajamos con la \u00faltima tecnolog\u00eda...\" \/>\n<meta name=\"robots\" content=\"index, follow, max-snippet:-1, max-image-preview:large, max-video-preview:-1\" \/>\n<link rel=\"canonical\" href=\"https:\/\/centromediconayade.com\/es\/contacto\/\" \/>\n<meta property=\"og:locale\" content=\"es_ES\" \/>\n<meta property=\"og:type\" content=\"article\" \/>\n<meta property=\"og:title\" content=\"Contacto &#8211; Centro m\u00e9dico N\u00e1yade\" \/>\n<meta property=\"og:description\" content=\"Contacto Centro m\u00e9dico N\u00e1yade. Cuidamos tu sonrisa con las t\u00e9cnicas m\u00e1s innovadoras e indoloras. Trabajamos con la \u00faltima tecnolog\u00eda...\" \/>\n<meta property=\"og:url\" content=\"https:\/\/centromediconayade.com\/es\/contacto\/\" \/>\n<meta property=\"og:site_name\" content=\"Centro m\u00e9dico N\u00e1yade\" \/>\n<meta property=\"article:modified_time\" content=\"2023-03-28T09:38:02+00:00\" \/>\n<meta property=\"og:image\" content=\"https:\/\/centromediconayade.com\/wp-content\/uploads\/2021\/12\/clinica-dental-terrassa-nayade-cd1.jpg\" \/>\n\t<meta property=\"og:image:width\" content=\"1200\" \/>\n\t<meta property=\"og:image:height\" content=\"800\" \/>\n\t<meta property=\"og:image:type\" content=\"image\/jpeg\" \/>\n<meta name=\"twitter:card\" content=\"summary_large_image\" \/>\n<meta name=\"twitter:label1\" content=\"Tiempo de lectura\" \/>\n\t<meta name=\"twitter:data1\" content=\"1 minuto\" \/>\n<script type=\"application\/ld+json\" class=\"yoast-schema-graph\">{\"@context\":\"https:\/\/schema.org\",\"@graph\":[{\"@type\":\"WebPage\",\"@id\":\"https:\/\/centromediconayade.com\/es\/contacto\/\",\"url\":\"https:\/\/centromediconayade.com\/es\/contacto\/\",\"name\":\"Contacto &#8211; Centro m\u00e9dico N\u00e1yade\",\"isPartOf\":{\"@id\":\"https:\/\/centromediconayade.com\/es\/#website\"},\"primaryImageOfPage\":{\"@id\":\"https:\/\/centromediconayade.com\/es\/contacto\/#primaryimage\"},\"image\":{\"@id\":\"https:\/\/centromediconayade.com\/es\/contacto\/#primaryimage\"},\"thumbnailUrl\":\"https:\/\/centromediconayade.com\/wp-content\/uploads\/2021\/12\/clinica-dental-terrassa-nayade-cd1.jpg\",\"datePublished\":\"2021-12-23T15:06:06+00:00\",\"dateModified\":\"2023-03-28T09:38:02+00:00\",\"description\":\"Contacto Centro m\u00e9dico N\u00e1yade. Cuidamos tu sonrisa con las t\u00e9cnicas m\u00e1s innovadoras e indoloras. Trabajamos con la \u00faltima tecnolog\u00eda...\",\"breadcrumb\":{\"@id\":\"https:\/\/centromediconayade.com\/es\/contacto\/#breadcrumb\"},\"inLanguage\":\"es\",\"potentialAction\":[{\"@type\":\"ReadAction\",\"target\":[\"https:\/\/centromediconayade.com\/es\/contacto\/\"]}]},{\"@type\":\"ImageObject\",\"inLanguage\":\"es\",\"@id\":\"https:\/\/centromediconayade.com\/es\/contacto\/#primaryimage\",\"url\":\"https:\/\/centromediconayade.com\/wp-content\/uploads\/2021\/12\/clinica-dental-terrassa-nayade-cd1.jpg\",\"contentUrl\":\"https:\/\/centromediconayade.com\/wp-content\/uploads\/2021\/12\/clinica-dental-terrassa-nayade-cd1.jpg\",\"width\":1200,\"height\":800,\"caption\":\"Cl\u00ednica Dental a Terrassa, Centre m\u00e8dic N\u00e1yade\"},{\"@type\":\"BreadcrumbList\",\"@id\":\"https:\/\/centromediconayade.com\/es\/contacto\/#breadcrumb\",\"itemListElement\":[{\"@type\":\"ListItem\",\"position\":1,\"name\":\"Inicio\",\"item\":\"https:\/\/centromediconayade.com\/es\/\"},{\"@type\":\"ListItem\",\"position\":2,\"name\":\"Contacto\"}]},{\"@type\":\"WebSite\",\"@id\":\"https:\/\/centromediconayade.com\/es\/#website\",\"url\":\"https:\/\/centromediconayade.com\/es\/\",\"name\":\"Centro m\u00e9dico N\u00e1yade\",\"description\":\"\",\"publisher\":{\"@id\":\"https:\/\/centromediconayade.com\/es\/#organization\"},\"potentialAction\":[{\"@type\":\"SearchAction\",\"target\":{\"@type\":\"EntryPoint\",\"urlTemplate\":\"https:\/\/centromediconayade.com\/es\/?s={search_term_string}\"},\"query-input\":\"required name=search_term_string\"}],\"inLanguage\":\"es\"},{\"@type\":\"Organization\",\"@id\":\"https:\/\/centromediconayade.com\/es\/#organization\",\"name\":\"Centro m\u00e9dico N\u00e1yade\",\"url\":\"https:\/\/centromediconayade.com\/es\/\",\"logo\":{\"@type\":\"ImageObject\",\"inLanguage\":\"es\",\"@id\":\"https:\/\/centromediconayade.com\/es\/#\/schema\/logo\/image\/\",\"url\":\"http:\/\/s1003288360.mialojamiento.es\/wp-content\/uploads\/2021\/12\/centre-medic-nayade-tl1.png\",\"contentUrl\":\"http:\/\/s1003288360.mialojamiento.es\/wp-content\/uploads\/2021\/12\/centre-medic-nayade-tl1.png\",\"width\":360,\"height\":108,\"caption\":\"Centro m\u00e9dico N\u00e1yade\"},\"image\":{\"@id\":\"https:\/\/centromediconayade.com\/es\/#\/schema\/logo\/image\/\"}}]}<\/script>\n<!-- \/ Yoast SEO plugin. -->","yoast_head_json":{"title":"Contacto &#8211; Centro m\u00e9dico N\u00e1yade","description":"Contacto Centro m\u00e9dico N\u00e1yade. Cuidamos tu sonrisa con las t\u00e9cnicas m\u00e1s innovadoras e indoloras. Trabajamos con la \u00faltima tecnolog\u00eda...","robots":{"index":"index","follow":"follow","max-snippet":"max-snippet:-1","max-image-preview":"max-image-preview:large","max-video-preview":"max-video-preview:-1"},"canonical":"https:\/\/centromediconayade.com\/es\/contacto\/","og_locale":"es_ES","og_type":"article","og_title":"Contacto &#8211; Centro m\u00e9dico N\u00e1yade","og_description":"Contacto Centro m\u00e9dico N\u00e1yade. Cuidamos tu sonrisa con las t\u00e9cnicas m\u00e1s innovadoras e indoloras. Trabajamos con la \u00faltima tecnolog\u00eda...","og_url":"https:\/\/centromediconayade.com\/es\/contacto\/","og_site_name":"Centro m\u00e9dico N\u00e1yade","article_modified_time":"2023-03-28T09:38:02+00:00","og_image":[{"width":1200,"height":800,"url":"https:\/\/centromediconayade.com\/wp-content\/uploads\/2021\/12\/clinica-dental-terrassa-nayade-cd1.jpg","type":"image\/jpeg"}],"twitter_card":"summary_large_image","twitter_misc":{"Tiempo de lectura":"1 minuto"},"schema":{"@context":"https:\/\/schema.org","@graph":[{"@type":"WebPage","@id":"https:\/\/centromediconayade.com\/es\/contacto\/","url":"https:\/\/centromediconayade.com\/es\/contacto\/","name":"Contacto &#8211; Centro m\u00e9dico N\u00e1yade","isPartOf":{"@id":"https:\/\/centromediconayade.com\/es\/#website"},"primaryImageOfPage":{"@id":"https:\/\/centromediconayade.com\/es\/contacto\/#primaryimage"},"image":{"@id":"https:\/\/centromediconayade.com\/es\/contacto\/#primaryimage"},"thumbnailUrl":"https:\/\/centromediconayade.com\/wp-content\/uploads\/2021\/12\/clinica-dental-terrassa-nayade-cd1.jpg","datePublished":"2021-12-23T15:06:06+00:00","dateModified":"2023-03-28T09:38:02+00:00","description":"Contacto Centro m\u00e9dico N\u00e1yade. Cuidamos tu sonrisa con las t\u00e9cnicas m\u00e1s innovadoras e indoloras. Trabajamos con la \u00faltima tecnolog\u00eda...","breadcrumb":{"@id":"https:\/\/centromediconayade.com\/es\/contacto\/#breadcrumb"},"inLanguage":"es","potentialAction":[{"@type":"ReadAction","target":["https:\/\/centromediconayade.com\/es\/contacto\/"]}]},{"@type":"ImageObject","inLanguage":"es","@id":"https:\/\/centromediconayade.com\/es\/contacto\/#primaryimage","url":"https:\/\/centromediconayade.com\/wp-content\/uploads\/2021\/12\/clinica-dental-terrassa-nayade-cd1.jpg","contentUrl":"https:\/\/centromediconayade.com\/wp-content\/uploads\/2021\/12\/clinica-dental-terrassa-nayade-cd1.jpg","width":1200,"height":800,"caption":"Cl\u00ednica Dental a Terrassa, Centre m\u00e8dic N\u00e1yade"},{"@type":"BreadcrumbList","@id":"https:\/\/centromediconayade.com\/es\/contacto\/#breadcrumb","itemListElement":[{"@type":"ListItem","position":1,"name":"Inicio","item":"https:\/\/centromediconayade.com\/es\/"},{"@type":"ListItem","position":2,"name":"Contacto"}]},{"@type":"WebSite","@id":"https:\/\/centromediconayade.com\/es\/#website","url":"https:\/\/centromediconayade.com\/es\/","name":"Centro m\u00e9dico N\u00e1yade","description":"","publisher":{"@id":"https:\/\/centromediconayade.com\/es\/#organization"},"potentialAction":[{"@type":"SearchAction","target":{"@type":"EntryPoint","urlTemplate":"https:\/\/centromediconayade.com\/es\/?s={search_term_string}"},"query-input":"required name=search_term_string"}],"inLanguage":"es"},{"@type":"Organization","@id":"https:\/\/centromediconayade.com\/es\/#organization","name":"Centro m\u00e9dico N\u00e1yade","url":"https:\/\/centromediconayade.com\/es\/","logo":{"@type":"ImageObject","inLanguage":"es","@id":"https:\/\/centromediconayade.com\/es\/#\/schema\/logo\/image\/","url":"http:\/\/s1003288360.mialojamiento.es\/wp-content\/uploads\/2021\/12\/centre-medic-nayade-tl1.png","contentUrl":"http:\/\/s1003288360.mialojamiento.es\/wp-content\/uploads\/2021\/12\/centre-medic-nayade-tl1.png","width":360,"height":108,"caption":"Centro m\u00e9dico N\u00e1yade"},"image":{"@id":"https:\/\/centromediconayade.com\/es\/#\/schema\/logo\/image\/"}}]}},"_links":{"self":[{"href":"https:\/\/centromediconayade.com\/es\/wp-json\/wp\/v2\/pages\/577"}],"collection":[{"href":"https:\/\/centromediconayade.com\/es\/wp-json\/wp\/v2\/pages"}],"about":[{"href":"https:\/\/centromediconayade.com\/es\/wp-json\/wp\/v2\/types\/page"}],"author":[{"embeddable":true,"href":"https:\/\/centromediconayade.com\/es\/wp-json\/wp\/v2\/users\/1"}],"replies":[{"embeddable":true,"href":"https:\/\/centromediconayade.com\/es\/wp-json\/wp\/v2\/comments?post=577"}],"version-history":[{"count":7,"href":"https:\/\/centromediconayade.com\/es\/wp-json\/wp\/v2\/pages\/577\/revisions"}],"predecessor-version":[{"id":2067,"href":"https:\/\/centromediconayade.com\/es\/wp-json\/wp\/v2\/pages\/577\/revisions\/2067"}],"wp:featuredmedia":[{"embeddable":true,"href":"https:\/\/centromediconayade.com\/es\/wp-json\/wp\/v2\/media\/524"}],"wp:attachment":[{"href":"https:\/\/centromediconayade.com\/es\/wp-json\/wp\/v2\/media?parent=577"}],"curies":[{"name":"wp","href":"https:\/\/api.w.org\/{rel}","templated":true}]}}