{"id":590,"date":"2021-12-23T14:49:19","date_gmt":"2021-12-23T13:49:19","guid":{"rendered":"https:\/\/nayade.publitesa.es\/?page_id=590"},"modified":"2024-06-07T10:03:06","modified_gmt":"2024-06-07T08:03:06","slug":"centro-medico-especialidades-terrassa","status":"publish","type":"page","link":"https:\/\/centromediconayade.com\/es\/centro-medico-especialidades-terrassa\/","title":{"rendered":"Nosotros"},"content":{"rendered":"<div class=\"wpb-content-wrapper\">[vc_row css_animation=\u00bb\u00bb row_type=\u00bbrow\u00bb use_row_as_full_screen_section=\u00bbno\u00bb type=\u00bbgrid\u00bb angled_section=\u00bbno\u00bb text_align=\u00bbleft\u00bb background_image_as_pattern=\u00bbwithout_pattern\u00bb z_index=\u00bb\u00bb el_class=\u00bbpagespecontainer nosaltrespage1&#8243;][vc_column][vc_row_inner row_type=\u00bbrow\u00bb type=\u00bbfull_width\u00bb text_align=\u00bbleft\u00bb css_animation=\u00bb\u00bb el_class=\u00bbpagespecontent\u00bb][vc_column_inner el_class=\u00bbespemidcol1 espemidcol1dent\u00bb width=\u00bb1\/2&#8243;][vc_column_text el_class=\u00bbespesubtit1&#8243;]En <strong>Centro M\u00e9dico N\u00e1yade<\/strong> contamos con m\u00e1s de 20 <strong><a title=\"Especialidades m\u00e9dicas en Terrassa\" href=\"http:\/\/s1003288360.mialojamiento.es\/es\/especialidades-medicas\/\">especialidades m\u00e9dicas<\/a><\/strong>, <a title=\"Cl\u00ednica dental en Terrassa\" href=\"http:\/\/s1003288360.mialojamiento.es\/es\/clinica-dental-terrassa\/\"><strong>cl\u00ednica dental<\/strong><\/a> y cl\u00ednica de <a title=\"Medicina est\u00e9tica en Terrassa\" href=\"http:\/\/s1003288360.mialojamiento.es\/es\/medicina-estetica\/\"><strong>medicina est\u00e9tica<\/strong><\/a>.[\/vc_column_text][vc_column_text el_class=\u00bbnosaltresh2&#8243;]Todo ello apoyado con un<\/p>\n<h2>equipo de \u00a0doctores y profesionales con una larga experiencia<\/h2>\n<p>y comprometidos con la salud de nuestros pacientes.<\/p>\n<p>Adem\u00e1s, gracias a nuestra tecnolog\u00eda de \u00faltima generaci\u00f3n diagnosticamos y tratamos todas las dolencias y problemas de salud con la m\u00e1xima excelencia y confidencialidad.<\/p>\n<p>Acompa\u00f1amos a todos nuestros pacientes desde el principio hasta el final de su tratamiento para que en todo momento reciban la m\u00e1xima atenci\u00f3n, asesor\u00e1ndoles de forma profesional y siempre con un trato familiar y cercano.[\/vc_column_text][\/vc_column_inner][vc_column_inner el_class=\u00bbespemidcol2 espemidcol2dent\u00bb width=\u00bb1\/2&#8243;][vc_single_image image=\u00bb595&#8243; img_size=\u00bbfull\u00bb alignment=\u00bbright\u00bb qode_css_animation=\u00bb\u00bb][\/vc_column_inner][\/vc_row_inner][\/vc_column][\/vc_row][vc_row css_animation=\u00bb\u00bb row_type=\u00bbrow\u00bb use_row_as_full_screen_section=\u00bbno\u00bb type=\u00bbgrid\u00bb angled_section=\u00bbno\u00bb text_align=\u00bbleft\u00bb background_image_as_pattern=\u00bbwithout_pattern\u00bb css=\u00bb.vc_custom_1639400930690{padding-top: 67px !important;background-color: #d9f3fa !important;}\u00bb z_index=\u00bb\u00bb el_class=\u00bbhomeicons1mob\u00bb][vc_column offset=\u00bbvc_col-lg-4 vc_col-md-4&#8243;]<div class='q_icon_with_title tiny custom_icon_image '><div class=\"icon_holder \" style=\" \"><img decoding=\"async\" itemprop=\"image\" style=\"\" src=\"https:\/\/centromediconayade.com\/wp-content\/uploads\/2021\/12\/hico1.svg\" alt=\"\"><\/div><div class=\"icon_text_holder\" style=\"padding-left:98px;\"><div class=\"icon_text_inner\" style=\"\"><h5 class=\"icon_title\" style=\"\">Innovaci\u00f3n<\/h5><p style=''>Innovamos para mejorar tu salud con tecnolog\u00eda de vanguardia.<\/p><\/div><\/div><\/div>[vc_empty_space height=\u00bb39px\u00bb][\/vc_column][vc_column offset=\u00bbvc_col-lg-4 vc_col-md-4&#8243;]<div class='q_icon_with_title tiny custom_icon_image '><div class=\"icon_holder \" style=\" \"><img decoding=\"async\" itemprop=\"image\" style=\"\" src=\"https:\/\/centromediconayade.com\/wp-content\/uploads\/2021\/12\/hico2.svg\" alt=\"\"><\/div><div class=\"icon_text_holder\" style=\"padding-left:98px;\"><div class=\"icon_text_inner\" style=\"\"><h5 class=\"icon_title\" style=\"\">Atenci\u00f3n personalizada<\/h5><p style=''>Adaptamos los tratamientos de las diferentes especialidades m\u00e9dicas a tus necesidades.<\/p><\/div><\/div><\/div>[vc_empty_space height=\u00bb39px\u00bb][\/vc_column][vc_column offset=\u00bbvc_col-lg-4 vc_col-md-4&#8243;]<div class='q_icon_with_title tiny custom_icon_image '><div class=\"icon_holder \" style=\" \"><img decoding=\"async\" itemprop=\"image\" style=\"\" src=\"https:\/\/centromediconayade.com\/wp-content\/uploads\/2021\/12\/hico3.svg\" alt=\"\"><\/div><div class=\"icon_text_holder\" style=\"padding-left:98px;\"><div class=\"icon_text_inner\" style=\"\"><h5 class=\"icon_title\" style=\"\">Trato familiar<\/h5><p style=''>Te escuchamos y te aconsejamos de forma cercana, clara y en base a la confianza.<\/p><\/div><\/div><\/div>[vc_empty_space height=\u00bb39px\u00bb][\/vc_column][\/vc_row][vc_row css_animation=\u00bb\u00bb row_type=\u00bbrow\u00bb use_row_as_full_screen_section=\u00bbno\u00bb type=\u00bbgrid\u00bb angled_section=\u00bbno\u00bb text_align=\u00bbleft\u00bb background_image_as_pattern=\u00bbwithout_pattern\u00bb css=\u00bb.vc_custom_1639400935954{padding-bottom: 35px !important;background-color: #d9f3fa !important;}\u00bb z_index=\u00bb\u00bb el_class=\u00bbhomeicons1mob\u00bb][vc_column offset=\u00bbvc_col-lg-4 vc_col-md-4&#8243;]<div class='q_icon_with_title tiny custom_icon_image '><div class=\"icon_holder \" style=\" \"><img decoding=\"async\" itemprop=\"image\" style=\"\" src=\"https:\/\/centromediconayade.com\/wp-content\/uploads\/2021\/12\/hico4.svg\" alt=\"\"><\/div><div class=\"icon_text_holder\" style=\"padding-left:98px;\"><div class=\"icon_text_inner\" style=\"\"><h5 class=\"icon_title\" style=\"\">Profesionalidad<\/h5><p style=''>Equipo de profesionales con una larga experiencia m\u00e9dica y comprometidos con tu salud.<\/p><\/div><\/div><\/div>[vc_empty_space height=\u00bb39px\u00bb][\/vc_column][vc_column offset=\u00bbvc_col-lg-4 vc_col-md-4&#8243;]<div class='q_icon_with_title tiny custom_icon_image '><div class=\"icon_holder \" style=\" \"><img decoding=\"async\" itemprop=\"image\" style=\"\" src=\"https:\/\/centromediconayade.com\/wp-content\/uploads\/2021\/12\/hico5.svg\" alt=\"\"><\/div><div class=\"icon_text_holder\" style=\"padding-left:98px;\"><div class=\"icon_text_inner\" style=\"\"><h5 class=\"icon_title\" style=\"\">Eficacia<\/h5><p style=''>Diagn\u00f3sticos y tratamientos con la \u00faltima tecnolog\u00eda con los que conseguir\u00e1s buenos resultados.<\/p><\/div><\/div><\/div>[vc_empty_space height=\u00bb39px\u00bb][\/vc_column][vc_column offset=\u00bbvc_col-lg-4 vc_col-md-4&#8243;]<div class='q_icon_with_title tiny custom_icon_image '><div class=\"icon_holder \" style=\" \"><img decoding=\"async\" itemprop=\"image\" style=\"\" src=\"https:\/\/centromediconayade.com\/wp-content\/uploads\/2021\/12\/hico6.svg\" alt=\"\"><\/div><div class=\"icon_text_holder\" style=\"padding-left:98px;\"><div class=\"icon_text_inner\" style=\"\"><h5 class=\"icon_title\" style=\"\">Excelencia<\/h5><p style=''>Aplicamos las \u00faltimas t\u00e9cnicas m\u00e9dicas y avances para cuidar de tu salud.<\/p><\/div><\/div><\/div>[vc_empty_space height=\u00bb39px\u00bb][\/vc_column][\/vc_row][vc_row css_animation=\u00bb\u00bb row_type=\u00bbrow\u00bb use_row_as_full_screen_section=\u00bbno\u00bb type=\u00bbfull_width\u00bb angled_section=\u00bbno\u00bb text_align=\u00bbleft\u00bb background_image_as_pattern=\u00bbwithout_pattern\u00bb][vc_column][vc_empty_space height=\u00bb60px\u00bb][\/vc_column][\/vc_row][vc_row css_animation=\u00bb\u00bb row_type=\u00bbrow\u00bb use_row_as_full_screen_section=\u00bbno\u00bb type=\u00bbgrid\u00bb angled_section=\u00bbno\u00bb text_align=\u00bbleft\u00bb background_image_as_pattern=\u00bbwithout_pattern\u00bb css=\u00bb.vc_custom_1638440759094{padding-top: 44px !important;padding-bottom: 44px !important;background-color: #00addb !important;background-position: center !important;background-repeat: no-repeat !important;background-size: cover !important;}\u00bb z_index=\u00bb\u00bb el_class=\u00bbhomectabut0&#8243;][vc_column][qode_elements_holder number_of_columns=\u00bbtwo_columns\u00bb columns_proportion=\u00bb66_33&#8243; alignment_one_column=\u00bbcenter\u00bb][qode_elements_holder_item vertical_alignment=\u00bbmiddle\u00bb advanced_animations=\u00bbno\u00bb item_padding=\u00bb0 35px 0 0&#8243; item_padding_600_768=\u00bb0 0 22px 0&#8243; item_padding_480_600=\u00bb0 0 22px 0&#8243; item_padding_480=\u00bb0 0 22px 0&#8243;][vc_column_text css=\u00bb\u00bb el_class=\u00bbhomebutcta2&#8243;]<a href=\"\/es\/cita\/\"><img decoding=\"async\" src=\"\/wp-content\/uploads\/\/2021\/12\/arro1.svg\" \/>Concertar cita previa<\/a>[\/vc_column_text][\/qode_elements_holder_item][qode_elements_holder_item vertical_alignment=\u00bbmiddle\u00bb advanced_animations=\u00bbno\u00bb custom_class=\u00bbhomectabutright\u00bb]<a  itemprop=\"url\" href=\"\/es\/especialidades-medicas\/\" target=\"_self\" data-hover-background-color='rgba(255,255,255,0.4)' data-hover-color='#ffffff' class=\"qbutton  default homectabut1\" style=\"color: #ffffff; background-color: rgba(255,255,255,0.2);\">Ver todas las especialidades<\/a>[\/qode_elements_holder_item][\/qode_elements_holder][\/vc_column][\/vc_row]\n<\/div>","protected":false},"excerpt":{"rendered":"<p>[vc_row css_animation=\u00bb\u00bb row_type=\u00bbrow\u00bb use_row_as_full_screen_section=\u00bbno\u00bb type=\u00bbgrid\u00bb angled_section=\u00bbno\u00bb text_align=\u00bbleft\u00bb background_image_as_pattern=\u00bbwithout_pattern\u00bb z_index=\u00bb\u00bb el_class=\u00bbpagespecontainer nosaltrespage1&#8243;][vc_column][vc_row_inner row_type=\u00bbrow\u00bb type=\u00bbfull_width\u00bb text_align=\u00bbleft\u00bb css_animation=\u00bb\u00bb el_class=\u00bbpagespecontent\u00bb][vc_column_inner el_class=\u00bbespemidcol1 espemidcol1dent\u00bb width=\u00bb1\/2&#8243;][vc_column_text el_class=\u00bbespesubtit1&#8243;]En Centro M\u00e9dico N\u00e1yade contamos con m\u00e1s de 20 especialidades m\u00e9dicas, cl\u00ednica dental y cl\u00ednica de medicina est\u00e9tica.[\/vc_column_text][vc_column_text el_class=\u00bbnosaltresh2&#8243;]Todo ello apoyado con un equipo de \u00a0doctores&#8230;<\/p>\n","protected":false},"author":1,"featured_media":595,"parent":0,"menu_order":55,"comment_status":"closed","ping_status":"closed","template":"full_width.php","meta":{"_acf_changed":false,"inline_featured_image":false,"footnotes":""},"acf":[],"yoast_head":"<!-- This site is optimized with the Yoast SEO plugin v23.1 - https:\/\/yoast.com\/wordpress\/plugins\/seo\/ -->\n<title>Nosotros &#8211; Centro m\u00e9dico N\u00e1yade<\/title>\n<meta name=\"description\" content=\"Centro m\u00e9dico de especialidades en Terrassa. Centro m\u00e9dico N\u00e1yade: m\u00e1s de 20 especialidades m\u00e9dicas, cl\u00ednica dental, cl\u00ednica medicina est\u00e9tica.\" \/>\n<meta name=\"robots\" content=\"index, follow, max-snippet:-1, max-image-preview:large, max-video-preview:-1\" \/>\n<link rel=\"canonical\" href=\"https:\/\/centromediconayade.com\/es\/centro-medico-especialidades-terrassa\/\" \/>\n<meta property=\"og:locale\" content=\"es_ES\" \/>\n<meta property=\"og:type\" content=\"article\" \/>\n<meta property=\"og:title\" content=\"Nosotros &#8211; Centro m\u00e9dico N\u00e1yade\" \/>\n<meta property=\"og:description\" content=\"Centro m\u00e9dico de especialidades en Terrassa. Centro m\u00e9dico N\u00e1yade: m\u00e1s de 20 especialidades m\u00e9dicas, cl\u00ednica dental, cl\u00ednica medicina est\u00e9tica.\" \/>\n<meta property=\"og:url\" content=\"https:\/\/centromediconayade.com\/es\/centro-medico-especialidades-terrassa\/\" \/>\n<meta property=\"og:site_name\" content=\"Centro m\u00e9dico N\u00e1yade\" \/>\n<meta property=\"article:modified_time\" content=\"2024-06-07T08:03:06+00:00\" \/>\n<meta property=\"og:image\" content=\"https:\/\/centromediconayade.com\/wp-content\/uploads\/2021\/12\/centre-medic-especialitats-terrassa-nayade-no1.jpg\" \/>\n\t<meta property=\"og:image:width\" content=\"1200\" \/>\n\t<meta property=\"og:image:height\" content=\"800\" \/>\n\t<meta property=\"og:image:type\" content=\"image\/jpeg\" \/>\n<meta name=\"twitter:card\" content=\"summary_large_image\" \/>\n<meta name=\"twitter:label1\" content=\"Tiempo de lectura\" \/>\n\t<meta name=\"twitter:data1\" content=\"4 minutos\" \/>\n<script type=\"application\/ld+json\" class=\"yoast-schema-graph\">{\"@context\":\"https:\/\/schema.org\",\"@graph\":[{\"@type\":\"WebPage\",\"@id\":\"https:\/\/centromediconayade.com\/es\/centro-medico-especialidades-terrassa\/\",\"url\":\"https:\/\/centromediconayade.com\/es\/centro-medico-especialidades-terrassa\/\",\"name\":\"Nosotros &#8211; Centro m\u00e9dico N\u00e1yade\",\"isPartOf\":{\"@id\":\"https:\/\/centromediconayade.com\/es\/#website\"},\"primaryImageOfPage\":{\"@id\":\"https:\/\/centromediconayade.com\/es\/centro-medico-especialidades-terrassa\/#primaryimage\"},\"image\":{\"@id\":\"https:\/\/centromediconayade.com\/es\/centro-medico-especialidades-terrassa\/#primaryimage\"},\"thumbnailUrl\":\"https:\/\/centromediconayade.com\/wp-content\/uploads\/2021\/12\/centre-medic-especialitats-terrassa-nayade-no1.jpg\",\"datePublished\":\"2021-12-23T13:49:19+00:00\",\"dateModified\":\"2024-06-07T08:03:06+00:00\",\"description\":\"Centro m\u00e9dico de especialidades en Terrassa. Centro m\u00e9dico N\u00e1yade: m\u00e1s de 20 especialidades m\u00e9dicas, cl\u00ednica dental, cl\u00ednica medicina est\u00e9tica.\",\"breadcrumb\":{\"@id\":\"https:\/\/centromediconayade.com\/es\/centro-medico-especialidades-terrassa\/#breadcrumb\"},\"inLanguage\":\"es\",\"potentialAction\":[{\"@type\":\"ReadAction\",\"target\":[\"https:\/\/centromediconayade.com\/es\/centro-medico-especialidades-terrassa\/\"]}]},{\"@type\":\"ImageObject\",\"inLanguage\":\"es\",\"@id\":\"https:\/\/centromediconayade.com\/es\/centro-medico-especialidades-terrassa\/#primaryimage\",\"url\":\"https:\/\/centromediconayade.com\/wp-content\/uploads\/2021\/12\/centre-medic-especialitats-terrassa-nayade-no1.jpg\",\"contentUrl\":\"https:\/\/centromediconayade.com\/wp-content\/uploads\/2021\/12\/centre-medic-especialitats-terrassa-nayade-no1.jpg\",\"width\":1200,\"height\":800,\"caption\":\"Centre m\u00e8dic d'especialitats N\u00e1yade a Terrassa\"},{\"@type\":\"BreadcrumbList\",\"@id\":\"https:\/\/centromediconayade.com\/es\/centro-medico-especialidades-terrassa\/#breadcrumb\",\"itemListElement\":[{\"@type\":\"ListItem\",\"position\":1,\"name\":\"Inicio\",\"item\":\"https:\/\/centromediconayade.com\/es\/\"},{\"@type\":\"ListItem\",\"position\":2,\"name\":\"Nosotros\"}]},{\"@type\":\"WebSite\",\"@id\":\"https:\/\/centromediconayade.com\/es\/#website\",\"url\":\"https:\/\/centromediconayade.com\/es\/\",\"name\":\"Centro m\u00e9dico N\u00e1yade\",\"description\":\"\",\"publisher\":{\"@id\":\"https:\/\/centromediconayade.com\/es\/#organization\"},\"potentialAction\":[{\"@type\":\"SearchAction\",\"target\":{\"@type\":\"EntryPoint\",\"urlTemplate\":\"https:\/\/centromediconayade.com\/es\/?s={search_term_string}\"},\"query-input\":\"required name=search_term_string\"}],\"inLanguage\":\"es\"},{\"@type\":\"Organization\",\"@id\":\"https:\/\/centromediconayade.com\/es\/#organization\",\"name\":\"Centro m\u00e9dico N\u00e1yade\",\"url\":\"https:\/\/centromediconayade.com\/es\/\",\"logo\":{\"@type\":\"ImageObject\",\"inLanguage\":\"es\",\"@id\":\"https:\/\/centromediconayade.com\/es\/#\/schema\/logo\/image\/\",\"url\":\"http:\/\/s1003288360.mialojamiento.es\/wp-content\/uploads\/2021\/12\/centre-medic-nayade-tl1.png\",\"contentUrl\":\"http:\/\/s1003288360.mialojamiento.es\/wp-content\/uploads\/2021\/12\/centre-medic-nayade-tl1.png\",\"width\":360,\"height\":108,\"caption\":\"Centro m\u00e9dico N\u00e1yade\"},\"image\":{\"@id\":\"https:\/\/centromediconayade.com\/es\/#\/schema\/logo\/image\/\"}}]}<\/script>\n<!-- \/ Yoast SEO plugin. -->","yoast_head_json":{"title":"Nosotros &#8211; Centro m\u00e9dico N\u00e1yade","description":"Centro m\u00e9dico de especialidades en Terrassa. Centro m\u00e9dico N\u00e1yade: m\u00e1s de 20 especialidades m\u00e9dicas, cl\u00ednica dental, cl\u00ednica medicina est\u00e9tica.","robots":{"index":"index","follow":"follow","max-snippet":"max-snippet:-1","max-image-preview":"max-image-preview:large","max-video-preview":"max-video-preview:-1"},"canonical":"https:\/\/centromediconayade.com\/es\/centro-medico-especialidades-terrassa\/","og_locale":"es_ES","og_type":"article","og_title":"Nosotros &#8211; Centro m\u00e9dico N\u00e1yade","og_description":"Centro m\u00e9dico de especialidades en Terrassa. Centro m\u00e9dico N\u00e1yade: m\u00e1s de 20 especialidades m\u00e9dicas, cl\u00ednica dental, cl\u00ednica medicina est\u00e9tica.","og_url":"https:\/\/centromediconayade.com\/es\/centro-medico-especialidades-terrassa\/","og_site_name":"Centro m\u00e9dico N\u00e1yade","article_modified_time":"2024-06-07T08:03:06+00:00","og_image":[{"width":1200,"height":800,"url":"https:\/\/centromediconayade.com\/wp-content\/uploads\/2021\/12\/centre-medic-especialitats-terrassa-nayade-no1.jpg","type":"image\/jpeg"}],"twitter_card":"summary_large_image","twitter_misc":{"Tiempo de lectura":"4 minutos"},"schema":{"@context":"https:\/\/schema.org","@graph":[{"@type":"WebPage","@id":"https:\/\/centromediconayade.com\/es\/centro-medico-especialidades-terrassa\/","url":"https:\/\/centromediconayade.com\/es\/centro-medico-especialidades-terrassa\/","name":"Nosotros &#8211; Centro m\u00e9dico N\u00e1yade","isPartOf":{"@id":"https:\/\/centromediconayade.com\/es\/#website"},"primaryImageOfPage":{"@id":"https:\/\/centromediconayade.com\/es\/centro-medico-especialidades-terrassa\/#primaryimage"},"image":{"@id":"https:\/\/centromediconayade.com\/es\/centro-medico-especialidades-terrassa\/#primaryimage"},"thumbnailUrl":"https:\/\/centromediconayade.com\/wp-content\/uploads\/2021\/12\/centre-medic-especialitats-terrassa-nayade-no1.jpg","datePublished":"2021-12-23T13:49:19+00:00","dateModified":"2024-06-07T08:03:06+00:00","description":"Centro m\u00e9dico de especialidades en Terrassa. Centro m\u00e9dico N\u00e1yade: m\u00e1s de 20 especialidades m\u00e9dicas, cl\u00ednica dental, cl\u00ednica medicina est\u00e9tica.","breadcrumb":{"@id":"https:\/\/centromediconayade.com\/es\/centro-medico-especialidades-terrassa\/#breadcrumb"},"inLanguage":"es","potentialAction":[{"@type":"ReadAction","target":["https:\/\/centromediconayade.com\/es\/centro-medico-especialidades-terrassa\/"]}]},{"@type":"ImageObject","inLanguage":"es","@id":"https:\/\/centromediconayade.com\/es\/centro-medico-especialidades-terrassa\/#primaryimage","url":"https:\/\/centromediconayade.com\/wp-content\/uploads\/2021\/12\/centre-medic-especialitats-terrassa-nayade-no1.jpg","contentUrl":"https:\/\/centromediconayade.com\/wp-content\/uploads\/2021\/12\/centre-medic-especialitats-terrassa-nayade-no1.jpg","width":1200,"height":800,"caption":"Centre m\u00e8dic d'especialitats N\u00e1yade a Terrassa"},{"@type":"BreadcrumbList","@id":"https:\/\/centromediconayade.com\/es\/centro-medico-especialidades-terrassa\/#breadcrumb","itemListElement":[{"@type":"ListItem","position":1,"name":"Inicio","item":"https:\/\/centromediconayade.com\/es\/"},{"@type":"ListItem","position":2,"name":"Nosotros"}]},{"@type":"WebSite","@id":"https:\/\/centromediconayade.com\/es\/#website","url":"https:\/\/centromediconayade.com\/es\/","name":"Centro m\u00e9dico N\u00e1yade","description":"","publisher":{"@id":"https:\/\/centromediconayade.com\/es\/#organization"},"potentialAction":[{"@type":"SearchAction","target":{"@type":"EntryPoint","urlTemplate":"https:\/\/centromediconayade.com\/es\/?s={search_term_string}"},"query-input":"required name=search_term_string"}],"inLanguage":"es"},{"@type":"Organization","@id":"https:\/\/centromediconayade.com\/es\/#organization","name":"Centro m\u00e9dico N\u00e1yade","url":"https:\/\/centromediconayade.com\/es\/","logo":{"@type":"ImageObject","inLanguage":"es","@id":"https:\/\/centromediconayade.com\/es\/#\/schema\/logo\/image\/","url":"http:\/\/s1003288360.mialojamiento.es\/wp-content\/uploads\/2021\/12\/centre-medic-nayade-tl1.png","contentUrl":"http:\/\/s1003288360.mialojamiento.es\/wp-content\/uploads\/2021\/12\/centre-medic-nayade-tl1.png","width":360,"height":108,"caption":"Centro m\u00e9dico N\u00e1yade"},"image":{"@id":"https:\/\/centromediconayade.com\/es\/#\/schema\/logo\/image\/"}}]}},"_links":{"self":[{"href":"https:\/\/centromediconayade.com\/es\/wp-json\/wp\/v2\/pages\/590"}],"collection":[{"href":"https:\/\/centromediconayade.com\/es\/wp-json\/wp\/v2\/pages"}],"about":[{"href":"https:\/\/centromediconayade.com\/es\/wp-json\/wp\/v2\/types\/page"}],"author":[{"embeddable":true,"href":"https:\/\/centromediconayade.com\/es\/wp-json\/wp\/v2\/users\/1"}],"replies":[{"embeddable":true,"href":"https:\/\/centromediconayade.com\/es\/wp-json\/wp\/v2\/comments?post=590"}],"version-history":[{"count":5,"href":"https:\/\/centromediconayade.com\/es\/wp-json\/wp\/v2\/pages\/590\/revisions"}],"predecessor-version":[{"id":2224,"href":"https:\/\/centromediconayade.com\/es\/wp-json\/wp\/v2\/pages\/590\/revisions\/2224"}],"wp:featuredmedia":[{"embeddable":true,"href":"https:\/\/centromediconayade.com\/es\/wp-json\/wp\/v2\/media\/595"}],"wp:attachment":[{"href":"https:\/\/centromediconayade.com\/es\/wp-json\/wp\/v2\/media?parent=590"}],"curies":[{"name":"wp","href":"https:\/\/api.w.org\/{rel}","templated":true}]}}