{"id":651,"date":"2016-09-05T07:50:01","date_gmt":"2016-09-05T07:50:01","guid":{"rendered":"https:\/\/nayade.publitesa.es\/home\/"},"modified":"2024-06-07T09:35:57","modified_gmt":"2024-06-07T07:35:57","slug":"home","status":"publish","type":"page","link":"https:\/\/centromediconayade.com\/es\/","title":{"rendered":"Home"},"content":{"rendered":"<div class=\"wpb-content-wrapper\">[vc_row css_animation=\u00bb\u00bb row_type=\u00bbrow\u00bb use_row_as_full_screen_section=\u00bbno\u00bb type=\u00bbgrid\u00bb angled_section=\u00bbno\u00bb text_align=\u00bbcenter\u00bb background_image_as_pattern=\u00bbwithout_pattern\u00bb css=\u00bb.vc_custom_1649150228504{padding-top: 60px !important;padding-bottom: 40px !important;background-color: #ffffff !important;background-position: center !important;background-repeat: no-repeat !important;background-size: cover !important;}\u00bb z_index=\u00bb\u00bb el_class=\u00bbhomebotigarow\u00bb][vc_column][vc_column_text el_class=\u00bbhomeh1tit\u00bb]\n<h1>Centro de especialidades m\u00e9dicas y dentales<\/h1>\n[\/vc_column_text][\/vc_column][\/vc_row][vc_row css_animation=\u00bb\u00bb row_type=\u00bbrow\u00bb use_row_as_full_screen_section=\u00bbno\u00bb type=\u00bbgrid\u00bb angled_section=\u00bbno\u00bb text_align=\u00bbleft\u00bb background_image_as_pattern=\u00bbwithout_pattern\u00bb css=\u00bb.vc_custom_1638439213210{padding-top: 100px !important;padding-bottom: 31px !important;}\u00bb el_class=\u00bbhomebanners1&#8243; z_index=\u00bb\u00bb][vc_column width=\u00bb1\/3&#8243; offset=\u00bbvc_col-lg-4 vc_col-md-4&#8243;][vc_single_image image=\u00bb321&#8243; img_size=\u00bbfull\u00bb onclick=\u00bbcustom_link\u00bb css=\u00bb\u00bb qode_css_animation=\u00bb\u00bb qode_hover_animation=\u00bbdarken\u00bb link=\u00bb\/es\/especialidades-medicas\/\u00bb][vc_empty_space][vc_column_text css=\u00bb\u00bb]\n<h2><a title=\"Especialidades m\u00e9dicas en Terrassa\" href=\"\/es\/especialidades-medicas\/\">Especialidades m\u00e9dicas<\/a><\/h2>\n[\/vc_column_text][vc_empty_space height=\u00bb18px\u00bb][vc_column_text]Conoce todas nuestras especialidades m\u00e9dicas adultas y pedi\u00e1tricas. Contamos con m\u00e1s de 20 especialidades m\u00e9dicas para cuidar de ti y tu familia.[\/vc_column_text][vc_empty_space height=\u00bb60px\u00bb][\/vc_column][vc_column width=\u00bb1\/3&#8243; offset=\u00bbvc_col-lg-4 vc_col-md-4&#8243;][vc_single_image image=\u00bb324&#8243; img_size=\u00bbfull\u00bb onclick=\u00bbcustom_link\u00bb css=\u00bb\u00bb qode_css_animation=\u00bb\u00bb qode_hover_animation=\u00bbdarken\u00bb link=\u00bb\/es\/medicina-estetica\/\u00bb][vc_empty_space][vc_column_text css=\u00bb\u00bb]\n<h2><a title=\"Medicina est\u00e9tica en Terrassa\" href=\"\/es\/medicina-estetica\/\">Medicina est\u00e9tica<\/a><\/h2>\n[\/vc_column_text][vc_empty_space height=\u00bb18px\u00bb][vc_column_text]Los tratamientos m\u00e1s innovadores y la \u00faltima tecnolog\u00eda en medicina est\u00e9tica para conseguir resultados naturales.[\/vc_column_text][vc_empty_space height=\u00bb60px\u00bb][\/vc_column][vc_column width=\u00bb1\/3&#8243; offset=\u00bbvc_col-lg-4 vc_col-md-4&#8243;][vc_single_image image=\u00bb326&#8243; img_size=\u00bbfull\u00bb onclick=\u00bbcustom_link\u00bb css=\u00bb\u00bb qode_css_animation=\u00bb\u00bb qode_hover_animation=\u00bbdarken\u00bb link=\u00bb\/es\/clinica-dental-terrassa\/\u00bb][vc_empty_space][vc_column_text css=\u00bb\u00bb]\n<h2><a title=\"Cl\u00ednica dental en Terrassa\" href=\"\/es\/clinica-dental-terrassa\/\">Cl\u00ednica dental<\/a><\/h2>\n[\/vc_column_text][vc_empty_space height=\u00bb18px\u00bb][vc_column_text]Cuidamos tu sonrisa. Hasta 12 especialidades odontol\u00f3gicas para adultos y ni\u00f1os.[\/vc_column_text][vc_empty_space height=\u00bb60px\u00bb][\/vc_column][\/vc_row][vc_row css_animation=\u00bb\u00bb row_type=\u00bbrow\u00bb use_row_as_full_screen_section=\u00bbno\u00bb type=\u00bbgrid\u00bb angled_section=\u00bbno\u00bb text_align=\u00bbleft\u00bb background_image_as_pattern=\u00bbwithout_pattern\u00bb css=\u00bb.vc_custom_1649333327002{padding-top: 70px !important;padding-bottom: 40px !important;background-color: #d9f3fa !important;}\u00bb z_index=\u00bb\u00bb el_class=\u00bbhomeicons1mob\u00bb][vc_column offset=\u00bbvc_col-lg-4 vc_col-md-4&#8243;][vc_single_image image=\u00bb331&#8243; img_size=\u00bb80&#215;80&#8243; qode_css_animation=\u00bb\u00bb el_class=\u00bbhomeiconsinline1&#8243;][vc_column_text el_class=\u00bbhomeiconsinline2&#8243;]\n<h5>Innovaci\u00f3n<\/h5>\n[\/vc_column_text][vc_column_text el_class=\u00bbhomeiconsinline2&#8243;]Innovamos para mejorar tu salud con tecnolog\u00eda de vanguardia.[\/vc_column_text][\/vc_column][vc_column offset=\u00bbvc_col-lg-4 vc_col-md-4&#8243;][vc_single_image image=\u00bb333&#8243; img_size=\u00bb80&#215;80&#8243; qode_css_animation=\u00bb\u00bb el_class=\u00bbhomeiconsinline1&#8243;][vc_column_text el_class=\u00bbhomeiconsinline2&#8243;]\n<h5>Atenci\u00f3n personalizada<\/h5>\n[\/vc_column_text][vc_column_text el_class=\u00bbhomeiconsinline2&#8243;]Adaptamos los tratamientos de las diferentes especialidades m\u00e9dicas a tus necesidades.[\/vc_column_text][\/vc_column][vc_column offset=\u00bbvc_col-lg-4 vc_col-md-4&#8243;][vc_single_image image=\u00bb335&#8243; img_size=\u00bb80&#215;80&#8243; qode_css_animation=\u00bb\u00bb el_class=\u00bbhomeiconsinline1&#8243;][vc_column_text el_class=\u00bbhomeiconsinline2&#8243;]\n<h5>Trato familiar<\/h5>\n[\/vc_column_text][vc_column_text el_class=\u00bbhomeiconsinline2&#8243;]Te escuchamos y te aconsejamos de forma cercana, clara y en base a la confianza.[\/vc_column_text][\/vc_column][\/vc_row][vc_row css_animation=\u00bb\u00bb row_type=\u00bbrow\u00bb use_row_as_full_screen_section=\u00bbno\u00bb type=\u00bbgrid\u00bb angled_section=\u00bbno\u00bb text_align=\u00bbleft\u00bb background_image_as_pattern=\u00bbwithout_pattern\u00bb css=\u00bb.vc_custom_1649333143428{padding-bottom: 70px !important;background-color: #d9f3fa !important;}\u00bb z_index=\u00bb\u00bb el_class=\u00bbhomeicons1mob\u00bb][vc_column offset=\u00bbvc_col-lg-4 vc_col-md-4&#8243;][vc_single_image image=\u00bb337&#8243; img_size=\u00bb80&#215;80&#8243; qode_css_animation=\u00bb\u00bb el_class=\u00bbhomeiconsinline1&#8243;][vc_column_text el_class=\u00bbhomeiconsinline2&#8243;]\n<h5>Profesionalidad<\/h5>\n[\/vc_column_text][vc_column_text el_class=\u00bbhomeiconsinline2&#8243;]Equipo de profesionales con una larga experiencia m\u00e9dica y comprometidos con tu salud.[\/vc_column_text][\/vc_column][vc_column offset=\u00bbvc_col-lg-4 vc_col-md-4&#8243;][vc_single_image image=\u00bb341&#8243; img_size=\u00bb80&#215;80&#8243; qode_css_animation=\u00bb\u00bb el_class=\u00bbhomeiconsinline1&#8243;][vc_column_text el_class=\u00bbhomeiconsinline2&#8243;]\n<h5>Eficacia<\/h5>\n[\/vc_column_text][vc_column_text el_class=\u00bbhomeiconsinline2&#8243;]Diagn\u00f3sticos y tratamientos con la \u00faltima tecnolog\u00eda con los que conseguir\u00e1s buenos resultados.[\/vc_column_text][\/vc_column][vc_column offset=\u00bbvc_col-lg-4 vc_col-md-4&#8243;][vc_single_image image=\u00bb339&#8243; img_size=\u00bb80&#215;80&#8243; qode_css_animation=\u00bb\u00bb el_class=\u00bbhomeiconsinline1&#8243;][vc_column_text el_class=\u00bbhomeiconsinline2&#8243;]\n<h5>Excelencia<\/h5>\n[\/vc_column_text][vc_column_text el_class=\u00bbhomeiconsinline2&#8243;]Aplicamos las \u00faltimas t\u00e9cnicas m\u00e9dicas y avances para cuidar de tu salud.[\/vc_column_text][\/vc_column][\/vc_row][vc_row css_animation=\u00bb\u00bb row_type=\u00bbrow\u00bb use_row_as_full_screen_section=\u00bbno\u00bb type=\u00bbgrid\u00bb angled_section=\u00bbno\u00bb text_align=\u00bbleft\u00bb background_image_as_pattern=\u00bbwithout_pattern\u00bb css=\u00bb.vc_custom_1638443801131{padding-top: 0px !important;padding-bottom: 0px !important;background-color: #ffffff !important;background-position: center !important;background-repeat: no-repeat !important;background-size: cover !important;}\u00bb z_index=\u00bb\u00bb el_class=\u00bbhomectabut0&#8243;][vc_column][vc_empty_space height=\u00bb60px\u00bb][\/vc_column][\/vc_row][vc_row css_animation=\u00bb\u00bb row_type=\u00bbrow\u00bb use_row_as_full_screen_section=\u00bbno\u00bb type=\u00bbgrid\u00bb angled_section=\u00bbno\u00bb text_align=\u00bbleft\u00bb background_image_as_pattern=\u00bbwithout_pattern\u00bb css=\u00bb.vc_custom_1638440759094{padding-top: 44px !important;padding-bottom: 44px !important;background-color: #00addb !important;background-position: center !important;background-repeat: no-repeat !important;background-size: cover !important;}\u00bb z_index=\u00bb\u00bb el_class=\u00bbhomectabut0&#8243;][vc_column][qode_elements_holder number_of_columns=\u00bbtwo_columns\u00bb columns_proportion=\u00bb66_33&#8243; alignment_one_column=\u00bbcenter\u00bb][qode_elements_holder_item vertical_alignment=\u00bbmiddle\u00bb advanced_animations=\u00bbno\u00bb item_padding=\u00bb0 35px 0 0&#8243; item_padding_600_768=\u00bb0 0 22px 0&#8243; item_padding_480_600=\u00bb0 0 22px 0&#8243; item_padding_480=\u00bb0 0 22px 0&#8243;][vc_column_text css=\u00bb\u00bb el_class=\u00bbhomebutcta2&#8243;]<a href=\"\/es\/?page_id=573\"><img loading=\"lazy\" decoding=\"async\" src=\"\/wp-content\/uploads\/2021\/12\/arro1.svg\" alt=\"Concertar cita previa\" width=\"90\" height=\"90\" \/>Concertar cita previa<\/a>[\/vc_column_text][\/qode_elements_holder_item][qode_elements_holder_item vertical_alignment=\u00bbmiddle\u00bb advanced_animations=\u00bbno\u00bb custom_class=\u00bbhomectabutright\u00bb]<a  itemprop=\"url\" href=\"\/es\/especialidades-medicas\/\" target=\"_self\" data-hover-background-color='rgba(255,255,255,0.4)' data-hover-color='#ffffff' class=\"qbutton  default homectabut1\" style=\"color: #ffffff; background-color: rgba(255,255,255,0.2);\">Ver todas las especialidades<\/a>[\/qode_elements_holder_item][\/qode_elements_holder][\/vc_column][\/vc_row][vc_row css_animation=\u00bb\u00bb row_type=\u00bbrow\u00bb use_row_as_full_screen_section=\u00bbno\u00bb type=\u00bbfull_width\u00bb angled_section=\u00bbno\u00bb text_align=\u00bbcenter\u00bb background_image_as_pattern=\u00bbwithout_pattern\u00bb z_index=\u00bb\u00bb el_class=\u00bbhometreballa0&#8243; css=\u00bb.vc_custom_1638445757674{background-color: #b2e6f4 !important;}\u00bb][vc_column width=\u00bb1\/3&#8243; offset=\u00bbvc_col-lg-4 vc_col-md-4&#8243; css=\u00bb.vc_custom_1639139419353{padding-top: 20px !important;padding-bottom: 20px !important;background-color: #cceff8 !important;}\u00bb el_class=\u00bbhometreballa1&#8243;][vc_column_text]\u00a0[\/vc_column_text][\/vc_column][vc_column width=\u00bb1\/3&#8243; offset=\u00bbvc_col-lg-4 vc_col-md-4&#8243; css=\u00bb.vc_custom_1639139639704{padding-top: 20px !important;padding-bottom: 20px !important;background-color: #b2e6f4 !important;}\u00bb el_class=\u00bbhometreballa1 hometreballa1midmob\u00bb][vc_column_text]Trabajamos con todos los seguros m\u00e9dicos[\/vc_column_text][\/vc_column][vc_column width=\u00bb1\/3&#8243; offset=\u00bbvc_col-lg-4 vc_col-md-4&#8243; css=\u00bb.vc_custom_1639139440550{padding-top: 20px !important;padding-bottom: 20px !important;background-color: #66cee9 !important;}\u00bb el_class=\u00bbhometreballa1&#8243;][vc_column_text]\u00a0[\/vc_column_text][\/vc_column][\/vc_row]\n<\/div>","protected":false},"excerpt":{"rendered":"<p>[vc_row css_animation=\u00bb\u00bb row_type=\u00bbrow\u00bb use_row_as_full_screen_section=\u00bbno\u00bb type=\u00bbgrid\u00bb angled_section=\u00bbno\u00bb text_align=\u00bbcenter\u00bb background_image_as_pattern=\u00bbwithout_pattern\u00bb css=\u00bb.vc_custom_1649150228504{padding-top: 60px !important;padding-bottom: 40px !important;background-color: #ffffff !important;background-position: center !important;background-repeat: no-repeat !important;background-size: cover !important;}\u00bb z_index=\u00bb\u00bb el_class=\u00bbhomebotigarow\u00bb][vc_column][vc_column_text el_class=\u00bbhomeh1tit\u00bb] Centro de especialidades m\u00e9dicas y dentales [\/vc_column_text][\/vc_column][\/vc_row][vc_row css_animation=\u00bb\u00bb row_type=\u00bbrow\u00bb use_row_as_full_screen_section=\u00bbno\u00bb type=\u00bbgrid\u00bb angled_section=\u00bbno\u00bb text_align=\u00bbleft\u00bb background_image_as_pattern=\u00bbwithout_pattern\u00bb css=\u00bb.vc_custom_1638439213210{padding-top: 100px !important;padding-bottom: 31px !important;}\u00bb el_class=\u00bbhomebanners1&#8243; z_index=\u00bb\u00bb][vc_column&#8230;<\/p>\n","protected":false},"author":1,"featured_media":527,"parent":0,"menu_order":68,"comment_status":"closed","ping_status":"closed","template":"full_width.php","meta":{"_acf_changed":false,"inline_featured_image":false,"footnotes":""},"acf":[],"yoast_head":"<!-- This site is optimized with the Yoast SEO plugin v23.1 - https:\/\/yoast.com\/wordpress\/plugins\/seo\/ -->\n<title>Centro de especialidades m\u00e9dicas y dentales N\u00e1yade<\/title>\n<meta name=\"description\" content=\"\u2705 Centro de especialidades m\u00e9dicas y dentales N\u00e1yade en Terrassa. M\u00e1s de 20 especialidades m\u00e9dicas. Doctores y profesionales con una larga experiencia.\" \/>\n<meta name=\"robots\" content=\"index, follow, max-snippet:-1, max-image-preview:large, max-video-preview:-1\" \/>\n<link rel=\"canonical\" href=\"https:\/\/centromediconayade.com\/es\/\" \/>\n<meta property=\"og:locale\" content=\"es_ES\" \/>\n<meta property=\"og:type\" content=\"article\" \/>\n<meta property=\"og:title\" content=\"Centro de especialidades m\u00e9dicas y dentales N\u00e1yade\" \/>\n<meta property=\"og:description\" content=\"\u2705 Centro de especialidades m\u00e9dicas y dentales N\u00e1yade en Terrassa. M\u00e1s de 20 especialidades m\u00e9dicas. Doctores y profesionales con una larga experiencia.\" \/>\n<meta property=\"og:url\" content=\"https:\/\/centromediconayade.com\/es\/\" \/>\n<meta property=\"og:site_name\" content=\"Centro m\u00e9dico N\u00e1yade\" \/>\n<meta property=\"article:modified_time\" content=\"2024-06-07T07:35:57+00:00\" \/>\n<meta property=\"og:image\" content=\"https:\/\/centromediconayade.com\/wp-content\/uploads\/2021\/12\/clinica-dental-terrassa-nayade-cd2.jpg\" \/>\n\t<meta property=\"og:image:width\" content=\"1200\" \/>\n\t<meta property=\"og:image:height\" content=\"800\" \/>\n\t<meta property=\"og:image:type\" content=\"image\/jpeg\" \/>\n<meta name=\"twitter:card\" content=\"summary_large_image\" \/>\n<meta name=\"twitter:label1\" content=\"Tiempo de lectura\" \/>\n\t<meta name=\"twitter:data1\" content=\"3 minutos\" \/>\n<script type=\"application\/ld+json\" class=\"yoast-schema-graph\">{\"@context\":\"https:\/\/schema.org\",\"@graph\":[{\"@type\":\"WebPage\",\"@id\":\"https:\/\/centromediconayade.com\/es\/\",\"url\":\"https:\/\/centromediconayade.com\/es\/\",\"name\":\"Centro de especialidades m\u00e9dicas y dentales N\u00e1yade\",\"isPartOf\":{\"@id\":\"https:\/\/centromediconayade.com\/es\/#website\"},\"primaryImageOfPage\":{\"@id\":\"https:\/\/centromediconayade.com\/es\/#primaryimage\"},\"image\":{\"@id\":\"https:\/\/centromediconayade.com\/es\/#primaryimage\"},\"thumbnailUrl\":\"https:\/\/centromediconayade.com\/wp-content\/uploads\/2021\/12\/clinica-dental-terrassa-nayade-cd2.jpg\",\"datePublished\":\"2016-09-05T07:50:01+00:00\",\"dateModified\":\"2024-06-07T07:35:57+00:00\",\"description\":\"\u2705 Centro de especialidades m\u00e9dicas y dentales N\u00e1yade en Terrassa. M\u00e1s de 20 especialidades m\u00e9dicas. Doctores y profesionales con una larga experiencia.\",\"breadcrumb\":{\"@id\":\"https:\/\/centromediconayade.com\/es\/#breadcrumb\"},\"inLanguage\":\"es\",\"potentialAction\":[{\"@type\":\"ReadAction\",\"target\":[\"https:\/\/centromediconayade.com\/es\/\"]}]},{\"@type\":\"ImageObject\",\"inLanguage\":\"es\",\"@id\":\"https:\/\/centromediconayade.com\/es\/#primaryimage\",\"url\":\"https:\/\/centromediconayade.com\/wp-content\/uploads\/2021\/12\/clinica-dental-terrassa-nayade-cd2.jpg\",\"contentUrl\":\"https:\/\/centromediconayade.com\/wp-content\/uploads\/2021\/12\/clinica-dental-terrassa-nayade-cd2.jpg\",\"width\":1200,\"height\":800,\"caption\":\"Cl\u00ednica Dental a Terrassa, Centre m\u00e8dic N\u00e1yade\"},{\"@type\":\"BreadcrumbList\",\"@id\":\"https:\/\/centromediconayade.com\/es\/#breadcrumb\",\"itemListElement\":[{\"@type\":\"ListItem\",\"position\":1,\"name\":\"Inicio\",\"item\":\"https:\/\/centromediconayade.com\/es\/\"},{\"@type\":\"ListItem\",\"position\":2,\"name\":\"Home\"}]},{\"@type\":\"WebSite\",\"@id\":\"https:\/\/centromediconayade.com\/es\/#website\",\"url\":\"https:\/\/centromediconayade.com\/es\/\",\"name\":\"Centro m\u00e9dico N\u00e1yade\",\"description\":\"\",\"publisher\":{\"@id\":\"https:\/\/centromediconayade.com\/es\/#organization\"},\"potentialAction\":[{\"@type\":\"SearchAction\",\"target\":{\"@type\":\"EntryPoint\",\"urlTemplate\":\"https:\/\/centromediconayade.com\/es\/?s={search_term_string}\"},\"query-input\":\"required name=search_term_string\"}],\"inLanguage\":\"es\"},{\"@type\":\"Organization\",\"@id\":\"https:\/\/centromediconayade.com\/es\/#organization\",\"name\":\"Centro m\u00e9dico N\u00e1yade\",\"url\":\"https:\/\/centromediconayade.com\/es\/\",\"logo\":{\"@type\":\"ImageObject\",\"inLanguage\":\"es\",\"@id\":\"https:\/\/centromediconayade.com\/es\/#\/schema\/logo\/image\/\",\"url\":\"http:\/\/s1003288360.mialojamiento.es\/wp-content\/uploads\/2021\/12\/centre-medic-nayade-tl1.png\",\"contentUrl\":\"http:\/\/s1003288360.mialojamiento.es\/wp-content\/uploads\/2021\/12\/centre-medic-nayade-tl1.png\",\"width\":360,\"height\":108,\"caption\":\"Centro m\u00e9dico N\u00e1yade\"},\"image\":{\"@id\":\"https:\/\/centromediconayade.com\/es\/#\/schema\/logo\/image\/\"}}]}<\/script>\n<!-- \/ Yoast SEO plugin. -->","yoast_head_json":{"title":"Centro de especialidades m\u00e9dicas y dentales N\u00e1yade","description":"\u2705 Centro de especialidades m\u00e9dicas y dentales N\u00e1yade en Terrassa. M\u00e1s de 20 especialidades m\u00e9dicas. Doctores y profesionales con una larga experiencia.","robots":{"index":"index","follow":"follow","max-snippet":"max-snippet:-1","max-image-preview":"max-image-preview:large","max-video-preview":"max-video-preview:-1"},"canonical":"https:\/\/centromediconayade.com\/es\/","og_locale":"es_ES","og_type":"article","og_title":"Centro de especialidades m\u00e9dicas y dentales N\u00e1yade","og_description":"\u2705 Centro de especialidades m\u00e9dicas y dentales N\u00e1yade en Terrassa. M\u00e1s de 20 especialidades m\u00e9dicas. Doctores y profesionales con una larga experiencia.","og_url":"https:\/\/centromediconayade.com\/es\/","og_site_name":"Centro m\u00e9dico N\u00e1yade","article_modified_time":"2024-06-07T07:35:57+00:00","og_image":[{"width":1200,"height":800,"url":"https:\/\/centromediconayade.com\/wp-content\/uploads\/2021\/12\/clinica-dental-terrassa-nayade-cd2.jpg","type":"image\/jpeg"}],"twitter_card":"summary_large_image","twitter_misc":{"Tiempo de lectura":"3 minutos"},"schema":{"@context":"https:\/\/schema.org","@graph":[{"@type":"WebPage","@id":"https:\/\/centromediconayade.com\/es\/","url":"https:\/\/centromediconayade.com\/es\/","name":"Centro de especialidades m\u00e9dicas y dentales N\u00e1yade","isPartOf":{"@id":"https:\/\/centromediconayade.com\/es\/#website"},"primaryImageOfPage":{"@id":"https:\/\/centromediconayade.com\/es\/#primaryimage"},"image":{"@id":"https:\/\/centromediconayade.com\/es\/#primaryimage"},"thumbnailUrl":"https:\/\/centromediconayade.com\/wp-content\/uploads\/2021\/12\/clinica-dental-terrassa-nayade-cd2.jpg","datePublished":"2016-09-05T07:50:01+00:00","dateModified":"2024-06-07T07:35:57+00:00","description":"\u2705 Centro de especialidades m\u00e9dicas y dentales N\u00e1yade en Terrassa. M\u00e1s de 20 especialidades m\u00e9dicas. Doctores y profesionales con una larga experiencia.","breadcrumb":{"@id":"https:\/\/centromediconayade.com\/es\/#breadcrumb"},"inLanguage":"es","potentialAction":[{"@type":"ReadAction","target":["https:\/\/centromediconayade.com\/es\/"]}]},{"@type":"ImageObject","inLanguage":"es","@id":"https:\/\/centromediconayade.com\/es\/#primaryimage","url":"https:\/\/centromediconayade.com\/wp-content\/uploads\/2021\/12\/clinica-dental-terrassa-nayade-cd2.jpg","contentUrl":"https:\/\/centromediconayade.com\/wp-content\/uploads\/2021\/12\/clinica-dental-terrassa-nayade-cd2.jpg","width":1200,"height":800,"caption":"Cl\u00ednica Dental a Terrassa, Centre m\u00e8dic N\u00e1yade"},{"@type":"BreadcrumbList","@id":"https:\/\/centromediconayade.com\/es\/#breadcrumb","itemListElement":[{"@type":"ListItem","position":1,"name":"Inicio","item":"https:\/\/centromediconayade.com\/es\/"},{"@type":"ListItem","position":2,"name":"Home"}]},{"@type":"WebSite","@id":"https:\/\/centromediconayade.com\/es\/#website","url":"https:\/\/centromediconayade.com\/es\/","name":"Centro m\u00e9dico N\u00e1yade","description":"","publisher":{"@id":"https:\/\/centromediconayade.com\/es\/#organization"},"potentialAction":[{"@type":"SearchAction","target":{"@type":"EntryPoint","urlTemplate":"https:\/\/centromediconayade.com\/es\/?s={search_term_string}"},"query-input":"required name=search_term_string"}],"inLanguage":"es"},{"@type":"Organization","@id":"https:\/\/centromediconayade.com\/es\/#organization","name":"Centro m\u00e9dico N\u00e1yade","url":"https:\/\/centromediconayade.com\/es\/","logo":{"@type":"ImageObject","inLanguage":"es","@id":"https:\/\/centromediconayade.com\/es\/#\/schema\/logo\/image\/","url":"http:\/\/s1003288360.mialojamiento.es\/wp-content\/uploads\/2021\/12\/centre-medic-nayade-tl1.png","contentUrl":"http:\/\/s1003288360.mialojamiento.es\/wp-content\/uploads\/2021\/12\/centre-medic-nayade-tl1.png","width":360,"height":108,"caption":"Centro m\u00e9dico N\u00e1yade"},"image":{"@id":"https:\/\/centromediconayade.com\/es\/#\/schema\/logo\/image\/"}}]}},"_links":{"self":[{"href":"https:\/\/centromediconayade.com\/es\/wp-json\/wp\/v2\/pages\/651"}],"collection":[{"href":"https:\/\/centromediconayade.com\/es\/wp-json\/wp\/v2\/pages"}],"about":[{"href":"https:\/\/centromediconayade.com\/es\/wp-json\/wp\/v2\/types\/page"}],"author":[{"embeddable":true,"href":"https:\/\/centromediconayade.com\/es\/wp-json\/wp\/v2\/users\/1"}],"replies":[{"embeddable":true,"href":"https:\/\/centromediconayade.com\/es\/wp-json\/wp\/v2\/comments?post=651"}],"version-history":[{"count":6,"href":"https:\/\/centromediconayade.com\/es\/wp-json\/wp\/v2\/pages\/651\/revisions"}],"predecessor-version":[{"id":2219,"href":"https:\/\/centromediconayade.com\/es\/wp-json\/wp\/v2\/pages\/651\/revisions\/2219"}],"wp:featuredmedia":[{"embeddable":true,"href":"https:\/\/centromediconayade.com\/es\/wp-json\/wp\/v2\/media\/527"}],"wp:attachment":[{"href":"https:\/\/centromediconayade.com\/es\/wp-json\/wp\/v2\/media?parent=651"}],"curies":[{"name":"wp","href":"https:\/\/api.w.org\/{rel}","templated":true}]}}